{"id":443016,"date":"2026-04-09T07:37:08","date_gmt":"2026-04-09T07:37:08","guid":{"rendered":"https:\/\/stylingagenten.com\/fi\/tuote\/filorga-hyalu-filler-lips-4g\/"},"modified":"2026-04-09T07:48:26","modified_gmt":"2026-04-09T07:48:26","slug":"filorga-hyalu-filler-lips-4g","status":"publish","type":"product","link":"https:\/\/stylingagenten.com\/fi\/tuote\/filorga-hyalu-filler-lips-4g\/","title":{"rendered":"Filorga Hyalu-Filler Lips 4g"},"content":{"rendered":"<p>Filorga Hyalu-Filler Lips \u2013 Koe t\u00e4ytel\u00e4isemm\u00e4t, sile\u00e4mm\u00e4t ja kosteutetummat huulet Hyalu-Filler Lips -tuotteella FILORGAlta. T\u00e4m\u00e4 edistyksellinen huulivoide on saanut inspiraationsa esteettisist\u00e4 injektioista ja yhdist\u00e4\u00e4 kolme tehokasta ainesosaa \u2013 hyaluronihapon, konjakin ja oligopeptidin \u2013 tarjoten v\u00e4lit\u00f6nt\u00e4 volyymia, syv\u00e4kosteutusta ja tarkemman huulten muodon. Koostumus on rikastettu Swertia chirata -uutteella, joka auttaa v\u00e4hent\u00e4m\u00e4\u00e4n juonteiden n\u00e4kyvyytt\u00e4, sheavoilla, joka pehment\u00e4\u00e4, sek\u00e4 mentolilla, joka antaa raikkaan tunteen. Sis\u00e4lt\u00e4\u00e4 my\u00f6s A-vitamiinia, joka tukee ihon uusiutumisprosessia. Sis\u00e4lt\u00e4\u00e4 96 % luonnollista alkuper\u00e4\u00e4 olevia ainesosia. Kliinisesti todistetut tulokset: ensimm\u00e4isen k\u00e4ytt\u00f6kerran j\u00e4lkeen huulet n\u00e4ytt\u00e4v\u00e4t 98 % t\u00e4ytel\u00e4isemmilt\u00e4 ja ovat kolme kertaa kosteutetummat ja kiilt\u00e4v\u00e4mm\u00e4t. Huulten rajat korostuvat ja hienot juonteet silottuvat.* Dermatologisesti testattu ja sopii my\u00f6s herk\u00e4lle iholle.<\/p>\n<p>Volyymia antava huulivoide<br \/>Syv\u00e4kosteutus<br \/>Kiilt\u00e4v\u00e4, ruusun s\u00e4vyinen lopputulos<br \/>Sopii herk\u00e4lle iholle<\/p>\n<p>Konjakki on kasviuute, joka sis\u00e4lt\u00e4\u00e4 runsaasti kosteutta sitovia kuituja ja auttaa luomaan luonnollisesti t\u00e4ytel\u00e4isen vaikutelman. Swertia chirata, ayurvedisesta perinteest\u00e4 per\u00e4isin oleva kasvi, tunnetaan silottavista ominaisuuksistaan, jotka parantavat huulten rakennetta ja v\u00e4hent\u00e4v\u00e4t juonteita.<\/p>\n<p>Kliininen arviointi \u2013 30 naista \u2013 v\u00e4litt\u00f6m\u00e4t tulokset Hyalu-Filler Lips -tuotteen levityksen j\u00e4lkeen.<\/p>\n<p>4 g<\/p>\n","protected":false},"excerpt":{"rendered":"<p>Filorga Hyalu-Filler Lips \u2013 Koe t\u00e4ytel\u00e4isemm\u00e4t, sile\u00e4mm\u00e4t ja kosteutetummat huulet Hyalu-Filler Lips -tuotteella FILORGAlta. T\u00e4m\u00e4 edistyksellinen huulivoide on saanut inspiraationsa esteettisist\u00e4 injektioista ja yhdist\u00e4\u00e4 kolme tehokasta ainesosaa \u2013 hyaluronihapon, konjakin ja oligopeptidin \u2013 tarjoten v\u00e4lit\u00f6nt\u00e4 volyymia, syv\u00e4kosteutusta ja tarkemman huulten muodon. Koostumus on rikastettu Swertia chirata -uutteella, joka auttaa v\u00e4hent\u00e4m\u00e4\u00e4n juonteiden n\u00e4kyvyytt\u00e4, sheavoilla, joka pehment\u00e4\u00e4, [&hellip;]<\/p>\n","protected":false},"featured_media":443013,"comment_status":"open","ping_status":"closed","template":"","meta":{"_trash_the_other_posts":false},"product_brand":[],"product_cat":[580],"product_tag":[],"berocket_brand":[],"class_list":{"0":"post-443016","1":"product","2":"type-product","3":"status-publish","4":"has-post-thumbnail","6":"product_cat-huulirasva","7":"pa_brand-filorga","9":"first","10":"instock","11":"sale","12":"taxable","13":"shipping-taxable","14":"purchasable","15":"product-type-simple"},"_links":{"self":[{"href":"https:\/\/stylingagenten.com\/fi\/wp-json\/wp\/v2\/product\/443016","targetHints":{"allow":["GET"]}}],"collection":[{"href":"https:\/\/stylingagenten.com\/fi\/wp-json\/wp\/v2\/product"}],"about":[{"href":"https:\/\/stylingagenten.com\/fi\/wp-json\/wp\/v2\/types\/product"}],"replies":[{"embeddable":true,"href":"https:\/\/stylingagenten.com\/fi\/wp-json\/wp\/v2\/comments?post=443016"}],"version-history":[{"count":0,"href":"https:\/\/stylingagenten.com\/fi\/wp-json\/wp\/v2\/product\/443016\/revisions"}],"wp:featuredmedia":[{"embeddable":true,"href":"https:\/\/stylingagenten.com\/fi\/wp-json\/wp\/v2\/media\/443013"}],"wp:attachment":[{"href":"https:\/\/stylingagenten.com\/fi\/wp-json\/wp\/v2\/media?parent=443016"}],"wp:term":[{"taxonomy":"product_brand","embeddable":true,"href":"https:\/\/stylingagenten.com\/fi\/wp-json\/wp\/v2\/product_brand?post=443016"},{"taxonomy":"product_cat","embeddable":true,"href":"https:\/\/stylingagenten.com\/fi\/wp-json\/wp\/v2\/product_cat?post=443016"},{"taxonomy":"product_tag","embeddable":true,"href":"https:\/\/stylingagenten.com\/fi\/wp-json\/wp\/v2\/product_tag?post=443016"},{"taxonomy":"berocket_brand","embeddable":true,"href":"https:\/\/stylingagenten.com\/fi\/wp-json\/wp\/v2\/berocket_brand?post=443016"}],"curies":[{"name":"wp","href":"https:\/\/api.w.org\/{rel}","templated":true}]}}