{"id":443012,"date":"2026-04-09T07:37:02","date_gmt":"2026-04-09T07:37:02","guid":{"rendered":"https:\/\/stylingagenten.com\/fi\/tuote\/shiseido-vital-perfection-uplifting-and-firming-advanced-cream-soft-50ml\/"},"modified":"2026-04-09T07:37:02","modified_gmt":"2026-04-09T07:37:02","slug":"shiseido-vital-perfection-uplifting-and-firming-advanced-cream-soft-50ml","status":"publish","type":"product","link":"https:\/\/stylingagenten.com\/fi\/tuote\/shiseido-vital-perfection-uplifting-and-firming-advanced-cream-soft-50ml\/","title":{"rendered":"Shiseido Vital Perfection Uplifting And Firming Advanced Cream Soft 50ml"},"content":{"rendered":"<p>Shiseido Vital Perfection Uplifting and Firming Advanced Cream Soft on kasvovoide, joka on suunniteltu antamaan kohottavan, kiinte\u00e4mm\u00e4n vaikutelman ja tasaisemman ihons\u00e4vyn. Koostumus, joka sis\u00e4lt\u00e4\u00e4 Shiseidon patentoidut SafflowerRED\u2122- ja ReneuraRED Technology\u2122 -teknologiat, auttaa aktivoimaan ihon omaa uusiutumista*. Sen kevyt ja pehme\u00e4 koostumus imeytyy syv\u00e4lle ihoon, jolloin iho tuntuu tasaisemmalta ja mukavammalta heti levityksen j\u00e4lkeen(3). Tuloksena on +40 % kohottuneempi, kiinte\u00e4mpi ja tasaisemman n\u00e4k\u00f6inen iho jo 1 viikossa(1), n\u00e4kyvin ja pitk\u00e4kestoisin tuloksin. Ainutlaatuisen kevyen koostumuksensa sek\u00e4 elegantin japanilaisen orkidean tuoksun ansiosta se tarjoaa sek\u00e4 ylellist\u00e4 hoitoa ett\u00e4 kliinisesti todistettuja tuloksia. Voide on ei-komedogeeninen, dermatologisesti testattu ja saatavilla t\u00e4ytt\u00f6pakkauksena; t\u00e4m\u00e4 vaihtoehto v\u00e4hent\u00e4\u00e4 muovij\u00e4tett\u00e4 jopa 79 % verrattuna alkuper\u00e4ispakkaukseen*.<\/p>\n<p>50 ml<\/p>\n","protected":false},"excerpt":{"rendered":"<p>Shiseido Vital Perfection Uplifting and Firming Advanced Cream Soft on kasvovoide, joka on suunniteltu antamaan kohottavan, kiinte\u00e4mm\u00e4n vaikutelman ja tasaisemman ihons\u00e4vyn. Koostumus, joka sis\u00e4lt\u00e4\u00e4 Shiseidon patentoidut SafflowerRED\u2122- ja ReneuraRED Technology\u2122 -teknologiat, auttaa aktivoimaan ihon omaa uusiutumista*. Sen kevyt ja pehme\u00e4 koostumus imeytyy syv\u00e4lle ihoon, jolloin iho tuntuu tasaisemmalta ja mukavammalta heti levityksen j\u00e4lkeen(3). Tuloksena on [&hellip;]<\/p>\n","protected":false},"featured_media":443008,"comment_status":"open","ping_status":"closed","template":"","meta":{"_trash_the_other_posts":false},"product_brand":[],"product_cat":[559],"product_tag":[],"berocket_brand":[],"class_list":{"0":"post-443012","1":"product","2":"type-product","3":"status-publish","4":"has-post-thumbnail","6":"product_cat-ansiktskrem","7":"pa_brand-shiseido","9":"first","10":"instock","11":"sale","12":"taxable","13":"shipping-taxable","14":"purchasable","15":"product-type-simple"},"_links":{"self":[{"href":"https:\/\/stylingagenten.com\/fi\/wp-json\/wp\/v2\/product\/443012","targetHints":{"allow":["GET"]}}],"collection":[{"href":"https:\/\/stylingagenten.com\/fi\/wp-json\/wp\/v2\/product"}],"about":[{"href":"https:\/\/stylingagenten.com\/fi\/wp-json\/wp\/v2\/types\/product"}],"replies":[{"embeddable":true,"href":"https:\/\/stylingagenten.com\/fi\/wp-json\/wp\/v2\/comments?post=443012"}],"version-history":[{"count":0,"href":"https:\/\/stylingagenten.com\/fi\/wp-json\/wp\/v2\/product\/443012\/revisions"}],"wp:featuredmedia":[{"embeddable":true,"href":"https:\/\/stylingagenten.com\/fi\/wp-json\/wp\/v2\/media\/443008"}],"wp:attachment":[{"href":"https:\/\/stylingagenten.com\/fi\/wp-json\/wp\/v2\/media?parent=443012"}],"wp:term":[{"taxonomy":"product_brand","embeddable":true,"href":"https:\/\/stylingagenten.com\/fi\/wp-json\/wp\/v2\/product_brand?post=443012"},{"taxonomy":"product_cat","embeddable":true,"href":"https:\/\/stylingagenten.com\/fi\/wp-json\/wp\/v2\/product_cat?post=443012"},{"taxonomy":"product_tag","embeddable":true,"href":"https:\/\/stylingagenten.com\/fi\/wp-json\/wp\/v2\/product_tag?post=443012"},{"taxonomy":"berocket_brand","embeddable":true,"href":"https:\/\/stylingagenten.com\/fi\/wp-json\/wp\/v2\/berocket_brand?post=443012"}],"curies":[{"name":"wp","href":"https:\/\/api.w.org\/{rel}","templated":true}]}}