{"id":443007,"date":"2026-04-09T07:36:54","date_gmt":"2026-04-09T07:36:54","guid":{"rendered":"https:\/\/stylingagenten.com\/fi\/tuote\/filorga-time-filler-essence-150ml\/"},"modified":"2026-04-09T07:36:54","modified_gmt":"2026-04-09T07:36:54","slug":"filorga-time-filler-essence-150ml","status":"publish","type":"product","link":"https:\/\/stylingagenten.com\/fi\/tuote\/filorga-time-filler-essence-150ml\/","title":{"rendered":"Filorga Time Filler Essence 150ml"},"content":{"rendered":"<p>Filorga Time-Filler Essence on ihoa tasoittava anti-age-tuote kasvoille ja kaulalle. Kaikki Filorgan esteettisen l\u00e4\u00e4ketieteen asiantuntemus on yhdistetty t\u00e4h\u00e4n kosteuttavaan essence-lotioniin, joka tekee ihosta sile\u00e4mm\u00e4n, hele\u00e4mm\u00e4n ja elvytetyn n\u00e4k\u00f6isen. Raikas ja eritt\u00e4in kevyt koostumus sis\u00e4lt\u00e4\u00e4 yhdistelm\u00e4n tehokkaita kasviuutteita, jotka tasoittavat ja kosteuttavat ihoa samalla kun ihon hehku uudistuu ja iho valmistautuu optimaalisesti seuraavia ihonhoitotuotteita varten.<\/p>\n<p>\u2022 Anti-age essence lotion<br \/>\u2022 Tekee ihosta tasaisemman, kosteutetun ja hehkuvamman<br \/>\u2022 Valmistelee ihon seuraavia tuotteita varten<br \/>\u2022 Auttaa ehk\u00e4isem\u00e4\u00e4n ep\u00e4tasaista ja sameaa ihoa<br \/>\u2022 Sopii kaikille ihotyypeille<\/p>\n<p>150 ml<\/p>\n","protected":false},"excerpt":{"rendered":"<p>Filorga Time-Filler Essence on ihoa tasoittava anti-age-tuote kasvoille ja kaulalle. Kaikki Filorgan esteettisen l\u00e4\u00e4ketieteen asiantuntemus on yhdistetty t\u00e4h\u00e4n kosteuttavaan essence-lotioniin, joka tekee ihosta sile\u00e4mm\u00e4n, hele\u00e4mm\u00e4n ja elvytetyn n\u00e4k\u00f6isen. Raikas ja eritt\u00e4in kevyt koostumus sis\u00e4lt\u00e4\u00e4 yhdistelm\u00e4n tehokkaita kasviuutteita, jotka tasoittavat ja kosteuttavat ihoa samalla kun ihon hehku uudistuu ja iho valmistautuu optimaalisesti seuraavia ihonhoitotuotteita varten. \u2022 [&hellip;]<\/p>\n","protected":false},"featured_media":443005,"comment_status":"open","ping_status":"closed","template":"","meta":{"_trash_the_other_posts":false},"product_brand":[],"product_cat":[571],"product_tag":[],"berocket_brand":[],"class_list":{"0":"post-443007","1":"product","2":"type-product","3":"status-publish","4":"has-post-thumbnail","6":"product_cat-kasvovesi","7":"pa_brand-filorga","9":"first","10":"instock","11":"sale","12":"taxable","13":"shipping-taxable","14":"purchasable","15":"product-type-simple"},"_links":{"self":[{"href":"https:\/\/stylingagenten.com\/fi\/wp-json\/wp\/v2\/product\/443007","targetHints":{"allow":["GET"]}}],"collection":[{"href":"https:\/\/stylingagenten.com\/fi\/wp-json\/wp\/v2\/product"}],"about":[{"href":"https:\/\/stylingagenten.com\/fi\/wp-json\/wp\/v2\/types\/product"}],"replies":[{"embeddable":true,"href":"https:\/\/stylingagenten.com\/fi\/wp-json\/wp\/v2\/comments?post=443007"}],"version-history":[{"count":0,"href":"https:\/\/stylingagenten.com\/fi\/wp-json\/wp\/v2\/product\/443007\/revisions"}],"wp:featuredmedia":[{"embeddable":true,"href":"https:\/\/stylingagenten.com\/fi\/wp-json\/wp\/v2\/media\/443005"}],"wp:attachment":[{"href":"https:\/\/stylingagenten.com\/fi\/wp-json\/wp\/v2\/media?parent=443007"}],"wp:term":[{"taxonomy":"product_brand","embeddable":true,"href":"https:\/\/stylingagenten.com\/fi\/wp-json\/wp\/v2\/product_brand?post=443007"},{"taxonomy":"product_cat","embeddable":true,"href":"https:\/\/stylingagenten.com\/fi\/wp-json\/wp\/v2\/product_cat?post=443007"},{"taxonomy":"product_tag","embeddable":true,"href":"https:\/\/stylingagenten.com\/fi\/wp-json\/wp\/v2\/product_tag?post=443007"},{"taxonomy":"berocket_brand","embeddable":true,"href":"https:\/\/stylingagenten.com\/fi\/wp-json\/wp\/v2\/berocket_brand?post=443007"}],"curies":[{"name":"wp","href":"https:\/\/api.w.org\/{rel}","templated":true}]}}