{"id":443000,"date":"2026-04-09T07:36:41","date_gmt":"2026-04-09T07:36:41","guid":{"rendered":"https:\/\/stylingagenten.com\/fi\/tuote\/filorga-skin-prep-aha-cleansing-gel-150ml\/"},"modified":"2026-04-09T07:36:41","modified_gmt":"2026-04-09T07:36:41","slug":"filorga-skin-prep-aha-cleansing-gel-150ml","status":"publish","type":"product","link":"https:\/\/stylingagenten.com\/fi\/tuote\/filorga-skin-prep-aha-cleansing-gel-150ml\/","title":{"rendered":"Filorga Skin-Prep AHA Cleansing Gel 150ml"},"content":{"rendered":"<p>Filorga Skin-Prep AHA Cleansing Gel on puhdistusgeeli, jolla on ihoa uudistava vaikutus ja joka parantaa ihon laatua. AHA-hapoilla rikastettu koostumus puhdistaa ihon, poistaa ep\u00e4puhtaudet, v\u00e4hent\u00e4\u00e4 kiiltoa ja auttaa ehk\u00e4isem\u00e4\u00e4n ep\u00e4tasaisuuksia (n\u00e4ppyj\u00e4, ep\u00e4puhtauksia ja mustap\u00e4it\u00e4). Ihosta tulee tasaisempi, sile\u00e4mpi ja mattapintainen.<\/p>\n<p>\u2022 Puhdistaa ihoa ja parantaa ihon laatua<br \/>\u2022 V\u00e4hent\u00e4\u00e4 kiiltoa ja poistaa ep\u00e4puhtauksia<br \/>\u2022 Sopii sekaiholle ja rasvoittuvalle iholle<\/p>\n<p>Skin-Prep on FILORGAN puhdistussarja, joka antaa v\u00e4litt\u00f6mi\u00e4 ja n\u00e4kyvi\u00e4 tuloksia \u2013 \u201cnew skin\u201d -efektin saavuttamiseksi. Sarja on saanut inspiraationsa esteettisill\u00e4 klinikoilla k\u00e4ytett\u00e4vist\u00e4 puhdistustekniikoista.<\/p>\n<p>150 ml<\/p>\n","protected":false},"excerpt":{"rendered":"<p>Filorga Skin-Prep AHA Cleansing Gel on puhdistusgeeli, jolla on ihoa uudistava vaikutus ja joka parantaa ihon laatua. AHA-hapoilla rikastettu koostumus puhdistaa ihon, poistaa ep\u00e4puhtaudet, v\u00e4hent\u00e4\u00e4 kiiltoa ja auttaa ehk\u00e4isem\u00e4\u00e4n ep\u00e4tasaisuuksia (n\u00e4ppyj\u00e4, ep\u00e4puhtauksia ja mustap\u00e4it\u00e4). Ihosta tulee tasaisempi, sile\u00e4mpi ja mattapintainen. \u2022 Puhdistaa ihoa ja parantaa ihon laatua\u2022 V\u00e4hent\u00e4\u00e4 kiiltoa ja poistaa ep\u00e4puhtauksia\u2022 Sopii sekaiholle ja [&hellip;]<\/p>\n","protected":false},"featured_media":442997,"comment_status":"open","ping_status":"closed","template":"","meta":{"_trash_the_other_posts":false},"product_brand":[],"product_cat":[609],"product_tag":[],"berocket_brand":[],"class_list":{"0":"post-443000","1":"product","2":"type-product","3":"status-publish","4":"has-post-thumbnail","6":"product_cat-kasvojen-puhdistus","7":"pa_brand-filorga","9":"first","10":"instock","11":"sale","12":"taxable","13":"shipping-taxable","14":"purchasable","15":"product-type-simple"},"_links":{"self":[{"href":"https:\/\/stylingagenten.com\/fi\/wp-json\/wp\/v2\/product\/443000","targetHints":{"allow":["GET"]}}],"collection":[{"href":"https:\/\/stylingagenten.com\/fi\/wp-json\/wp\/v2\/product"}],"about":[{"href":"https:\/\/stylingagenten.com\/fi\/wp-json\/wp\/v2\/types\/product"}],"replies":[{"embeddable":true,"href":"https:\/\/stylingagenten.com\/fi\/wp-json\/wp\/v2\/comments?post=443000"}],"version-history":[{"count":0,"href":"https:\/\/stylingagenten.com\/fi\/wp-json\/wp\/v2\/product\/443000\/revisions"}],"wp:featuredmedia":[{"embeddable":true,"href":"https:\/\/stylingagenten.com\/fi\/wp-json\/wp\/v2\/media\/442997"}],"wp:attachment":[{"href":"https:\/\/stylingagenten.com\/fi\/wp-json\/wp\/v2\/media?parent=443000"}],"wp:term":[{"taxonomy":"product_brand","embeddable":true,"href":"https:\/\/stylingagenten.com\/fi\/wp-json\/wp\/v2\/product_brand?post=443000"},{"taxonomy":"product_cat","embeddable":true,"href":"https:\/\/stylingagenten.com\/fi\/wp-json\/wp\/v2\/product_cat?post=443000"},{"taxonomy":"product_tag","embeddable":true,"href":"https:\/\/stylingagenten.com\/fi\/wp-json\/wp\/v2\/product_tag?post=443000"},{"taxonomy":"berocket_brand","embeddable":true,"href":"https:\/\/stylingagenten.com\/fi\/wp-json\/wp\/v2\/berocket_brand?post=443000"}],"curies":[{"name":"wp","href":"https:\/\/api.w.org\/{rel}","templated":true}]}}