{"id":442992,"date":"2026-04-09T07:36:33","date_gmt":"2026-04-09T07:36:33","guid":{"rendered":"https:\/\/stylingagenten.com\/fi\/tuote\/filorga-skin-prep-enzymatic-exfoliating-cream-75ml\/"},"modified":"2026-04-09T07:36:33","modified_gmt":"2026-04-09T07:36:33","slug":"filorga-skin-prep-enzymatic-exfoliating-cream-75ml","status":"publish","type":"product","link":"https:\/\/stylingagenten.com\/fi\/tuote\/filorga-skin-prep-enzymatic-exfoliating-cream-75ml\/","title":{"rendered":"Filorga Skin-Prep Enzymatic Exfoliating Cream 75ml"},"content":{"rendered":"<p>Filorga Skin-Prep Enzymatic Exfoliating Cream on entsyymeill\u00e4 rikastettu kuoriva kasvonaamio, joka auttaa ep\u00e4puhtauksiin ja sameaan ihons\u00e4vyyn. Koostumus \u2013 joka sis\u00e4lt\u00e4\u00e4 95 % luonnollista alkuper\u00e4\u00e4 olevia ainesosia \u2013 puhdistaa syv\u00e4lt\u00e4 ja auttaa pienent\u00e4m\u00e4\u00e4n ihohuokosten n\u00e4kyvyytt\u00e4. Iho puhdistuu ja sileytyy, ja ihon s\u00e4vy saa uutta hehkua. Sopii kaikille ihotyypeille.<\/p>\n<p>\u2022 Puhdistaa ja kuorii<br \/>\u2022 Tekee ihohuokosista v\u00e4hemm\u00e4n n\u00e4kyvi\u00e4<br \/>\u2022 Sopii kaikille ihotyypeille<\/p>\n<p>Skin-Prep on FILORGAN puhdistussarja, joka antaa v\u00e4litt\u00f6mi\u00e4 ja n\u00e4kyvi\u00e4 tuloksia \u2013 \u201cnew skin\u201d -efektin saavuttamiseksi. Sarja on saanut inspiraationsa esteettisill\u00e4 klinikoilla k\u00e4ytett\u00e4vist\u00e4 puhdistustekniikoista.<\/p>\n<p>75 ml<\/p>\n","protected":false},"excerpt":{"rendered":"<p>Filorga Skin-Prep Enzymatic Exfoliating Cream on entsyymeill\u00e4 rikastettu kuoriva kasvonaamio, joka auttaa ep\u00e4puhtauksiin ja sameaan ihons\u00e4vyyn. Koostumus \u2013 joka sis\u00e4lt\u00e4\u00e4 95 % luonnollista alkuper\u00e4\u00e4 olevia ainesosia \u2013 puhdistaa syv\u00e4lt\u00e4 ja auttaa pienent\u00e4m\u00e4\u00e4n ihohuokosten n\u00e4kyvyytt\u00e4. Iho puhdistuu ja sileytyy, ja ihon s\u00e4vy saa uutta hehkua. Sopii kaikille ihotyypeille. \u2022 Puhdistaa ja kuorii\u2022 Tekee ihohuokosista v\u00e4hemm\u00e4n n\u00e4kyvi\u00e4\u2022 [&hellip;]<\/p>\n","protected":false},"featured_media":442988,"comment_status":"open","ping_status":"closed","template":"","meta":{"_trash_the_other_posts":false},"product_brand":[],"product_cat":[619],"product_tag":[],"berocket_brand":[],"class_list":{"0":"post-442992","1":"product","2":"type-product","3":"status-publish","4":"has-post-thumbnail","6":"product_cat-kasvojen-kuorinta","7":"pa_brand-filorga","9":"first","10":"instock","11":"sale","12":"taxable","13":"shipping-taxable","14":"purchasable","15":"product-type-simple"},"_links":{"self":[{"href":"https:\/\/stylingagenten.com\/fi\/wp-json\/wp\/v2\/product\/442992","targetHints":{"allow":["GET"]}}],"collection":[{"href":"https:\/\/stylingagenten.com\/fi\/wp-json\/wp\/v2\/product"}],"about":[{"href":"https:\/\/stylingagenten.com\/fi\/wp-json\/wp\/v2\/types\/product"}],"replies":[{"embeddable":true,"href":"https:\/\/stylingagenten.com\/fi\/wp-json\/wp\/v2\/comments?post=442992"}],"version-history":[{"count":0,"href":"https:\/\/stylingagenten.com\/fi\/wp-json\/wp\/v2\/product\/442992\/revisions"}],"wp:featuredmedia":[{"embeddable":true,"href":"https:\/\/stylingagenten.com\/fi\/wp-json\/wp\/v2\/media\/442988"}],"wp:attachment":[{"href":"https:\/\/stylingagenten.com\/fi\/wp-json\/wp\/v2\/media?parent=442992"}],"wp:term":[{"taxonomy":"product_brand","embeddable":true,"href":"https:\/\/stylingagenten.com\/fi\/wp-json\/wp\/v2\/product_brand?post=442992"},{"taxonomy":"product_cat","embeddable":true,"href":"https:\/\/stylingagenten.com\/fi\/wp-json\/wp\/v2\/product_cat?post=442992"},{"taxonomy":"product_tag","embeddable":true,"href":"https:\/\/stylingagenten.com\/fi\/wp-json\/wp\/v2\/product_tag?post=442992"},{"taxonomy":"berocket_brand","embeddable":true,"href":"https:\/\/stylingagenten.com\/fi\/wp-json\/wp\/v2\/berocket_brand?post=442992"}],"curies":[{"name":"wp","href":"https:\/\/api.w.org\/{rel}","templated":true}]}}