{"id":442987,"date":"2026-04-09T07:36:21","date_gmt":"2026-04-09T07:36:21","guid":{"rendered":"https:\/\/stylingagenten.com\/fi\/tuote\/filorga-skin-prep-enzymatic-cleansing-foam-150ml\/"},"modified":"2026-04-09T07:36:21","modified_gmt":"2026-04-09T07:36:21","slug":"filorga-skin-prep-enzymatic-cleansing-foam-150ml","status":"publish","type":"product","link":"https:\/\/stylingagenten.com\/fi\/tuote\/filorga-skin-prep-enzymatic-cleansing-foam-150ml\/","title":{"rendered":"Filorga Skin-Prep Enzymatic Cleansing Foam 150ml"},"content":{"rendered":"<p>Filorga Skin-Prep Enzymatic Cleansing Foam on puhdistusvaahto, joka poistaa meikin ja ilmansaastehiukkaset iholta. Ravitseva koostumus antaa v\u00e4litt\u00f6m\u00e4sti uudistavan vaikutuksen; iho puhdistuu, ihon rakenne muuttuu sile\u00e4mm\u00e4ksi ja ihon s\u00e4vy tasaisemmaksi. Sis\u00e4lt\u00e4\u00e4 98 % luonnollista alkuper\u00e4\u00e4 olevia ainesosia. Sopii kaikille ihotyypeille, my\u00f6s herk\u00e4lle iholle.<\/p>\n<p>\u2022 Puhdistaa ja poistaa meikin<br \/>\u2022 Tekee ihosta sile\u00e4mm\u00e4n ja ihons\u00e4vyst\u00e4 tasaisemman<br \/>\u2022 Sopii kaikille ihotyypeille<\/p>\n<p>Skin-Prep on FILORGAN puhdistussarja, joka antaa v\u00e4litt\u00f6mi\u00e4 ja n\u00e4kyvi\u00e4 tuloksia \u2013 \u201cnew skin\u201d -efektin saavuttamiseksi. Sarja on saanut inspiraationsa esteettisill\u00e4 klinikoilla k\u00e4ytett\u00e4vist\u00e4 puhdistustekniikoista.<\/p>\n<p>150 ml<\/p>\n","protected":false},"excerpt":{"rendered":"<p>Filorga Skin-Prep Enzymatic Cleansing Foam on puhdistusvaahto, joka poistaa meikin ja ilmansaastehiukkaset iholta. Ravitseva koostumus antaa v\u00e4litt\u00f6m\u00e4sti uudistavan vaikutuksen; iho puhdistuu, ihon rakenne muuttuu sile\u00e4mm\u00e4ksi ja ihon s\u00e4vy tasaisemmaksi. Sis\u00e4lt\u00e4\u00e4 98 % luonnollista alkuper\u00e4\u00e4 olevia ainesosia. Sopii kaikille ihotyypeille, my\u00f6s herk\u00e4lle iholle. \u2022 Puhdistaa ja poistaa meikin\u2022 Tekee ihosta sile\u00e4mm\u00e4n ja ihons\u00e4vyst\u00e4 tasaisemman\u2022 Sopii kaikille [&hellip;]<\/p>\n","protected":false},"featured_media":442983,"comment_status":"open","ping_status":"closed","template":"","meta":{"_trash_the_other_posts":false},"product_brand":[],"product_cat":[609],"product_tag":[],"berocket_brand":[],"class_list":{"0":"post-442987","1":"product","2":"type-product","3":"status-publish","4":"has-post-thumbnail","6":"product_cat-kasvojen-puhdistus","7":"pa_brand-filorga","9":"first","10":"instock","11":"sale","12":"taxable","13":"shipping-taxable","14":"purchasable","15":"product-type-simple"},"_links":{"self":[{"href":"https:\/\/stylingagenten.com\/fi\/wp-json\/wp\/v2\/product\/442987","targetHints":{"allow":["GET"]}}],"collection":[{"href":"https:\/\/stylingagenten.com\/fi\/wp-json\/wp\/v2\/product"}],"about":[{"href":"https:\/\/stylingagenten.com\/fi\/wp-json\/wp\/v2\/types\/product"}],"replies":[{"embeddable":true,"href":"https:\/\/stylingagenten.com\/fi\/wp-json\/wp\/v2\/comments?post=442987"}],"version-history":[{"count":0,"href":"https:\/\/stylingagenten.com\/fi\/wp-json\/wp\/v2\/product\/442987\/revisions"}],"wp:featuredmedia":[{"embeddable":true,"href":"https:\/\/stylingagenten.com\/fi\/wp-json\/wp\/v2\/media\/442983"}],"wp:attachment":[{"href":"https:\/\/stylingagenten.com\/fi\/wp-json\/wp\/v2\/media?parent=442987"}],"wp:term":[{"taxonomy":"product_brand","embeddable":true,"href":"https:\/\/stylingagenten.com\/fi\/wp-json\/wp\/v2\/product_brand?post=442987"},{"taxonomy":"product_cat","embeddable":true,"href":"https:\/\/stylingagenten.com\/fi\/wp-json\/wp\/v2\/product_cat?post=442987"},{"taxonomy":"product_tag","embeddable":true,"href":"https:\/\/stylingagenten.com\/fi\/wp-json\/wp\/v2\/product_tag?post=442987"},{"taxonomy":"berocket_brand","embeddable":true,"href":"https:\/\/stylingagenten.com\/fi\/wp-json\/wp\/v2\/berocket_brand?post=442987"}],"curies":[{"name":"wp","href":"https:\/\/api.w.org\/{rel}","templated":true}]}}