{"id":442982,"date":"2026-04-09T07:36:12","date_gmt":"2026-04-09T07:36:12","guid":{"rendered":"https:\/\/stylingagenten.com\/fi\/tuote\/filorga-global-repair-advanced-cream-50ml\/"},"modified":"2026-04-09T07:36:12","modified_gmt":"2026-04-09T07:36:12","slug":"filorga-global-repair-advanced-cream-50ml","status":"publish","type":"product","link":"https:\/\/stylingagenten.com\/fi\/tuote\/filorga-global-repair-advanced-cream-50ml\/","title":{"rendered":"Filorga Global-Repair Advanced Cream 50ml"},"content":{"rendered":"<p>Filorga Global-Repair Advanced Cream on poikkeuksellinen kasvovoide, joka torjuu kymmenen ik\u00e4\u00e4ntymisen merkki\u00e4, tehostaa ihon korjausprosessia ja palauttaa nuorekkaamman ulkon\u00e4\u00f6n. Kasvovoide \u2013 jolla on kevyt ja sulava koostumus \u2013 on rikastettu ranskalaisella pioniuutteella, jolla on kiinteytt\u00e4v\u00e4 vaikutus ja joka auttaa palauttamaan kasvojen \u00e4\u00e4riviivat, tehden ihosta kiinte\u00e4mm\u00e4n ja selke\u00e4mm\u00e4n. Filorgan Global-Repair-sarjaa suositellaan ik\u00e4\u00e4ntyv\u00e4lle iholle.<\/p>\n<p>\u2022 Torjuu kymmenen ik\u00e4\u00e4ntymisen merkki\u00e4<br \/>\u2022 Kiinteytt\u00e4\u00e4 ihoa<br \/>\u2022 Sopii ik\u00e4\u00e4ntyv\u00e4lle iholle<\/p>\n<p>Edistyneiden ainesosien yhdistelm\u00e4 (rakennetta uudistavat peptidit, lipidikompleksi ja kasviuute) auttaa tehostamaan ihon luonnollista korjausprosessia nuorekkaamman ulkon\u00e4\u00f6n palauttamiseksi.<\/p>\n<p>50 ml<\/p>\n","protected":false},"excerpt":{"rendered":"<p>Filorga Global-Repair Advanced Cream on poikkeuksellinen kasvovoide, joka torjuu kymmenen ik\u00e4\u00e4ntymisen merkki\u00e4, tehostaa ihon korjausprosessia ja palauttaa nuorekkaamman ulkon\u00e4\u00f6n. Kasvovoide \u2013 jolla on kevyt ja sulava koostumus \u2013 on rikastettu ranskalaisella pioniuutteella, jolla on kiinteytt\u00e4v\u00e4 vaikutus ja joka auttaa palauttamaan kasvojen \u00e4\u00e4riviivat, tehden ihosta kiinte\u00e4mm\u00e4n ja selke\u00e4mm\u00e4n. Filorgan Global-Repair-sarjaa suositellaan ik\u00e4\u00e4ntyv\u00e4lle iholle. \u2022 Torjuu kymmenen [&hellip;]<\/p>\n","protected":false},"featured_media":442978,"comment_status":"open","ping_status":"closed","template":"","meta":{"_trash_the_other_posts":false},"product_brand":[],"product_cat":[559],"product_tag":[],"berocket_brand":[],"class_list":{"0":"post-442982","1":"product","2":"type-product","3":"status-publish","4":"has-post-thumbnail","6":"product_cat-ansiktskrem","7":"pa_brand-filorga","9":"first","10":"instock","11":"sale","12":"taxable","13":"shipping-taxable","14":"purchasable","15":"product-type-simple"},"_links":{"self":[{"href":"https:\/\/stylingagenten.com\/fi\/wp-json\/wp\/v2\/product\/442982","targetHints":{"allow":["GET"]}}],"collection":[{"href":"https:\/\/stylingagenten.com\/fi\/wp-json\/wp\/v2\/product"}],"about":[{"href":"https:\/\/stylingagenten.com\/fi\/wp-json\/wp\/v2\/types\/product"}],"replies":[{"embeddable":true,"href":"https:\/\/stylingagenten.com\/fi\/wp-json\/wp\/v2\/comments?post=442982"}],"version-history":[{"count":0,"href":"https:\/\/stylingagenten.com\/fi\/wp-json\/wp\/v2\/product\/442982\/revisions"}],"wp:featuredmedia":[{"embeddable":true,"href":"https:\/\/stylingagenten.com\/fi\/wp-json\/wp\/v2\/media\/442978"}],"wp:attachment":[{"href":"https:\/\/stylingagenten.com\/fi\/wp-json\/wp\/v2\/media?parent=442982"}],"wp:term":[{"taxonomy":"product_brand","embeddable":true,"href":"https:\/\/stylingagenten.com\/fi\/wp-json\/wp\/v2\/product_brand?post=442982"},{"taxonomy":"product_cat","embeddable":true,"href":"https:\/\/stylingagenten.com\/fi\/wp-json\/wp\/v2\/product_cat?post=442982"},{"taxonomy":"product_tag","embeddable":true,"href":"https:\/\/stylingagenten.com\/fi\/wp-json\/wp\/v2\/product_tag?post=442982"},{"taxonomy":"berocket_brand","embeddable":true,"href":"https:\/\/stylingagenten.com\/fi\/wp-json\/wp\/v2\/berocket_brand?post=442982"}],"curies":[{"name":"wp","href":"https:\/\/api.w.org\/{rel}","templated":true}]}}