{"id":440759,"date":"2026-01-23T12:08:36","date_gmt":"2026-01-23T12:08:36","guid":{"rendered":"https:\/\/stylingagenten.com\/fi\/tuote\/toppik-spray-applicator\/"},"modified":"2026-04-12T21:27:26","modified_gmt":"2026-04-12T21:27:26","slug":"toppik-spray-applicator","status":"publish","type":"product","link":"https:\/\/stylingagenten.com\/fi\/tuote\/toppik-spray-applicator\/","title":{"rendered":"Toppik Spray Applicator"},"content":{"rendered":"<p>Toppik Spray Applicator on pumppu, joka jakaa Toppik-kuituja juuri sinne, minne haluat ne. Pumppu helpottaa Toppikin levitt\u00e4mist\u00e4. Sen tarkkuuden ansiosta pumppu sopii erityisen hyvin k\u00e4ytt\u00e4jille, joilla on hiustenl\u00e4ht\u00f6\u00e4 otsassa, mutta my\u00f6s muut k\u00e4ytt\u00e4j\u00e4t kokevat paremman tuloksen. Spray Applicator soveltuu erityisen hyvin 4 cm ja pidempiin kampauksiin.<\/p>\n","protected":false},"excerpt":{"rendered":"<p>Toppik Spray Applicator on pumppu, joka jakaa Toppik-kuituja juuri sinne, minne haluat ne. Pumppu helpottaa Toppikin levitt\u00e4mist\u00e4. Sen tarkkuuden ansiosta pumppu sopii erityisen hyvin k\u00e4ytt\u00e4jille, joilla on hiustenl\u00e4ht\u00f6\u00e4 otsassa, mutta my\u00f6s muut k\u00e4ytt\u00e4j\u00e4t kokevat paremman tuloksen. Spray Applicator soveltuu erityisen hyvin 4 cm ja pidempiin kampauksiin.<\/p>\n","protected":false},"featured_media":440758,"comment_status":"open","ping_status":"closed","template":"","meta":{"_trash_the_other_posts":false},"product_brand":[],"product_cat":[640],"product_tag":[],"berocket_brand":[],"class_list":{"0":"post-440759","1":"product","2":"type-product","3":"status-publish","4":"has-post-thumbnail","6":"product_cat-juuren-kansi","7":"pa_brand-toppik","9":"first","10":"instock","11":"sale","12":"taxable","13":"shipping-taxable","14":"purchasable","15":"product-type-simple"},"_links":{"self":[{"href":"https:\/\/stylingagenten.com\/fi\/wp-json\/wp\/v2\/product\/440759","targetHints":{"allow":["GET"]}}],"collection":[{"href":"https:\/\/stylingagenten.com\/fi\/wp-json\/wp\/v2\/product"}],"about":[{"href":"https:\/\/stylingagenten.com\/fi\/wp-json\/wp\/v2\/types\/product"}],"replies":[{"embeddable":true,"href":"https:\/\/stylingagenten.com\/fi\/wp-json\/wp\/v2\/comments?post=440759"}],"version-history":[{"count":0,"href":"https:\/\/stylingagenten.com\/fi\/wp-json\/wp\/v2\/product\/440759\/revisions"}],"wp:featuredmedia":[{"embeddable":true,"href":"https:\/\/stylingagenten.com\/fi\/wp-json\/wp\/v2\/media\/440758"}],"wp:attachment":[{"href":"https:\/\/stylingagenten.com\/fi\/wp-json\/wp\/v2\/media?parent=440759"}],"wp:term":[{"taxonomy":"product_brand","embeddable":true,"href":"https:\/\/stylingagenten.com\/fi\/wp-json\/wp\/v2\/product_brand?post=440759"},{"taxonomy":"product_cat","embeddable":true,"href":"https:\/\/stylingagenten.com\/fi\/wp-json\/wp\/v2\/product_cat?post=440759"},{"taxonomy":"product_tag","embeddable":true,"href":"https:\/\/stylingagenten.com\/fi\/wp-json\/wp\/v2\/product_tag?post=440759"},{"taxonomy":"berocket_brand","embeddable":true,"href":"https:\/\/stylingagenten.com\/fi\/wp-json\/wp\/v2\/berocket_brand?post=440759"}],"curies":[{"name":"wp","href":"https:\/\/api.w.org\/{rel}","templated":true}]}}