{"id":440757,"date":"2026-01-23T12:08:29","date_gmt":"2026-01-23T12:08:29","guid":{"rendered":"https:\/\/stylingagenten.com\/fi\/tuote\/toppik-hairline-optimizer\/"},"modified":"2026-04-13T19:17:29","modified_gmt":"2026-04-13T19:17:29","slug":"toppik-hairline-optimizer","status":"publish","type":"product","link":"https:\/\/stylingagenten.com\/fi\/tuote\/toppik-hairline-optimizer\/","title":{"rendered":"Toppik Hairline Optimizer"},"content":{"rendered":"<p>Toppik Hairline Optimizer on ainutlaatuisesti suunniteltu ep\u00e4s\u00e4\u00e4nn\u00f6llisill\u00e4 hampailla auttamaan sinua luomaan luonnollisen hiusrajan Toppik Hair Fibersin levityksess\u00e4.<\/p>\n<p>N\u00c4IN SE TOIMII<\/p>\n<p>Toimii yhdess\u00e4 Hair Fibersin kanssa poistaen ep\u00e4tasaiset suorat linjat hiusrajassa<\/p>\n<p>Antaa pehme\u00e4n, luonnollisen ilmeen<\/p>\n<p>Est\u00e4\u00e4 Hair Fibersin putoamisen otsalle<\/p>\n","protected":false},"excerpt":{"rendered":"<p>Toppik Hairline Optimizer on ainutlaatuisesti suunniteltu ep\u00e4s\u00e4\u00e4nn\u00f6llisill\u00e4 hampailla auttamaan sinua luomaan luonnollisen hiusrajan Toppik Hair Fibersin levityksess\u00e4. N\u00c4IN SE TOIMII Toimii yhdess\u00e4 Hair Fibersin kanssa poistaen ep\u00e4tasaiset suorat linjat hiusrajassa Antaa pehme\u00e4n, luonnollisen ilmeen Est\u00e4\u00e4 Hair Fibersin putoamisen otsalle<\/p>\n","protected":false},"featured_media":440756,"comment_status":"open","ping_status":"closed","template":"","meta":{"_trash_the_other_posts":false},"product_brand":[],"product_cat":[640],"product_tag":[],"berocket_brand":[],"class_list":{"0":"post-440757","1":"product","2":"type-product","3":"status-publish","4":"has-post-thumbnail","6":"product_cat-juuren-kansi","7":"pa_brand-toppik","9":"first","10":"instock","11":"taxable","12":"shipping-taxable","13":"purchasable","14":"product-type-simple"},"_links":{"self":[{"href":"https:\/\/stylingagenten.com\/fi\/wp-json\/wp\/v2\/product\/440757","targetHints":{"allow":["GET"]}}],"collection":[{"href":"https:\/\/stylingagenten.com\/fi\/wp-json\/wp\/v2\/product"}],"about":[{"href":"https:\/\/stylingagenten.com\/fi\/wp-json\/wp\/v2\/types\/product"}],"replies":[{"embeddable":true,"href":"https:\/\/stylingagenten.com\/fi\/wp-json\/wp\/v2\/comments?post=440757"}],"version-history":[{"count":0,"href":"https:\/\/stylingagenten.com\/fi\/wp-json\/wp\/v2\/product\/440757\/revisions"}],"wp:featuredmedia":[{"embeddable":true,"href":"https:\/\/stylingagenten.com\/fi\/wp-json\/wp\/v2\/media\/440756"}],"wp:attachment":[{"href":"https:\/\/stylingagenten.com\/fi\/wp-json\/wp\/v2\/media?parent=440757"}],"wp:term":[{"taxonomy":"product_brand","embeddable":true,"href":"https:\/\/stylingagenten.com\/fi\/wp-json\/wp\/v2\/product_brand?post=440757"},{"taxonomy":"product_cat","embeddable":true,"href":"https:\/\/stylingagenten.com\/fi\/wp-json\/wp\/v2\/product_cat?post=440757"},{"taxonomy":"product_tag","embeddable":true,"href":"https:\/\/stylingagenten.com\/fi\/wp-json\/wp\/v2\/product_tag?post=440757"},{"taxonomy":"berocket_brand","embeddable":true,"href":"https:\/\/stylingagenten.com\/fi\/wp-json\/wp\/v2\/berocket_brand?post=440757"}],"curies":[{"name":"wp","href":"https:\/\/api.w.org\/{rel}","templated":true}]}}