{"id":440496,"date":"2026-01-21T14:46:03","date_gmt":"2026-01-21T14:46:03","guid":{"rendered":"https:\/\/stylingagenten.com\/fi\/tuote\/le-couvent-parfums-remarquables-fort-royal-edp-50ml\/"},"modified":"2026-03-26T21:32:01","modified_gmt":"2026-03-26T21:32:01","slug":"le-couvent-parfums-remarquables-fort-royal-edp-50ml","status":"publish","type":"product","link":"https:\/\/stylingagenten.com\/fi\/tuote\/le-couvent-parfums-remarquables-fort-royal-edp-50ml\/","title":{"rendered":"Le Couvent Parfums Remarquables &#8211; Fort Royal Edp 50ml"},"content":{"rendered":"<p>Le Couvent Parfums Remarquables &#8211; Fort Royal EDP:ll\u00e4 on orientaalinen tuoksuj\u00e4lki, jossa benzoinihartsin vanilja on maustettu villill\u00e4 vaaleanpunaisella pippurilla, ja joka tuo mieleen Karibian saarten rehev\u00e4n ja makean luonnon.<br \/>Ainutlaatuinen luomus, kehitetty ranskalaisen parfyymin taiteen syd\u00e4mess\u00e4, perustuen arvokkaisiin, kaukaisista l\u00e4hteist\u00e4 per\u00e4isin oleviin essensseihin, jotka saivat inspiraationsa kasvitieteilij\u00e4 Louis Feuill\u00e9esin matkoista.<br \/>100 % vegaaninen.<br \/>Jopa 86 % luonnollisia ainesosia.<\/p>\n<p>Yl\u00e4tuoksu: Villit marjat, Appelsiini<br \/>Syd\u00e4ntuoksu: Cistus-kukka<br \/>Pohjatuoksu: Benzoin, Vanilja, Patchouli<\/p>\n<p>50ml<\/p>\n","protected":false},"excerpt":{"rendered":"<p>Le Couvent Parfums Remarquables &#8211; Fort Royal EDP:ll\u00e4 on orientaalinen tuoksuj\u00e4lki, jossa benzoinihartsin vanilja on maustettu villill\u00e4 vaaleanpunaisella pippurilla, ja joka tuo mieleen Karibian saarten rehev\u00e4n ja makean luonnon.Ainutlaatuinen luomus, kehitetty ranskalaisen parfyymin taiteen syd\u00e4mess\u00e4, perustuen arvokkaisiin, kaukaisista l\u00e4hteist\u00e4 per\u00e4isin oleviin essensseihin, jotka saivat inspiraationsa kasvitieteilij\u00e4 Louis Feuill\u00e9esin matkoista.100 % vegaaninen.Jopa 86 % luonnollisia ainesosia. [&hellip;]<\/p>\n","protected":false},"featured_media":440492,"comment_status":"open","ping_status":"closed","template":"","meta":{"_trash_the_other_posts":false},"product_brand":[],"product_cat":[729,1000,735],"product_tag":[],"berocket_brand":[],"class_list":{"0":"post-440496","1":"product","2":"type-product","3":"status-publish","4":"has-post-thumbnail","6":"product_cat-eau-de-parfum-unisex","7":"product_cat-kampanjatarjous-miehelle","8":"product_cat-kampanjamme","9":"pa_brand-le-couvent","11":"first","12":"instock","13":"sale","14":"taxable","15":"shipping-taxable","16":"purchasable","17":"product-type-simple"},"_links":{"self":[{"href":"https:\/\/stylingagenten.com\/fi\/wp-json\/wp\/v2\/product\/440496","targetHints":{"allow":["GET"]}}],"collection":[{"href":"https:\/\/stylingagenten.com\/fi\/wp-json\/wp\/v2\/product"}],"about":[{"href":"https:\/\/stylingagenten.com\/fi\/wp-json\/wp\/v2\/types\/product"}],"replies":[{"embeddable":true,"href":"https:\/\/stylingagenten.com\/fi\/wp-json\/wp\/v2\/comments?post=440496"}],"version-history":[{"count":0,"href":"https:\/\/stylingagenten.com\/fi\/wp-json\/wp\/v2\/product\/440496\/revisions"}],"wp:featuredmedia":[{"embeddable":true,"href":"https:\/\/stylingagenten.com\/fi\/wp-json\/wp\/v2\/media\/440492"}],"wp:attachment":[{"href":"https:\/\/stylingagenten.com\/fi\/wp-json\/wp\/v2\/media?parent=440496"}],"wp:term":[{"taxonomy":"product_brand","embeddable":true,"href":"https:\/\/stylingagenten.com\/fi\/wp-json\/wp\/v2\/product_brand?post=440496"},{"taxonomy":"product_cat","embeddable":true,"href":"https:\/\/stylingagenten.com\/fi\/wp-json\/wp\/v2\/product_cat?post=440496"},{"taxonomy":"product_tag","embeddable":true,"href":"https:\/\/stylingagenten.com\/fi\/wp-json\/wp\/v2\/product_tag?post=440496"},{"taxonomy":"berocket_brand","embeddable":true,"href":"https:\/\/stylingagenten.com\/fi\/wp-json\/wp\/v2\/berocket_brand?post=440496"}],"curies":[{"name":"wp","href":"https:\/\/api.w.org\/{rel}","templated":true}]}}