{"id":440455,"date":"2026-01-21T14:40:53","date_gmt":"2026-01-21T14:40:53","guid":{"rendered":"https:\/\/stylingagenten.com\/fi\/tuote\/le-couvent-cologne-botanique-aqua-majestae-edt-50ml\/"},"modified":"2026-03-26T21:31:46","modified_gmt":"2026-03-26T21:31:46","slug":"le-couvent-cologne-botanique-aqua-majestae-edt-50ml","status":"publish","type":"product","link":"https:\/\/stylingagenten.com\/fi\/tuote\/le-couvent-cologne-botanique-aqua-majestae-edt-50ml\/","title":{"rendered":"Le Couvent Cologne Botanique &#8211; Aqua Majestae Edt 50ml"},"content":{"rendered":"<p>Le Couvent Cologne Botanique &#8211; Aqua Majestae EDT \u2013 Kultaisia hetki\u00e4 osmanthus-kukkien puutarhassa. Kun auringon viimeiset s\u00e4teet l\u00e4mmitt\u00e4v\u00e4t kukkivia puita, luonto paljastaa todellisen kauneutensa. T\u00e4n\u00e4 kultaisena hetken\u00e4 puutarha t\u00e4yttyy l\u00e4mpim\u00e4ll\u00e4 ja anteliaalla valolla rehevien puiden alla, joissa on samettisen keltaisia osmanthus-kukkia. Hienostunut ja ihastuttava hetki Le Couvent des Minimesiss\u00e4.<\/p>\n<p>Yl\u00e4tuoksu: Mustaherukka, Akasia-Mimosa, Sitruuna<br \/>Syd\u00e4ntuoksu: Ananas, Ruusu, Osmanthus<br \/>Pohjatuoksu: Setripuu, Sammal, Myrtti<\/p>\n<p>50ml<\/p>\n","protected":false},"excerpt":{"rendered":"<p>Le Couvent Cologne Botanique &#8211; Aqua Majestae EDT \u2013 Kultaisia hetki\u00e4 osmanthus-kukkien puutarhassa. Kun auringon viimeiset s\u00e4teet l\u00e4mmitt\u00e4v\u00e4t kukkivia puita, luonto paljastaa todellisen kauneutensa. T\u00e4n\u00e4 kultaisena hetken\u00e4 puutarha t\u00e4yttyy l\u00e4mpim\u00e4ll\u00e4 ja anteliaalla valolla rehevien puiden alla, joissa on samettisen keltaisia osmanthus-kukkia. Hienostunut ja ihastuttava hetki Le Couvent des Minimesiss\u00e4. Yl\u00e4tuoksu: Mustaherukka, Akasia-Mimosa, SitruunaSyd\u00e4ntuoksu: Ananas, Ruusu, [&hellip;]<\/p>\n","protected":false},"featured_media":440452,"comment_status":"open","ping_status":"closed","template":"","meta":{"_trash_the_other_posts":false},"product_brand":[],"product_cat":[730,999,735],"product_tag":[],"berocket_brand":[],"class_list":{"0":"post-440455","1":"product","2":"type-product","3":"status-publish","4":"has-post-thumbnail","6":"product_cat-eau-de-toilette-unisex","7":"product_cat-kampanjatarjous-naiselle","8":"product_cat-kampanjamme","9":"pa_brand-le-couvent","11":"first","12":"instock","13":"sale","14":"taxable","15":"shipping-taxable","16":"purchasable","17":"product-type-simple"},"_links":{"self":[{"href":"https:\/\/stylingagenten.com\/fi\/wp-json\/wp\/v2\/product\/440455","targetHints":{"allow":["GET"]}}],"collection":[{"href":"https:\/\/stylingagenten.com\/fi\/wp-json\/wp\/v2\/product"}],"about":[{"href":"https:\/\/stylingagenten.com\/fi\/wp-json\/wp\/v2\/types\/product"}],"replies":[{"embeddable":true,"href":"https:\/\/stylingagenten.com\/fi\/wp-json\/wp\/v2\/comments?post=440455"}],"version-history":[{"count":0,"href":"https:\/\/stylingagenten.com\/fi\/wp-json\/wp\/v2\/product\/440455\/revisions"}],"wp:featuredmedia":[{"embeddable":true,"href":"https:\/\/stylingagenten.com\/fi\/wp-json\/wp\/v2\/media\/440452"}],"wp:attachment":[{"href":"https:\/\/stylingagenten.com\/fi\/wp-json\/wp\/v2\/media?parent=440455"}],"wp:term":[{"taxonomy":"product_brand","embeddable":true,"href":"https:\/\/stylingagenten.com\/fi\/wp-json\/wp\/v2\/product_brand?post=440455"},{"taxonomy":"product_cat","embeddable":true,"href":"https:\/\/stylingagenten.com\/fi\/wp-json\/wp\/v2\/product_cat?post=440455"},{"taxonomy":"product_tag","embeddable":true,"href":"https:\/\/stylingagenten.com\/fi\/wp-json\/wp\/v2\/product_tag?post=440455"},{"taxonomy":"berocket_brand","embeddable":true,"href":"https:\/\/stylingagenten.com\/fi\/wp-json\/wp\/v2\/berocket_brand?post=440455"}],"curies":[{"name":"wp","href":"https:\/\/api.w.org\/{rel}","templated":true}]}}