{"id":438999,"date":"2025-12-11T11:26:41","date_gmt":"2025-12-11T11:26:41","guid":{"rendered":"https:\/\/stylingagenten.com\/fi\/tuote\/bumble-and-bumble-surf-saltwater-spray-125ml\/"},"modified":"2026-04-08T15:32:12","modified_gmt":"2026-04-08T15:32:12","slug":"bumble-and-bumble-surf-saltwater-spray-125ml","status":"publish","type":"product","link":"https:\/\/stylingagenten.com\/fi\/tuote\/bumble-and-bumble-surf-saltwater-spray-125ml\/","title":{"rendered":"Bumble and bumble Surf Saltwater Spray 125ml"},"content":{"rendered":"<p>Bumble and bumble Surf Saltwater Spray \u2013 Suolalla rikastettu seksikk\u00e4\u00e4n, tuulen pieksem\u00e4n suolavesirakenteen luomiseksi (milloin tahansa, miss\u00e4 tahansa).<\/p>\n<p>Kenelle: Kaikille (ei vain rannalla jumissa oleville surffareille). Lis\u00e4\u00e4 volyymia, kevytt\u00e4 pitoa ja mattapinnan. Toimii t\u00e4ydellisesti kaikille hiustyypeille.<br \/>Milloin: Milloin tahansa.<\/p>\n<p>125 ml<\/p>\n","protected":false},"excerpt":{"rendered":"<p>Bumble and bumble Surf Saltwater Spray \u2013 Suolalla rikastettu seksikk\u00e4\u00e4n, tuulen pieksem\u00e4n suolavesirakenteen luomiseksi (milloin tahansa, miss\u00e4 tahansa). Kenelle: Kaikille (ei vain rannalla jumissa oleville surffareille). Lis\u00e4\u00e4 volyymia, kevytt\u00e4 pitoa ja mattapinnan. Toimii t\u00e4ydellisesti kaikille hiustyypeille.Milloin: Milloin tahansa. 125 ml<\/p>\n","protected":false},"featured_media":438992,"comment_status":"open","ping_status":"closed","template":"","meta":{"_trash_the_other_posts":false},"product_brand":[],"product_cat":[603],"product_tag":[],"berocket_brand":[],"class_list":{"0":"post-438999","1":"product","2":"type-product","3":"status-publish","4":"has-post-thumbnail","6":"product_cat-suolavesisuihku","7":"pa_brand-bumble-and-bumble","9":"first","10":"instock","11":"sale","12":"taxable","13":"shipping-taxable","14":"purchasable","15":"product-type-simple"},"_links":{"self":[{"href":"https:\/\/stylingagenten.com\/fi\/wp-json\/wp\/v2\/product\/438999","targetHints":{"allow":["GET"]}}],"collection":[{"href":"https:\/\/stylingagenten.com\/fi\/wp-json\/wp\/v2\/product"}],"about":[{"href":"https:\/\/stylingagenten.com\/fi\/wp-json\/wp\/v2\/types\/product"}],"replies":[{"embeddable":true,"href":"https:\/\/stylingagenten.com\/fi\/wp-json\/wp\/v2\/comments?post=438999"}],"version-history":[{"count":0,"href":"https:\/\/stylingagenten.com\/fi\/wp-json\/wp\/v2\/product\/438999\/revisions"}],"wp:featuredmedia":[{"embeddable":true,"href":"https:\/\/stylingagenten.com\/fi\/wp-json\/wp\/v2\/media\/438992"}],"wp:attachment":[{"href":"https:\/\/stylingagenten.com\/fi\/wp-json\/wp\/v2\/media?parent=438999"}],"wp:term":[{"taxonomy":"product_brand","embeddable":true,"href":"https:\/\/stylingagenten.com\/fi\/wp-json\/wp\/v2\/product_brand?post=438999"},{"taxonomy":"product_cat","embeddable":true,"href":"https:\/\/stylingagenten.com\/fi\/wp-json\/wp\/v2\/product_cat?post=438999"},{"taxonomy":"product_tag","embeddable":true,"href":"https:\/\/stylingagenten.com\/fi\/wp-json\/wp\/v2\/product_tag?post=438999"},{"taxonomy":"berocket_brand","embeddable":true,"href":"https:\/\/stylingagenten.com\/fi\/wp-json\/wp\/v2\/berocket_brand?post=438999"}],"curies":[{"name":"wp","href":"https:\/\/api.w.org\/{rel}","templated":true}]}}