{"id":438986,"date":"2025-12-11T11:26:29","date_gmt":"2025-12-11T11:26:29","guid":{"rendered":"https:\/\/stylingagenten.com\/fi\/tuote\/bumble-and-bumble-surf-infusion-saltwater-spray-oil-100ml\/"},"modified":"2026-04-08T15:32:14","modified_gmt":"2026-04-08T15:32:14","slug":"bumble-and-bumble-surf-infusion-saltwater-spray-oil-100ml","status":"publish","type":"product","link":"https:\/\/stylingagenten.com\/fi\/tuote\/bumble-and-bumble-surf-infusion-saltwater-spray-oil-100ml\/","title":{"rendered":"Bumble and bumble Surf Infusion Saltwater Spray Oil 100ml"},"content":{"rendered":"<p>Bumble and bumble Surf Infusion Saltwater Spray Oil on suolassa \u00f6ljyss\u00e4 -formula; t\u00e4m\u00e4 trooppisten \u00f6ljyjen ja merisuolatekstuurin sekoitus luo pehmeit\u00e4, tuulen pieksemi\u00e4 kiharoita kiillolla.<\/p>\n<p>Kenelle: Niille, jotka haluavat suolaisen vaikutelman kiharoihin, mutta tarvitsevat hieman ylim\u00e4\u00e4r\u00e4ist\u00e4 hoitoa. T\u00e4ydellinen kuiville hiuksille.<br \/>Milloin: Milloin tahansa.<\/p>\n<p>100 ml<\/p>\n","protected":false},"excerpt":{"rendered":"<p>Bumble and bumble Surf Infusion Saltwater Spray Oil on suolassa \u00f6ljyss\u00e4 -formula; t\u00e4m\u00e4 trooppisten \u00f6ljyjen ja merisuolatekstuurin sekoitus luo pehmeit\u00e4, tuulen pieksemi\u00e4 kiharoita kiillolla. Kenelle: Niille, jotka haluavat suolaisen vaikutelman kiharoihin, mutta tarvitsevat hieman ylim\u00e4\u00e4r\u00e4ist\u00e4 hoitoa. T\u00e4ydellinen kuiville hiuksille.Milloin: Milloin tahansa. 100 ml<\/p>\n","protected":false},"featured_media":438983,"comment_status":"open","ping_status":"closed","template":"","meta":{"_trash_the_other_posts":false},"product_brand":[],"product_cat":[603],"product_tag":[],"berocket_brand":[],"class_list":{"0":"post-438986","1":"product","2":"type-product","3":"status-publish","4":"has-post-thumbnail","6":"product_cat-suolavesisuihku","7":"pa_brand-bumble-and-bumble","9":"first","10":"instock","11":"sale","12":"taxable","13":"shipping-taxable","14":"purchasable","15":"product-type-simple"},"_links":{"self":[{"href":"https:\/\/stylingagenten.com\/fi\/wp-json\/wp\/v2\/product\/438986","targetHints":{"allow":["GET"]}}],"collection":[{"href":"https:\/\/stylingagenten.com\/fi\/wp-json\/wp\/v2\/product"}],"about":[{"href":"https:\/\/stylingagenten.com\/fi\/wp-json\/wp\/v2\/types\/product"}],"replies":[{"embeddable":true,"href":"https:\/\/stylingagenten.com\/fi\/wp-json\/wp\/v2\/comments?post=438986"}],"version-history":[{"count":0,"href":"https:\/\/stylingagenten.com\/fi\/wp-json\/wp\/v2\/product\/438986\/revisions"}],"wp:featuredmedia":[{"embeddable":true,"href":"https:\/\/stylingagenten.com\/fi\/wp-json\/wp\/v2\/media\/438983"}],"wp:attachment":[{"href":"https:\/\/stylingagenten.com\/fi\/wp-json\/wp\/v2\/media?parent=438986"}],"wp:term":[{"taxonomy":"product_brand","embeddable":true,"href":"https:\/\/stylingagenten.com\/fi\/wp-json\/wp\/v2\/product_brand?post=438986"},{"taxonomy":"product_cat","embeddable":true,"href":"https:\/\/stylingagenten.com\/fi\/wp-json\/wp\/v2\/product_cat?post=438986"},{"taxonomy":"product_tag","embeddable":true,"href":"https:\/\/stylingagenten.com\/fi\/wp-json\/wp\/v2\/product_tag?post=438986"},{"taxonomy":"berocket_brand","embeddable":true,"href":"https:\/\/stylingagenten.com\/fi\/wp-json\/wp\/v2\/berocket_brand?post=438986"}],"curies":[{"name":"wp","href":"https:\/\/api.w.org\/{rel}","templated":true}]}}