{"id":438959,"date":"2025-12-11T11:16:07","date_gmt":"2025-12-11T11:16:07","guid":{"rendered":"https:\/\/stylingagenten.com\/fi\/tuote\/bumble-and-bumble-sumoclay-matte-clay-50ml\/"},"modified":"2026-04-13T07:16:29","modified_gmt":"2026-04-13T07:16:29","slug":"bumble-and-bumble-sumoclay-matte-clay-50ml","status":"publish","type":"product","link":"https:\/\/stylingagenten.com\/fi\/tuote\/bumble-and-bumble-sumoclay-matte-clay-50ml\/","title":{"rendered":"Bumble and bumble Sumoclay Matte Clay 50ml"},"content":{"rendered":"<p>Bumble and bumble Sumoclay Matte Clay \u2013 T\u00e4m\u00e4 muotoiltava savi luo sotkuisia, runsaita tyylej\u00e4 runsaalla mattapintaisella m\u00e4\u00e4rittelyll\u00e4. Sopii kaikille hiustyypeille ja tekstuureille. Voidaan k\u00e4ytt\u00e4\u00e4 milloin tahansa. K\u00e4ytet\u00e4\u00e4n sellaisenaan tai mink\u00e4 tahansa Bb. Primerin kanssa.<\/p>\n<p>50 ml<\/p>\n","protected":false},"excerpt":{"rendered":"<p>Bumble and bumble Sumoclay Matte Clay \u2013 T\u00e4m\u00e4 muotoiltava savi luo sotkuisia, runsaita tyylej\u00e4 runsaalla mattapintaisella m\u00e4\u00e4rittelyll\u00e4. Sopii kaikille hiustyypeille ja tekstuureille. Voidaan k\u00e4ytt\u00e4\u00e4 milloin tahansa. K\u00e4ytet\u00e4\u00e4n sellaisenaan tai mink\u00e4 tahansa Bb. Primerin kanssa. 50 ml<\/p>\n","protected":false},"featured_media":438956,"comment_status":"open","ping_status":"closed","template":"","meta":{"_trash_the_other_posts":false},"product_brand":[],"product_cat":[702],"product_tag":[],"berocket_brand":[],"class_list":{"0":"post-438959","1":"product","2":"type-product","3":"status-publish","4":"has-post-thumbnail","6":"product_cat-clay","7":"pa_brand-bumble-and-bumble","9":"first","10":"instock","11":"sale","12":"taxable","13":"shipping-taxable","14":"purchasable","15":"product-type-simple"},"_links":{"self":[{"href":"https:\/\/stylingagenten.com\/fi\/wp-json\/wp\/v2\/product\/438959","targetHints":{"allow":["GET"]}}],"collection":[{"href":"https:\/\/stylingagenten.com\/fi\/wp-json\/wp\/v2\/product"}],"about":[{"href":"https:\/\/stylingagenten.com\/fi\/wp-json\/wp\/v2\/types\/product"}],"replies":[{"embeddable":true,"href":"https:\/\/stylingagenten.com\/fi\/wp-json\/wp\/v2\/comments?post=438959"}],"version-history":[{"count":0,"href":"https:\/\/stylingagenten.com\/fi\/wp-json\/wp\/v2\/product\/438959\/revisions"}],"wp:featuredmedia":[{"embeddable":true,"href":"https:\/\/stylingagenten.com\/fi\/wp-json\/wp\/v2\/media\/438956"}],"wp:attachment":[{"href":"https:\/\/stylingagenten.com\/fi\/wp-json\/wp\/v2\/media?parent=438959"}],"wp:term":[{"taxonomy":"product_brand","embeddable":true,"href":"https:\/\/stylingagenten.com\/fi\/wp-json\/wp\/v2\/product_brand?post=438959"},{"taxonomy":"product_cat","embeddable":true,"href":"https:\/\/stylingagenten.com\/fi\/wp-json\/wp\/v2\/product_cat?post=438959"},{"taxonomy":"product_tag","embeddable":true,"href":"https:\/\/stylingagenten.com\/fi\/wp-json\/wp\/v2\/product_tag?post=438959"},{"taxonomy":"berocket_brand","embeddable":true,"href":"https:\/\/stylingagenten.com\/fi\/wp-json\/wp\/v2\/berocket_brand?post=438959"}],"curies":[{"name":"wp","href":"https:\/\/api.w.org\/{rel}","templated":true}]}}