{"id":438955,"date":"2025-12-11T11:16:01","date_gmt":"2025-12-11T11:16:01","guid":{"rendered":"https:\/\/stylingagenten.com\/fi\/tuote\/bumble-and-bumble-sumotech-styling-creme-50ml\/"},"modified":"2026-04-08T15:32:16","modified_gmt":"2026-04-08T15:32:16","slug":"bumble-and-bumble-sumotech-styling-creme-50ml","status":"publish","type":"product","link":"https:\/\/stylingagenten.com\/fi\/tuote\/bumble-and-bumble-sumotech-styling-creme-50ml\/","title":{"rendered":"Bumble and bumble Sumotech Styling Creme 50ml"},"content":{"rendered":"<p>Bumble and bumble Sumotech \u2013 Se ei ole vaha, ei tahna eik\u00e4 voide, vaan keskivahva muotoileva sekoitus, joka yhdist\u00e4\u00e4 kaikki kolme (ja on modernin teknologian ihme).<\/p>\n<p>Kenelle: Sopii kaikille hiustyypeille. Luonteva valinta lyhyille hiuksille. Ei latista ohuita hiuksia. T\u00e4ydellinen vahvasti rakenteisille kampauksille.<br \/>Milloin: Milloin tahansa Prep- tai Tonic Lotion -tuotteen j\u00e4lkeen, kosteisiin tai kuiviin hiuksiin muotoiluun.<\/p>\n<p>50 ml<\/p>\n","protected":false},"excerpt":{"rendered":"<p>Bumble and bumble Sumotech \u2013 Se ei ole vaha, ei tahna eik\u00e4 voide, vaan keskivahva muotoileva sekoitus, joka yhdist\u00e4\u00e4 kaikki kolme (ja on modernin teknologian ihme). Kenelle: Sopii kaikille hiustyypeille. Luonteva valinta lyhyille hiuksille. Ei latista ohuita hiuksia. T\u00e4ydellinen vahvasti rakenteisille kampauksille.Milloin: Milloin tahansa Prep- tai Tonic Lotion -tuotteen j\u00e4lkeen, kosteisiin tai kuiviin hiuksiin muotoiluun. [&hellip;]<\/p>\n","protected":false},"featured_media":438951,"comment_status":"open","ping_status":"closed","template":"","meta":{"_trash_the_other_posts":false},"product_brand":[],"product_cat":[703],"product_tag":[],"berocket_brand":[],"class_list":{"0":"post-438955","1":"product","2":"type-product","3":"status-publish","4":"has-post-thumbnail","6":"product_cat-pomade","7":"pa_brand-bumble-and-bumble","9":"first","10":"instock","11":"sale","12":"taxable","13":"shipping-taxable","14":"purchasable","15":"product-type-simple"},"_links":{"self":[{"href":"https:\/\/stylingagenten.com\/fi\/wp-json\/wp\/v2\/product\/438955","targetHints":{"allow":["GET"]}}],"collection":[{"href":"https:\/\/stylingagenten.com\/fi\/wp-json\/wp\/v2\/product"}],"about":[{"href":"https:\/\/stylingagenten.com\/fi\/wp-json\/wp\/v2\/types\/product"}],"replies":[{"embeddable":true,"href":"https:\/\/stylingagenten.com\/fi\/wp-json\/wp\/v2\/comments?post=438955"}],"version-history":[{"count":0,"href":"https:\/\/stylingagenten.com\/fi\/wp-json\/wp\/v2\/product\/438955\/revisions"}],"wp:featuredmedia":[{"embeddable":true,"href":"https:\/\/stylingagenten.com\/fi\/wp-json\/wp\/v2\/media\/438951"}],"wp:attachment":[{"href":"https:\/\/stylingagenten.com\/fi\/wp-json\/wp\/v2\/media?parent=438955"}],"wp:term":[{"taxonomy":"product_brand","embeddable":true,"href":"https:\/\/stylingagenten.com\/fi\/wp-json\/wp\/v2\/product_brand?post=438955"},{"taxonomy":"product_cat","embeddable":true,"href":"https:\/\/stylingagenten.com\/fi\/wp-json\/wp\/v2\/product_cat?post=438955"},{"taxonomy":"product_tag","embeddable":true,"href":"https:\/\/stylingagenten.com\/fi\/wp-json\/wp\/v2\/product_tag?post=438955"},{"taxonomy":"berocket_brand","embeddable":true,"href":"https:\/\/stylingagenten.com\/fi\/wp-json\/wp\/v2\/berocket_brand?post=438955"}],"curies":[{"name":"wp","href":"https:\/\/api.w.org\/{rel}","templated":true}]}}