{"id":438864,"date":"2025-12-11T10:52:01","date_gmt":"2025-12-11T10:52:01","guid":{"rendered":"https:\/\/stylingagenten.com\/fi\/tuote\/bumble-and-bumble-hairdressers-invisible-hair-oil-100ml\/"},"modified":"2026-04-08T15:31:50","modified_gmt":"2026-04-08T15:31:50","slug":"bumble-and-bumble-hairdressers-invisible-hair-oil-100ml","status":"publish","type":"product","link":"https:\/\/stylingagenten.com\/fi\/tuote\/bumble-and-bumble-hairdressers-invisible-hair-oil-100ml\/","title":{"rendered":"Bumble and bumble Hairdresser&#8217;s Invisible Hair Oil 100ml"},"content":{"rendered":"<p>Bumble and bumble Hairdresser&#8217;s Invisible Hair Oil \u2013 T\u00e4m\u00e4 sekoitus kuutta ravitsevaa \u00f6ljy\u00e4 imeytyy hiuksiin, j\u00e4tt\u00e4en sile\u00e4n, h\u00f6yhenenkevyen tunteen ja kauniin kiillon.<br \/>Kenelle: Kaikille hiustyypeille (ja v\u00e4reille).<br \/>Milloin: Milloin tahansa, sileytt\u00e4m\u00e4\u00e4n ja v\u00e4hent\u00e4m\u00e4\u00e4n p\u00f6rr\u00f6isyytt\u00e4, hillitsem\u00e4\u00e4n s\u00e4hk\u00f6isyytt\u00e4, selvitt\u00e4m\u00e4\u00e4n hiuksia ja vahvistamaan hiuksia katkeamista vastaan.<\/p>\n<p>100ml<\/p>\n","protected":false},"excerpt":{"rendered":"<p>Bumble and bumble Hairdresser&#8217;s Invisible Hair Oil \u2013 T\u00e4m\u00e4 sekoitus kuutta ravitsevaa \u00f6ljy\u00e4 imeytyy hiuksiin, j\u00e4tt\u00e4en sile\u00e4n, h\u00f6yhenenkevyen tunteen ja kauniin kiillon.Kenelle: Kaikille hiustyypeille (ja v\u00e4reille).Milloin: Milloin tahansa, sileytt\u00e4m\u00e4\u00e4n ja v\u00e4hent\u00e4m\u00e4\u00e4n p\u00f6rr\u00f6isyytt\u00e4, hillitsem\u00e4\u00e4n s\u00e4hk\u00f6isyytt\u00e4, selvitt\u00e4m\u00e4\u00e4n hiuksia ja vahvistamaan hiuksia katkeamista vastaan. 100ml<\/p>\n","protected":false},"featured_media":438861,"comment_status":"open","ping_status":"closed","template":"","meta":{"_trash_the_other_posts":false},"product_brand":[],"product_cat":[610],"product_tag":[],"berocket_brand":[],"class_list":{"0":"post-438864","1":"product","2":"type-product","3":"status-publish","4":"has-post-thumbnail","6":"product_cat-hiusoljy","7":"pa_brand-bumble-and-bumble","9":"first","10":"instock","11":"sale","12":"taxable","13":"shipping-taxable","14":"purchasable","15":"product-type-simple"},"_links":{"self":[{"href":"https:\/\/stylingagenten.com\/fi\/wp-json\/wp\/v2\/product\/438864","targetHints":{"allow":["GET"]}}],"collection":[{"href":"https:\/\/stylingagenten.com\/fi\/wp-json\/wp\/v2\/product"}],"about":[{"href":"https:\/\/stylingagenten.com\/fi\/wp-json\/wp\/v2\/types\/product"}],"replies":[{"embeddable":true,"href":"https:\/\/stylingagenten.com\/fi\/wp-json\/wp\/v2\/comments?post=438864"}],"version-history":[{"count":0,"href":"https:\/\/stylingagenten.com\/fi\/wp-json\/wp\/v2\/product\/438864\/revisions"}],"wp:featuredmedia":[{"embeddable":true,"href":"https:\/\/stylingagenten.com\/fi\/wp-json\/wp\/v2\/media\/438861"}],"wp:attachment":[{"href":"https:\/\/stylingagenten.com\/fi\/wp-json\/wp\/v2\/media?parent=438864"}],"wp:term":[{"taxonomy":"product_brand","embeddable":true,"href":"https:\/\/stylingagenten.com\/fi\/wp-json\/wp\/v2\/product_brand?post=438864"},{"taxonomy":"product_cat","embeddable":true,"href":"https:\/\/stylingagenten.com\/fi\/wp-json\/wp\/v2\/product_cat?post=438864"},{"taxonomy":"product_tag","embeddable":true,"href":"https:\/\/stylingagenten.com\/fi\/wp-json\/wp\/v2\/product_tag?post=438864"},{"taxonomy":"berocket_brand","embeddable":true,"href":"https:\/\/stylingagenten.com\/fi\/wp-json\/wp\/v2\/berocket_brand?post=438864"}],"curies":[{"name":"wp","href":"https:\/\/api.w.org\/{rel}","templated":true}]}}