{"id":438841,"date":"2025-12-11T10:42:51","date_gmt":"2025-12-11T10:42:51","guid":{"rendered":"https:\/\/stylingagenten.com\/fi\/tuote\/bumble-and-bumble-heat-shield-blow-dry-accelerator-125ml\/"},"modified":"2026-04-08T15:32:15","modified_gmt":"2026-04-08T15:32:15","slug":"bumble-and-bumble-heat-shield-blow-dry-accelerator-125ml","status":"publish","type":"product","link":"https:\/\/stylingagenten.com\/fi\/tuote\/bumble-and-bumble-heat-shield-blow-dry-accelerator-125ml\/","title":{"rendered":"Bumble and bumble Heat Shield Blow Dry Accelerator 125ml"},"content":{"rendered":"<p>Bumble and bumble Heat Shield Blow Dry Accelerator on suihke, joka lyhent\u00e4\u00e4 f\u00f6\u00f6nausaikaa, suojaa l\u00e4mp\u00f6-\/UV-vaurioilta ja vaurioituneilta hiuksilta, ja j\u00e4tt\u00e4\u00e4 hiukset terveiksi ja kauniiksi. 3 viidest\u00e4 naisesta sanoo sen v\u00e4hent\u00e4v\u00e4n f\u00f6\u00f6nausaikaa 50 %.<\/p>\n<p>MIKSI: Terveemp\u00e4\u00e4 ja nopeampaa f\u00f6\u00f6nausta varten.<br \/>KENELLE: Kaikille vaurioituneille hiustyypeille (l\u00e4mp\u00f6, v\u00e4ri ja kemikaalit). V\u00e4riyst\u00e4v\u00e4llinen.<\/p>\n<p>125 ml<\/p>\n","protected":false},"excerpt":{"rendered":"<p>Bumble and bumble Heat Shield Blow Dry Accelerator on suihke, joka lyhent\u00e4\u00e4 f\u00f6\u00f6nausaikaa, suojaa l\u00e4mp\u00f6-\/UV-vaurioilta ja vaurioituneilta hiuksilta, ja j\u00e4tt\u00e4\u00e4 hiukset terveiksi ja kauniiksi. 3 viidest\u00e4 naisesta sanoo sen v\u00e4hent\u00e4v\u00e4n f\u00f6\u00f6nausaikaa 50 %. MIKSI: Terveemp\u00e4\u00e4 ja nopeampaa f\u00f6\u00f6nausta varten.KENELLE: Kaikille vaurioituneille hiustyypeille (l\u00e4mp\u00f6, v\u00e4ri ja kemikaalit). V\u00e4riyst\u00e4v\u00e4llinen. 125 ml<\/p>\n","protected":false},"featured_media":438837,"comment_status":"open","ping_status":"closed","template":"","meta":{"_trash_the_other_posts":false},"product_brand":[],"product_cat":[624],"product_tag":[],"berocket_brand":[],"class_list":{"0":"post-438841","1":"product","2":"type-product","3":"status-publish","4":"has-post-thumbnail","6":"product_cat-lamposuoja","7":"pa_brand-bumble-and-bumble","9":"first","10":"instock","11":"sale","12":"taxable","13":"shipping-taxable","14":"purchasable","15":"product-type-simple"},"_links":{"self":[{"href":"https:\/\/stylingagenten.com\/fi\/wp-json\/wp\/v2\/product\/438841","targetHints":{"allow":["GET"]}}],"collection":[{"href":"https:\/\/stylingagenten.com\/fi\/wp-json\/wp\/v2\/product"}],"about":[{"href":"https:\/\/stylingagenten.com\/fi\/wp-json\/wp\/v2\/types\/product"}],"replies":[{"embeddable":true,"href":"https:\/\/stylingagenten.com\/fi\/wp-json\/wp\/v2\/comments?post=438841"}],"version-history":[{"count":0,"href":"https:\/\/stylingagenten.com\/fi\/wp-json\/wp\/v2\/product\/438841\/revisions"}],"wp:featuredmedia":[{"embeddable":true,"href":"https:\/\/stylingagenten.com\/fi\/wp-json\/wp\/v2\/media\/438837"}],"wp:attachment":[{"href":"https:\/\/stylingagenten.com\/fi\/wp-json\/wp\/v2\/media?parent=438841"}],"wp:term":[{"taxonomy":"product_brand","embeddable":true,"href":"https:\/\/stylingagenten.com\/fi\/wp-json\/wp\/v2\/product_brand?post=438841"},{"taxonomy":"product_cat","embeddable":true,"href":"https:\/\/stylingagenten.com\/fi\/wp-json\/wp\/v2\/product_cat?post=438841"},{"taxonomy":"product_tag","embeddable":true,"href":"https:\/\/stylingagenten.com\/fi\/wp-json\/wp\/v2\/product_tag?post=438841"},{"taxonomy":"berocket_brand","embeddable":true,"href":"https:\/\/stylingagenten.com\/fi\/wp-json\/wp\/v2\/berocket_brand?post=438841"}],"curies":[{"name":"wp","href":"https:\/\/api.w.org\/{rel}","templated":true}]}}