{"id":438798,"date":"2025-12-11T10:25:08","date_gmt":"2025-12-11T10:25:08","guid":{"rendered":"https:\/\/stylingagenten.com\/fi\/tuote\/bumble-and-bumble-curl-mousse-146ml\/"},"modified":"2026-04-08T15:31:36","modified_gmt":"2026-04-08T15:31:36","slug":"bumble-and-bumble-curl-mousse-146ml","status":"publish","type":"product","link":"https:\/\/stylingagenten.com\/fi\/tuote\/bumble-and-bumble-curl-mousse-146ml\/","title":{"rendered":"Bumble and bumble Curl Mousse 146ml"},"content":{"rendered":"<p>Bumble and bumble Curl Mousse luo runsaita, kimmoisia kiharoita t\u00e4m\u00e4n kevyen moussen avulla. Nyt parannettu runsaalla sekoituksella avokado-, kookos- ja jojoba\u00f6ljyj\u00e4 sek\u00e4 shea- ja kaakaovoita. Antaa kosteutta, v\u00e4hent\u00e4\u00e4 p\u00f6rr\u00f6isyytt\u00e4 ja m\u00e4\u00e4rittelee kiharat.<br \/>146ml<\/p>\n","protected":false},"excerpt":{"rendered":"<p>Bumble and bumble Curl Mousse luo runsaita, kimmoisia kiharoita t\u00e4m\u00e4n kevyen moussen avulla. Nyt parannettu runsaalla sekoituksella avokado-, kookos- ja jojoba\u00f6ljyj\u00e4 sek\u00e4 shea- ja kaakaovoita. Antaa kosteutta, v\u00e4hent\u00e4\u00e4 p\u00f6rr\u00f6isyytt\u00e4 ja m\u00e4\u00e4rittelee kiharat.146ml<\/p>\n","protected":false},"featured_media":438795,"comment_status":"open","ping_status":"closed","template":"","meta":{"_trash_the_other_posts":false},"product_brand":[],"product_cat":[595],"product_tag":[],"berocket_brand":[],"class_list":{"0":"post-438798","1":"product","2":"type-product","3":"status-publish","4":"has-post-thumbnail","6":"product_cat-harmousse","7":"pa_brand-bumble-and-bumble","9":"first","10":"instock","11":"sale","12":"taxable","13":"shipping-taxable","14":"purchasable","15":"product-type-simple"},"_links":{"self":[{"href":"https:\/\/stylingagenten.com\/fi\/wp-json\/wp\/v2\/product\/438798","targetHints":{"allow":["GET"]}}],"collection":[{"href":"https:\/\/stylingagenten.com\/fi\/wp-json\/wp\/v2\/product"}],"about":[{"href":"https:\/\/stylingagenten.com\/fi\/wp-json\/wp\/v2\/types\/product"}],"replies":[{"embeddable":true,"href":"https:\/\/stylingagenten.com\/fi\/wp-json\/wp\/v2\/comments?post=438798"}],"version-history":[{"count":0,"href":"https:\/\/stylingagenten.com\/fi\/wp-json\/wp\/v2\/product\/438798\/revisions"}],"wp:featuredmedia":[{"embeddable":true,"href":"https:\/\/stylingagenten.com\/fi\/wp-json\/wp\/v2\/media\/438795"}],"wp:attachment":[{"href":"https:\/\/stylingagenten.com\/fi\/wp-json\/wp\/v2\/media?parent=438798"}],"wp:term":[{"taxonomy":"product_brand","embeddable":true,"href":"https:\/\/stylingagenten.com\/fi\/wp-json\/wp\/v2\/product_brand?post=438798"},{"taxonomy":"product_cat","embeddable":true,"href":"https:\/\/stylingagenten.com\/fi\/wp-json\/wp\/v2\/product_cat?post=438798"},{"taxonomy":"product_tag","embeddable":true,"href":"https:\/\/stylingagenten.com\/fi\/wp-json\/wp\/v2\/product_tag?post=438798"},{"taxonomy":"berocket_brand","embeddable":true,"href":"https:\/\/stylingagenten.com\/fi\/wp-json\/wp\/v2\/berocket_brand?post=438798"}],"curies":[{"name":"wp","href":"https:\/\/api.w.org\/{rel}","templated":true}]}}