{"id":438216,"date":"2025-11-28T10:17:02","date_gmt":"2025-11-28T10:17:02","guid":{"rendered":"https:\/\/stylingagenten.com\/fi\/tuote\/diesel-fuel-for-life-all-over-body-spray-200ml\/"},"modified":"2026-04-06T18:28:29","modified_gmt":"2026-04-06T18:28:29","slug":"diesel-fuel-for-life-all-over-body-spray-200ml","status":"publish","type":"product","link":"https:\/\/stylingagenten.com\/fi\/tuote\/diesel-fuel-for-life-all-over-body-spray-200ml\/","title":{"rendered":"Diesel Fuel for Life All Over Body Spray 200ml"},"content":{"rendered":"<p>Diesel Fuel for Life All Over Body Spray on myyttinen eliksiiri, joka tuo mieleen energian l\u00e4hteen ja her\u00e4tt\u00e4\u00e4 intohimon el\u00e4m\u00e4\u00e4n. N\u00e4m\u00e4 tunteet, yhdistettyin\u00e4 seksikkyyteen ja viettelevyyteen, ovat juuri se, mit\u00e4 Diesel on uudelleen luonut ja pullottanut t\u00e4h\u00e4n all over body sprayhin \u2013 t\u00e4m\u00e4 on Fuel for Life.<\/p>\n<p>Alkutuoksut: Anis ja greippi \u2013 kupliva ja raikas alku, joka kutittelee nen\u00e4\u00e4.<br \/>Syd\u00e4ntuoksut: Vadelma ja laventeli \u2013 makea, kukkainen syd\u00e4n, jossa on ihana luonne.<br \/>Pohjatuoksut: Puuaiset vivahteet ja heliotrooppi \u2013 l\u00e4mmin ja mystinen loppu, joka j\u00e4tt\u00e4\u00e4 pysyv\u00e4n vaikutelman.<\/p>\n<p>200 ml<\/p>\n","protected":false},"excerpt":{"rendered":"<p>Diesel Fuel for Life All Over Body Spray on myyttinen eliksiiri, joka tuo mieleen energian l\u00e4hteen ja her\u00e4tt\u00e4\u00e4 intohimon el\u00e4m\u00e4\u00e4n. N\u00e4m\u00e4 tunteet, yhdistettyin\u00e4 seksikkyyteen ja viettelevyyteen, ovat juuri se, mit\u00e4 Diesel on uudelleen luonut ja pullottanut t\u00e4h\u00e4n all over body sprayhin \u2013 t\u00e4m\u00e4 on Fuel for Life. Alkutuoksut: Anis ja greippi \u2013 kupliva ja raikas [&hellip;]<\/p>\n","protected":false},"featured_media":438215,"comment_status":"open","ping_status":"closed","template":"","meta":{"_trash_the_other_posts":false},"product_brand":[],"product_cat":[722,1000,735],"product_tag":[],"berocket_brand":[],"class_list":{"0":"post-438216","1":"product","2":"type-product","3":"status-publish","4":"has-post-thumbnail","6":"product_cat-deo-spray-miehet","7":"product_cat-kampanjatarjous-miehelle","8":"product_cat-kampanjamme","9":"pa_brand-diesel","11":"first","12":"instock","13":"sale","14":"taxable","15":"shipping-taxable","16":"purchasable","17":"product-type-simple"},"_links":{"self":[{"href":"https:\/\/stylingagenten.com\/fi\/wp-json\/wp\/v2\/product\/438216","targetHints":{"allow":["GET"]}}],"collection":[{"href":"https:\/\/stylingagenten.com\/fi\/wp-json\/wp\/v2\/product"}],"about":[{"href":"https:\/\/stylingagenten.com\/fi\/wp-json\/wp\/v2\/types\/product"}],"replies":[{"embeddable":true,"href":"https:\/\/stylingagenten.com\/fi\/wp-json\/wp\/v2\/comments?post=438216"}],"version-history":[{"count":0,"href":"https:\/\/stylingagenten.com\/fi\/wp-json\/wp\/v2\/product\/438216\/revisions"}],"wp:featuredmedia":[{"embeddable":true,"href":"https:\/\/stylingagenten.com\/fi\/wp-json\/wp\/v2\/media\/438215"}],"wp:attachment":[{"href":"https:\/\/stylingagenten.com\/fi\/wp-json\/wp\/v2\/media?parent=438216"}],"wp:term":[{"taxonomy":"product_brand","embeddable":true,"href":"https:\/\/stylingagenten.com\/fi\/wp-json\/wp\/v2\/product_brand?post=438216"},{"taxonomy":"product_cat","embeddable":true,"href":"https:\/\/stylingagenten.com\/fi\/wp-json\/wp\/v2\/product_cat?post=438216"},{"taxonomy":"product_tag","embeddable":true,"href":"https:\/\/stylingagenten.com\/fi\/wp-json\/wp\/v2\/product_tag?post=438216"},{"taxonomy":"berocket_brand","embeddable":true,"href":"https:\/\/stylingagenten.com\/fi\/wp-json\/wp\/v2\/berocket_brand?post=438216"}],"curies":[{"name":"wp","href":"https:\/\/api.w.org\/{rel}","templated":true}]}}