{"id":438188,"date":"2025-11-28T10:15:57","date_gmt":"2025-11-28T10:15:57","guid":{"rendered":"https:\/\/stylingagenten.com\/fi\/tuote\/clean-classic-apple-blossom-edp-30ml\/"},"modified":"2026-04-08T15:31:39","modified_gmt":"2026-04-08T15:31:39","slug":"clean-classic-apple-blossom-edp-30ml","status":"publish","type":"product","link":"https:\/\/stylingagenten.com\/fi\/tuote\/clean-classic-apple-blossom-edp-30ml\/","title":{"rendered":"Clean Classic Apple Blossom Edp 30ml"},"content":{"rendered":"<p>Clean Classic Apple Blossom EDP avautuu mehukkailla omen, p\u00e4\u00e4ryn\u00e4- ja greippinuoteilla, jotka antavat t\u00e4lle parfymille sen koukuttavan ja tunnistettavan luonteen. Syd\u00e4mess\u00e4 on kevyit\u00e4 kukkaisia nuotteja, joita t\u00e4ydent\u00e4\u00e4 pohjatuoksu hienostuneesta amberwoodista ja myskist\u00e4, joka j\u00e4tt\u00e4\u00e4 iholle pehme\u00e4n ja pysyv\u00e4n j\u00e4ljen. Kaikkia Clean-tuoksuja voi k\u00e4ytt\u00e4\u00e4 kerrostamiseen (layering), eli yhdist\u00e4\u00e4 kahta tai useampaa hajuvett\u00e4 luodaksesi ainutlaatuisen tuoksun. Apple Blossom EDP sopii erityisen hyvin yhteen Rain EDP:n kanssa.<\/p>\n<p>Huvudnuotit: Omena, P\u00e4\u00e4ryn\u00e4, Greippi<br \/>Syd\u00e4nnuotit: Pioni, Freesia, Vesijasmiini<br \/>Pohjanuotit: Orcanox (luonnollinen myski), Amberwood, Musk Water<\/p>\n<p>30ml<\/p>\n","protected":false},"excerpt":{"rendered":"<p>Clean Classic Apple Blossom EDP avautuu mehukkailla omen, p\u00e4\u00e4ryn\u00e4- ja greippinuoteilla, jotka antavat t\u00e4lle parfymille sen koukuttavan ja tunnistettavan luonteen. Syd\u00e4mess\u00e4 on kevyit\u00e4 kukkaisia nuotteja, joita t\u00e4ydent\u00e4\u00e4 pohjatuoksu hienostuneesta amberwoodista ja myskist\u00e4, joka j\u00e4tt\u00e4\u00e4 iholle pehme\u00e4n ja pysyv\u00e4n j\u00e4ljen. Kaikkia Clean-tuoksuja voi k\u00e4ytt\u00e4\u00e4 kerrostamiseen (layering), eli yhdist\u00e4\u00e4 kahta tai useampaa hajuvett\u00e4 luodaksesi ainutlaatuisen tuoksun. Apple [&hellip;]<\/p>\n","protected":false},"featured_media":438184,"comment_status":"open","ping_status":"closed","template":"","meta":{"_trash_the_other_posts":false},"product_brand":[],"product_cat":[729,999,735],"product_tag":[],"berocket_brand":[],"class_list":{"0":"post-438188","1":"product","2":"type-product","3":"status-publish","4":"has-post-thumbnail","6":"product_cat-eau-de-parfum-unisex","7":"product_cat-kampanjatarjous-naiselle","8":"product_cat-kampanjamme","9":"pa_brand-clean","11":"first","12":"instock","13":"sale","14":"taxable","15":"shipping-taxable","16":"purchasable","17":"product-type-simple"},"_links":{"self":[{"href":"https:\/\/stylingagenten.com\/fi\/wp-json\/wp\/v2\/product\/438188","targetHints":{"allow":["GET"]}}],"collection":[{"href":"https:\/\/stylingagenten.com\/fi\/wp-json\/wp\/v2\/product"}],"about":[{"href":"https:\/\/stylingagenten.com\/fi\/wp-json\/wp\/v2\/types\/product"}],"replies":[{"embeddable":true,"href":"https:\/\/stylingagenten.com\/fi\/wp-json\/wp\/v2\/comments?post=438188"}],"version-history":[{"count":0,"href":"https:\/\/stylingagenten.com\/fi\/wp-json\/wp\/v2\/product\/438188\/revisions"}],"wp:featuredmedia":[{"embeddable":true,"href":"https:\/\/stylingagenten.com\/fi\/wp-json\/wp\/v2\/media\/438184"}],"wp:attachment":[{"href":"https:\/\/stylingagenten.com\/fi\/wp-json\/wp\/v2\/media?parent=438188"}],"wp:term":[{"taxonomy":"product_brand","embeddable":true,"href":"https:\/\/stylingagenten.com\/fi\/wp-json\/wp\/v2\/product_brand?post=438188"},{"taxonomy":"product_cat","embeddable":true,"href":"https:\/\/stylingagenten.com\/fi\/wp-json\/wp\/v2\/product_cat?post=438188"},{"taxonomy":"product_tag","embeddable":true,"href":"https:\/\/stylingagenten.com\/fi\/wp-json\/wp\/v2\/product_tag?post=438188"},{"taxonomy":"berocket_brand","embeddable":true,"href":"https:\/\/stylingagenten.com\/fi\/wp-json\/wp\/v2\/berocket_brand?post=438188"}],"curies":[{"name":"wp","href":"https:\/\/api.w.org\/{rel}","templated":true}]}}