{"id":438179,"date":"2025-11-28T10:15:36","date_gmt":"2025-11-28T10:15:36","guid":{"rendered":"https:\/\/stylingagenten.com\/fi\/tuote\/hugo-boss-boss-bottled-beyond-deo-spray-150ml\/"},"modified":"2026-04-08T20:48:36","modified_gmt":"2026-04-08T20:48:36","slug":"hugo-boss-boss-bottled-beyond-deo-spray-150ml","status":"publish","type":"product","link":"https:\/\/stylingagenten.com\/fi\/tuote\/hugo-boss-boss-bottled-beyond-deo-spray-150ml\/","title":{"rendered":"Hugo Boss Boss Bottled Beyond Deo Spray 150ml"},"content":{"rendered":"<p>Hugo Boss Boss Bottled Beyond Deo Spray on tehokas ja virkist\u00e4v\u00e4 deodorantti miehille, joka tarjoaa jopa 48 tunnin suojan hajua vastaan. Maskuliininen tuoksu yhdist\u00e4\u00e4 eloisan inkiv\u00e4\u00e4rin ja hienostuneen nahan pitk\u00e4\u00e4n kest\u00e4v\u00e4\u00e4n ja energiseen tuoksuel\u00e4mykseen. Koostumus antaa v\u00e4litt\u00f6m\u00e4n viilent\u00e4v\u00e4n vaikutuksen, on hell\u00e4varainen herk\u00e4lle iholle eik\u00e4 j\u00e4t\u00e4 n\u00e4kyvi\u00e4 j\u00e4\u00e4mi\u00e4. Tyylik\u00e4s musta ja gunmetal-spraypullo t\u00e4ydent\u00e4\u00e4 BOSS Bottled Beyond Eau de Parfum -tuoksun ja viimeistelee tuoksuel\u00e4myksen. T\u00e4ydellinen aktiiviseen el\u00e4m\u00e4ntyyliin, jossa mukavuus kohtaa tyylin.<\/p>\n<p>150ml<\/p>\n","protected":false},"excerpt":{"rendered":"<p>Hugo Boss Boss Bottled Beyond Deo Spray on tehokas ja virkist\u00e4v\u00e4 deodorantti miehille, joka tarjoaa jopa 48 tunnin suojan hajua vastaan. Maskuliininen tuoksu yhdist\u00e4\u00e4 eloisan inkiv\u00e4\u00e4rin ja hienostuneen nahan pitk\u00e4\u00e4n kest\u00e4v\u00e4\u00e4n ja energiseen tuoksuel\u00e4mykseen. Koostumus antaa v\u00e4litt\u00f6m\u00e4n viilent\u00e4v\u00e4n vaikutuksen, on hell\u00e4varainen herk\u00e4lle iholle eik\u00e4 j\u00e4t\u00e4 n\u00e4kyvi\u00e4 j\u00e4\u00e4mi\u00e4. Tyylik\u00e4s musta ja gunmetal-spraypullo t\u00e4ydent\u00e4\u00e4 BOSS Bottled Beyond [&hellip;]<\/p>\n","protected":false},"featured_media":438178,"comment_status":"open","ping_status":"closed","template":"","meta":{"_trash_the_other_posts":false},"product_brand":[],"product_cat":[722,1000,735],"product_tag":[],"berocket_brand":[],"class_list":{"0":"post-438179","1":"product","2":"type-product","3":"status-publish","4":"has-post-thumbnail","6":"product_cat-deo-spray-miehet","7":"product_cat-kampanjatarjous-miehelle","8":"product_cat-kampanjamme","9":"pa_brand-hugo-boss","11":"first","12":"instock","13":"sale","14":"taxable","15":"shipping-taxable","16":"purchasable","17":"product-type-simple"},"_links":{"self":[{"href":"https:\/\/stylingagenten.com\/fi\/wp-json\/wp\/v2\/product\/438179","targetHints":{"allow":["GET"]}}],"collection":[{"href":"https:\/\/stylingagenten.com\/fi\/wp-json\/wp\/v2\/product"}],"about":[{"href":"https:\/\/stylingagenten.com\/fi\/wp-json\/wp\/v2\/types\/product"}],"replies":[{"embeddable":true,"href":"https:\/\/stylingagenten.com\/fi\/wp-json\/wp\/v2\/comments?post=438179"}],"version-history":[{"count":0,"href":"https:\/\/stylingagenten.com\/fi\/wp-json\/wp\/v2\/product\/438179\/revisions"}],"wp:featuredmedia":[{"embeddable":true,"href":"https:\/\/stylingagenten.com\/fi\/wp-json\/wp\/v2\/media\/438178"}],"wp:attachment":[{"href":"https:\/\/stylingagenten.com\/fi\/wp-json\/wp\/v2\/media?parent=438179"}],"wp:term":[{"taxonomy":"product_brand","embeddable":true,"href":"https:\/\/stylingagenten.com\/fi\/wp-json\/wp\/v2\/product_brand?post=438179"},{"taxonomy":"product_cat","embeddable":true,"href":"https:\/\/stylingagenten.com\/fi\/wp-json\/wp\/v2\/product_cat?post=438179"},{"taxonomy":"product_tag","embeddable":true,"href":"https:\/\/stylingagenten.com\/fi\/wp-json\/wp\/v2\/product_tag?post=438179"},{"taxonomy":"berocket_brand","embeddable":true,"href":"https:\/\/stylingagenten.com\/fi\/wp-json\/wp\/v2\/berocket_brand?post=438179"}],"curies":[{"name":"wp","href":"https:\/\/api.w.org\/{rel}","templated":true}]}}