{"id":438144,"date":"2025-11-27T13:31:27","date_gmt":"2025-11-27T13:31:27","guid":{"rendered":"https:\/\/stylingagenten.com\/fi\/tuote\/giftset-versace-dylan-turquoise-pour-femme-edt-50ml-body-lotion-50ml-shower-gel-50ml\/"},"modified":"2026-04-04T13:38:35","modified_gmt":"2026-04-04T13:38:35","slug":"giftset-versace-dylan-turquoise-pour-femme-edt-50ml-body-lotion-50ml-shower-gel-50ml","status":"publish","type":"product","link":"https:\/\/stylingagenten.com\/fi\/tuote\/giftset-versace-dylan-turquoise-pour-femme-edt-50ml-body-lotion-50ml-shower-gel-50ml\/","title":{"rendered":"Giftset Versace Dylan Turquoise Pour Femme Edt 50ml + Body Lotion 50ml + Shower Gel 50ml"},"content":{"rendered":"<p>Versace Dylan Turquoise Pour Femme EDT on l\u00e4mmin ja kupliva. Dylan Turquoise on kunnianosoitus Versace-naisen sensuaalisuudelle ja ilmaisee sek\u00e4 perinteit\u00e4 ett\u00e4 innovaatioita. Tuoksu vie sinut pakomatkalle kaukaisille saarille, miss\u00e4 sininen taivas kohtaa kristallinkirkkaan veden. Merituuli hyv\u00e4ilee ihoa, her\u00e4tt\u00e4\u00e4 aistit ja uudistaa sielun. Tuoksu tuo mieleen l\u00e4mpimi\u00e4, aurinkoisia kes\u00e4p\u00e4ivi\u00e4.<\/p>\n<p>Vihre\u00e4t p\u00e4\u00e4ntuoksut alkavat ripauksella kirpe\u00e4\u00e4 primofiore-sitruunaa, jonka uskomaton mehevyys antaa ihanan, raikkaan tunteen. Sitruuna yhdistettyn\u00e4 Sisilian italialaiseen mandariiniin luo moniulotteisen tuoksun. Vaaleanpunainen pippuri antaa p\u00e4\u00e4ntuoksuille viel\u00e4kin kuplivamman luonteen.<\/p>\n<p>Mutta syd\u00e4n on tuoksun luovuuden keski\u00f6ss\u00e4. Uniikki akordi korostaa guavan mehukkuutta ja antaa eksoottisen, trooppisen vivahteen, joka kest\u00e4\u00e4 pitk\u00e4\u00e4n. Raikkaan ja ilmavan tunteen luomiseksi guava yhdistet\u00e4\u00e4n hennosti kukkivien jasmiininuppujen ja freesian uutteeseen, antaen kompositiolle modernin, vihre\u00e4n s\u00e4vyn.<\/p>\n<p>Parfyymiin sensuaalisuus pohjautuu moderneihin puun tuoksuihin. Pohjatuoksut vaihtelevat valon ja varjon v\u00e4lill\u00e4, ja eksklusiivinen Clearwood\u00ae yhdist\u00e4\u00e4 sensuellin ambraan puumaisen tuoksun, mik\u00e4 luo ainutlaatuisen ilmavan ja pehme\u00e4n patsuli-tuoksun. Kuplivat puun tuoksut ja valkoinen myski lis\u00e4\u00e4v\u00e4t t\u00e4h\u00e4n arvostettuun tuoksuun modernia eleganssia.<\/p>\n<p>P\u00e4\u00e4ntuoksut: Mandariini, Primofiore-sitruuna, Vaaleanpunainen pippuri<br \/>Syd\u00e4ntuoksut: Mustaherukan nuput, Jasmiinin nuppu, Freesia, Guava<br \/>Pohjatuoksut: Clearwood\u00ae, Puuntuoksut, Myski<\/p>\n<p>Lahjapakkaus sis\u00e4lt\u00e4\u00e4:<\/p>\n<p>Versace Dylan Turquoise Pour Femme EDT 50 ml<\/p>\n<p>Versace Dylan Turquoise Pour Femme Body Lotion 50 ml<\/p>\n<p>Versace Dylan Turquoise Pour Femme Shower Gel 50 ml<\/p>\n","protected":false},"excerpt":{"rendered":"<p>Versace Dylan Turquoise Pour Femme EDT on l\u00e4mmin ja kupliva. Dylan Turquoise on kunnianosoitus Versace-naisen sensuaalisuudelle ja ilmaisee sek\u00e4 perinteit\u00e4 ett\u00e4 innovaatioita. Tuoksu vie sinut pakomatkalle kaukaisille saarille, miss\u00e4 sininen taivas kohtaa kristallinkirkkaan veden. Merituuli hyv\u00e4ilee ihoa, her\u00e4tt\u00e4\u00e4 aistit ja uudistaa sielun. Tuoksu tuo mieleen l\u00e4mpimi\u00e4, aurinkoisia kes\u00e4p\u00e4ivi\u00e4. Vihre\u00e4t p\u00e4\u00e4ntuoksut alkavat ripauksella kirpe\u00e4\u00e4 primofiore-sitruunaa, jonka [&hellip;]<\/p>\n","protected":false},"featured_media":438142,"comment_status":"open","ping_status":"closed","template":"","meta":{"_trash_the_other_posts":false},"product_brand":[],"product_cat":[999,544,735],"product_tag":[],"berocket_brand":[],"class_list":{"0":"post-438144","1":"product","2":"type-product","3":"status-publish","4":"has-post-thumbnail","6":"product_cat-kampanjatarjous-naiselle","7":"product_cat-gave-parfyme-dame","8":"product_cat-kampanjamme","9":"pa_brand-versace","11":"first","12":"instock","13":"sale","14":"taxable","15":"shipping-taxable","16":"purchasable","17":"product-type-simple"},"_links":{"self":[{"href":"https:\/\/stylingagenten.com\/fi\/wp-json\/wp\/v2\/product\/438144","targetHints":{"allow":["GET"]}}],"collection":[{"href":"https:\/\/stylingagenten.com\/fi\/wp-json\/wp\/v2\/product"}],"about":[{"href":"https:\/\/stylingagenten.com\/fi\/wp-json\/wp\/v2\/types\/product"}],"replies":[{"embeddable":true,"href":"https:\/\/stylingagenten.com\/fi\/wp-json\/wp\/v2\/comments?post=438144"}],"version-history":[{"count":0,"href":"https:\/\/stylingagenten.com\/fi\/wp-json\/wp\/v2\/product\/438144\/revisions"}],"wp:featuredmedia":[{"embeddable":true,"href":"https:\/\/stylingagenten.com\/fi\/wp-json\/wp\/v2\/media\/438142"}],"wp:attachment":[{"href":"https:\/\/stylingagenten.com\/fi\/wp-json\/wp\/v2\/media?parent=438144"}],"wp:term":[{"taxonomy":"product_brand","embeddable":true,"href":"https:\/\/stylingagenten.com\/fi\/wp-json\/wp\/v2\/product_brand?post=438144"},{"taxonomy":"product_cat","embeddable":true,"href":"https:\/\/stylingagenten.com\/fi\/wp-json\/wp\/v2\/product_cat?post=438144"},{"taxonomy":"product_tag","embeddable":true,"href":"https:\/\/stylingagenten.com\/fi\/wp-json\/wp\/v2\/product_tag?post=438144"},{"taxonomy":"berocket_brand","embeddable":true,"href":"https:\/\/stylingagenten.com\/fi\/wp-json\/wp\/v2\/berocket_brand?post=438144"}],"curies":[{"name":"wp","href":"https:\/\/api.w.org\/{rel}","templated":true}]}}