{"id":438107,"date":"2025-11-27T13:30:19","date_gmt":"2025-11-27T13:30:19","guid":{"rendered":"https:\/\/stylingagenten.com\/fi\/tuote\/giftset-chloe-edp-50ml-body-lotion-100ml\/"},"modified":"2026-03-26T21:30:09","modified_gmt":"2026-03-26T21:30:09","slug":"giftset-chloe-edp-50ml-body-lotion-100ml","status":"publish","type":"product","link":"https:\/\/stylingagenten.com\/fi\/tuote\/giftset-chloe-edp-50ml-body-lotion-100ml\/","title":{"rendered":"Giftset Chlo\u00e9 Edp 50ml + Body Lotion 100ml"},"content":{"rendered":"<p>Juhlista kauden taikaa Chlo\u00e9 EdP &amp; Body Lotion -lahjasetill\u00e4 \u2013 elegantti joululahja, joka kunnioittaa muotitalon ikonista ilmett\u00e4 ja ajattoman feminiinisyyden perint\u00f6\u00e4. Lahjarasia on koristeltu kultaisin kukin, jotka tuovat mieleen kimaltelevat juhlakoristeet \u2013 kutsu juhlia ilolla, tyylill\u00e4 ja tuoksulla. Sis\u00e4lt\u00e4 l\u00f6ytyy Chlo\u00e9n tunnusomaisin luomus Eau de Parfum -tuoksuna ja siihen sopiva vartalovoide. Tuoksu on moderni tulkinta ruususta \u2013 raikas, ilmava ja hienostunut \u2013 k\u00e4tketty ikoniseen viuhkamuotoiseen lasipulloon k\u00e4sinsidotulla rusetilla. Yhdess\u00e4 tuoksu ja vartalovoide luovat ylellisen kokemuksen, joka j\u00e4\u00e4 iholle.<\/p>\n<p>Setti sis\u00e4lt\u00e4\u00e4:<\/p>\n<p>Chlo\u00e9 Eau de Parfum 50 ml<\/p>\n<p>Chlo\u00e9 Body Lotion 100 ml<\/p>\n","protected":false},"excerpt":{"rendered":"<p>Juhlista kauden taikaa Chlo\u00e9 EdP &amp; Body Lotion -lahjasetill\u00e4 \u2013 elegantti joululahja, joka kunnioittaa muotitalon ikonista ilmett\u00e4 ja ajattoman feminiinisyyden perint\u00f6\u00e4. Lahjarasia on koristeltu kultaisin kukin, jotka tuovat mieleen kimaltelevat juhlakoristeet \u2013 kutsu juhlia ilolla, tyylill\u00e4 ja tuoksulla. Sis\u00e4lt\u00e4 l\u00f6ytyy Chlo\u00e9n tunnusomaisin luomus Eau de Parfum -tuoksuna ja siihen sopiva vartalovoide. Tuoksu on moderni tulkinta [&hellip;]<\/p>\n","protected":false},"featured_media":438105,"comment_status":"open","ping_status":"closed","template":"","meta":{"_trash_the_other_posts":false},"product_brand":[],"product_cat":[999,544,735],"product_tag":[],"berocket_brand":[],"class_list":{"0":"post-438107","1":"product","2":"type-product","3":"status-publish","4":"has-post-thumbnail","6":"product_cat-kampanjatarjous-naiselle","7":"product_cat-gave-parfyme-dame","8":"product_cat-kampanjamme","9":"pa_brand-chloe","11":"first","12":"instock","13":"sale","14":"taxable","15":"shipping-taxable","16":"purchasable","17":"product-type-simple"},"_links":{"self":[{"href":"https:\/\/stylingagenten.com\/fi\/wp-json\/wp\/v2\/product\/438107","targetHints":{"allow":["GET"]}}],"collection":[{"href":"https:\/\/stylingagenten.com\/fi\/wp-json\/wp\/v2\/product"}],"about":[{"href":"https:\/\/stylingagenten.com\/fi\/wp-json\/wp\/v2\/types\/product"}],"replies":[{"embeddable":true,"href":"https:\/\/stylingagenten.com\/fi\/wp-json\/wp\/v2\/comments?post=438107"}],"version-history":[{"count":0,"href":"https:\/\/stylingagenten.com\/fi\/wp-json\/wp\/v2\/product\/438107\/revisions"}],"wp:featuredmedia":[{"embeddable":true,"href":"https:\/\/stylingagenten.com\/fi\/wp-json\/wp\/v2\/media\/438105"}],"wp:attachment":[{"href":"https:\/\/stylingagenten.com\/fi\/wp-json\/wp\/v2\/media?parent=438107"}],"wp:term":[{"taxonomy":"product_brand","embeddable":true,"href":"https:\/\/stylingagenten.com\/fi\/wp-json\/wp\/v2\/product_brand?post=438107"},{"taxonomy":"product_cat","embeddable":true,"href":"https:\/\/stylingagenten.com\/fi\/wp-json\/wp\/v2\/product_cat?post=438107"},{"taxonomy":"product_tag","embeddable":true,"href":"https:\/\/stylingagenten.com\/fi\/wp-json\/wp\/v2\/product_tag?post=438107"},{"taxonomy":"berocket_brand","embeddable":true,"href":"https:\/\/stylingagenten.com\/fi\/wp-json\/wp\/v2\/berocket_brand?post=438107"}],"curies":[{"name":"wp","href":"https:\/\/api.w.org\/{rel}","templated":true}]}}