{"id":438034,"date":"2025-11-26T10:10:27","date_gmt":"2025-11-26T10:10:27","guid":{"rendered":"https:\/\/stylingagenten.com\/fi\/tuote\/gucci-rush-edt-50ml\/"},"modified":"2026-04-07T20:08:37","modified_gmt":"2026-04-07T20:08:37","slug":"gucci-rush-edt-50ml","status":"publish","type":"product","link":"https:\/\/stylingagenten.com\/fi\/tuote\/gucci-rush-edt-50ml\/","title":{"rendered":"Gucci Rush Edt 50ml"},"content":{"rendered":"<p>Gucci Rush on l\u00e4mmin, kukkainen ja it\u00e4mainen tuoksu, joka p\u00e4ihtyy gardenian ja vaniljan vivahteilla.<\/p>\n<p><strong>Tuoksutuoksu:<\/strong> gardenia, pioni, freesia, neilikka, orvokki, jasmiini, patchouli &amp; vanilja.<\/p>\n","protected":false},"excerpt":{"rendered":"<p>Gucci Rush on l\u00e4mmin, kukkainen ja it\u00e4mainen tuoksu, joka p\u00e4ihtyy gardenian ja vaniljan vivahteilla. Tuoksutuoksu: gardenia, pioni, freesia, neilikka, orvokki, jasmiini, patchouli &amp; vanilja.<\/p>\n","protected":false},"featured_media":438033,"comment_status":"open","ping_status":"closed","template":"","meta":{"_trash_the_other_posts":false},"product_brand":[],"product_cat":[880,999,707,735],"product_tag":[],"berocket_brand":[],"class_list":{"0":"post-438034","1":"product","2":"type-product","3":"status-publish","4":"has-post-thumbnail","6":"product_cat-gucci-rush","7":"product_cat-kampanjatarjous-naiselle","8":"product_cat-naisten-eau-de-toilette","9":"product_cat-kampanjamme","10":"pa_brand-gucci","11":"pa_variantti-50ml","13":"first","14":"instock","15":"sale","16":"taxable","17":"shipping-taxable","18":"purchasable","19":"product-type-simple"},"_links":{"self":[{"href":"https:\/\/stylingagenten.com\/fi\/wp-json\/wp\/v2\/product\/438034","targetHints":{"allow":["GET"]}}],"collection":[{"href":"https:\/\/stylingagenten.com\/fi\/wp-json\/wp\/v2\/product"}],"about":[{"href":"https:\/\/stylingagenten.com\/fi\/wp-json\/wp\/v2\/types\/product"}],"replies":[{"embeddable":true,"href":"https:\/\/stylingagenten.com\/fi\/wp-json\/wp\/v2\/comments?post=438034"}],"version-history":[{"count":0,"href":"https:\/\/stylingagenten.com\/fi\/wp-json\/wp\/v2\/product\/438034\/revisions"}],"wp:featuredmedia":[{"embeddable":true,"href":"https:\/\/stylingagenten.com\/fi\/wp-json\/wp\/v2\/media\/438033"}],"wp:attachment":[{"href":"https:\/\/stylingagenten.com\/fi\/wp-json\/wp\/v2\/media?parent=438034"}],"wp:term":[{"taxonomy":"product_brand","embeddable":true,"href":"https:\/\/stylingagenten.com\/fi\/wp-json\/wp\/v2\/product_brand?post=438034"},{"taxonomy":"product_cat","embeddable":true,"href":"https:\/\/stylingagenten.com\/fi\/wp-json\/wp\/v2\/product_cat?post=438034"},{"taxonomy":"product_tag","embeddable":true,"href":"https:\/\/stylingagenten.com\/fi\/wp-json\/wp\/v2\/product_tag?post=438034"},{"taxonomy":"berocket_brand","embeddable":true,"href":"https:\/\/stylingagenten.com\/fi\/wp-json\/wp\/v2\/berocket_brand?post=438034"}],"curies":[{"name":"wp","href":"https:\/\/api.w.org\/{rel}","templated":true}]}}