{"id":431059,"date":"2025-11-04T09:19:01","date_gmt":"2025-11-04T09:19:01","guid":{"rendered":"https:\/\/stylingagenten.com\/fi\/tuote\/bjork-tamja-hair-oil-50ml\/"},"modified":"2026-03-31T04:18:38","modified_gmt":"2026-03-31T04:18:38","slug":"bjork-tamja-hair-oil-50ml","status":"publish","type":"product","link":"https:\/\/stylingagenten.com\/fi\/tuote\/bjork-tamja-hair-oil-50ml\/","title":{"rendered":"Bj\u00f6rk T\u00c4MJA Hair Oil 50ml"},"content":{"rendered":"<p>Bj\u00f6rk T\u00c4MJA Hair Oil on ravitseva hius\u00f6ljy, joka sis\u00e4lt\u00e4\u00e4 sheavoita, auringonkukka- ja jojoba\u00f6ljy\u00e4. Se kosteuttaa, pehment\u00e4\u00e4 ja hillitsee p\u00f6rr\u00f6isyytt\u00e4. Sis\u00e4lt\u00e4\u00e4 my\u00f6s kaura\u00f6ljy\u00e4, joka on runsas keramideista \u2013 se ehk\u00e4isee vaurioita ja antaa kiiltoa. \u00d6ljy tarjoaa UV- ja l\u00e4mp\u00f6suojan, suojaa kosteudelta sek\u00e4 sis\u00e4lt\u00e4\u00e4 E-vitamiinia ja rosmariininlehtiuutetta vahvistaen hiuksia ulkoisia saasteita vastaan.<\/p>\n<p>50 ml<\/p>\n","protected":false},"excerpt":{"rendered":"<p>Bj\u00f6rk T\u00c4MJA Hair Oil on ravitseva hius\u00f6ljy, joka sis\u00e4lt\u00e4\u00e4 sheavoita, auringonkukka- ja jojoba\u00f6ljy\u00e4. Se kosteuttaa, pehment\u00e4\u00e4 ja hillitsee p\u00f6rr\u00f6isyytt\u00e4. Sis\u00e4lt\u00e4\u00e4 my\u00f6s kaura\u00f6ljy\u00e4, joka on runsas keramideista \u2013 se ehk\u00e4isee vaurioita ja antaa kiiltoa. \u00d6ljy tarjoaa UV- ja l\u00e4mp\u00f6suojan, suojaa kosteudelta sek\u00e4 sis\u00e4lt\u00e4\u00e4 E-vitamiinia ja rosmariininlehtiuutetta vahvistaen hiuksia ulkoisia saasteita vastaan. 50 ml<\/p>\n","protected":false},"featured_media":431058,"comment_status":"open","ping_status":"closed","template":"","meta":{"_trash_the_other_posts":false},"product_brand":[],"product_cat":[610],"product_tag":[],"berocket_brand":[],"class_list":{"0":"post-431059","1":"product","2":"type-product","3":"status-publish","4":"has-post-thumbnail","6":"product_cat-hiusoljy","7":"pa_brand-bjork","9":"first","10":"instock","11":"sale","12":"taxable","13":"shipping-taxable","14":"purchasable","15":"product-type-simple"},"_links":{"self":[{"href":"https:\/\/stylingagenten.com\/fi\/wp-json\/wp\/v2\/product\/431059","targetHints":{"allow":["GET"]}}],"collection":[{"href":"https:\/\/stylingagenten.com\/fi\/wp-json\/wp\/v2\/product"}],"about":[{"href":"https:\/\/stylingagenten.com\/fi\/wp-json\/wp\/v2\/types\/product"}],"replies":[{"embeddable":true,"href":"https:\/\/stylingagenten.com\/fi\/wp-json\/wp\/v2\/comments?post=431059"}],"version-history":[{"count":0,"href":"https:\/\/stylingagenten.com\/fi\/wp-json\/wp\/v2\/product\/431059\/revisions"}],"wp:featuredmedia":[{"embeddable":true,"href":"https:\/\/stylingagenten.com\/fi\/wp-json\/wp\/v2\/media\/431058"}],"wp:attachment":[{"href":"https:\/\/stylingagenten.com\/fi\/wp-json\/wp\/v2\/media?parent=431059"}],"wp:term":[{"taxonomy":"product_brand","embeddable":true,"href":"https:\/\/stylingagenten.com\/fi\/wp-json\/wp\/v2\/product_brand?post=431059"},{"taxonomy":"product_cat","embeddable":true,"href":"https:\/\/stylingagenten.com\/fi\/wp-json\/wp\/v2\/product_cat?post=431059"},{"taxonomy":"product_tag","embeddable":true,"href":"https:\/\/stylingagenten.com\/fi\/wp-json\/wp\/v2\/product_tag?post=431059"},{"taxonomy":"berocket_brand","embeddable":true,"href":"https:\/\/stylingagenten.com\/fi\/wp-json\/wp\/v2\/berocket_brand?post=431059"}],"curies":[{"name":"wp","href":"https:\/\/api.w.org\/{rel}","templated":true}]}}