{"id":430828,"date":"2025-11-03T11:15:34","date_gmt":"2025-11-03T11:15:34","guid":{"rendered":"https:\/\/stylingagenten.com\/fi\/tuote\/american-crew-boost-powder-20g\/"},"modified":"2026-04-01T14:02:53","modified_gmt":"2026-04-01T14:02:53","slug":"american-crew-boost-powder-20g","status":"publish","type":"product","link":"https:\/\/stylingagenten.com\/fi\/tuote\/american-crew-boost-powder-20g\/","title":{"rendered":"American Crew Boost Powder 20g"},"content":{"rendered":"<p>American Crew Boost Powder on kevyt volyymijauhe, joka antaa hiuksille tuuheutta, volyymia ja mattaisen viimeistelyn. Painoton jauhe lis\u00e4\u00e4 rakennetta ja luo painovoimaa uhmaavan efektin entist\u00e4 dramaattisempaa ilmett\u00e4 varten. Voidaan k\u00e4ytt\u00e4\u00e4 yksin tai yhdist\u00e4\u00e4 muiden American Crew -muotoilutuotteiden kanssa lis\u00e4tehoa ja joustavuutta varten.<\/p>\n<p>20g<\/p>\n","protected":false},"excerpt":{"rendered":"<p>American Crew Boost Powder on kevyt volyymijauhe, joka antaa hiuksille tuuheutta, volyymia ja mattaisen viimeistelyn. Painoton jauhe lis\u00e4\u00e4 rakennetta ja luo painovoimaa uhmaavan efektin entist\u00e4 dramaattisempaa ilmett\u00e4 varten. Voidaan k\u00e4ytt\u00e4\u00e4 yksin tai yhdist\u00e4\u00e4 muiden American Crew -muotoilutuotteiden kanssa lis\u00e4tehoa ja joustavuutta varten. 20g<\/p>\n","protected":false},"featured_media":430827,"comment_status":"open","ping_status":"closed","template":"","meta":{"_trash_the_other_posts":false},"product_brand":[],"product_cat":[616],"product_tag":[],"berocket_brand":[],"class_list":{"0":"post-430828","1":"product","2":"type-product","3":"status-publish","4":"has-post-thumbnail","6":"product_cat-volyymijauhe","7":"pa_brand-american-crew","9":"first","10":"instock","11":"sale","12":"taxable","13":"shipping-taxable","14":"purchasable","15":"product-type-simple"},"_links":{"self":[{"href":"https:\/\/stylingagenten.com\/fi\/wp-json\/wp\/v2\/product\/430828","targetHints":{"allow":["GET"]}}],"collection":[{"href":"https:\/\/stylingagenten.com\/fi\/wp-json\/wp\/v2\/product"}],"about":[{"href":"https:\/\/stylingagenten.com\/fi\/wp-json\/wp\/v2\/types\/product"}],"replies":[{"embeddable":true,"href":"https:\/\/stylingagenten.com\/fi\/wp-json\/wp\/v2\/comments?post=430828"}],"version-history":[{"count":0,"href":"https:\/\/stylingagenten.com\/fi\/wp-json\/wp\/v2\/product\/430828\/revisions"}],"wp:featuredmedia":[{"embeddable":true,"href":"https:\/\/stylingagenten.com\/fi\/wp-json\/wp\/v2\/media\/430827"}],"wp:attachment":[{"href":"https:\/\/stylingagenten.com\/fi\/wp-json\/wp\/v2\/media?parent=430828"}],"wp:term":[{"taxonomy":"product_brand","embeddable":true,"href":"https:\/\/stylingagenten.com\/fi\/wp-json\/wp\/v2\/product_brand?post=430828"},{"taxonomy":"product_cat","embeddable":true,"href":"https:\/\/stylingagenten.com\/fi\/wp-json\/wp\/v2\/product_cat?post=430828"},{"taxonomy":"product_tag","embeddable":true,"href":"https:\/\/stylingagenten.com\/fi\/wp-json\/wp\/v2\/product_tag?post=430828"},{"taxonomy":"berocket_brand","embeddable":true,"href":"https:\/\/stylingagenten.com\/fi\/wp-json\/wp\/v2\/berocket_brand?post=430828"}],"curies":[{"name":"wp","href":"https:\/\/api.w.org\/{rel}","templated":true}]}}