{"id":430517,"date":"2025-10-23T13:20:27","date_gmt":"2025-10-23T13:20:27","guid":{"rendered":"https:\/\/stylingagenten.com\/fi\/tuote\/samba-ladies-samba-for-men-vial-edt-2x2ml-2\/"},"modified":"2026-04-15T10:49:26","modified_gmt":"2026-04-15T10:49:26","slug":"samba-ladies-samba-for-men-vial-edt-2x2ml-2","status":"publish","type":"product","link":"https:\/\/stylingagenten.com\/fi\/tuote\/samba-ladies-samba-for-men-vial-edt-2x2ml-2\/","title":{"rendered":"Samba Paradise Woman Edt 2ml &#8211; uudelleent\u00e4ytett\u00e4v\u00e4 suihkepullo"},"content":{"rendered":"<p data-start=\"1053\" data-end=\"1307\" data-pasted=\"true\"><strong data-start=\"1053\" data-end=\"1085\">Samba Paradise Woman Edt 2ml<\/strong><br data-start=\"1085\" data-end=\"1088\">Sukella Samba Paradise Woman Edt -tuoksun ytimeen, joka vangitsee trooppisen tuulen sykkiv\u00e4t rytmit ja v\u00e4rit! Tuoksu avautuu eksoottisen raikkauden r\u00e4j\u00e4hdyksell\u00e4 ja vie sinut maailmaan, jossa el\u00e4m\u00e4n tanssi on ikuinen.<\/p>\n<p data-start=\"1309\" data-end=\"1435\"><strong data-start=\"1309\" data-end=\"1325\">P\u00e4\u00e4ntuoksut:<\/strong> Yuzu, sitruunankuori, mandariini<br data-start=\"1358\" data-end=\"1361\"><strong data-start=\"1361\" data-end=\"1378\">Syd\u00e4ntuoksut:<\/strong> Mustapippuri, osmanthus<br data-start=\"1402\" data-end=\"1405\"><strong data-start=\"1405\" data-end=\"1422\">Pohjatuoksut:<\/strong> Setripuuta<\/p>\n<p data-start=\"1437\" data-end=\"1501\" data-is-last-node=\"\" data-is-only-node=\"\">Hajuvesin\u00e4yte toimitetaan uudelleent\u00e4ytett\u00e4v\u00e4ss\u00e4 suihkepullossa.<\/p>\n","protected":false},"excerpt":{"rendered":"<p>Samba Paradise Woman Edt 2mlSukella Samba Paradise Woman Edt -tuoksun ytimeen, joka vangitsee trooppisen tuulen sykkiv\u00e4t rytmit ja v\u00e4rit! Tuoksu avautuu eksoottisen raikkauden r\u00e4j\u00e4hdyksell\u00e4 ja vie sinut maailmaan, jossa el\u00e4m\u00e4n tanssi on ikuinen. P\u00e4\u00e4ntuoksut: Yuzu, sitruunankuori, mandariiniSyd\u00e4ntuoksut: Mustapippuri, osmanthusPohjatuoksut: Setripuuta Hajuvesin\u00e4yte toimitetaan uudelleent\u00e4ytett\u00e4v\u00e4ss\u00e4 suihkepullossa.<\/p>\n","protected":false},"featured_media":430516,"comment_status":"open","ping_status":"closed","template":"","meta":{"_trash_the_other_posts":false},"product_brand":[],"product_cat":[713],"product_tag":[],"berocket_brand":[],"class_list":{"0":"post-430517","1":"product","2":"type-product","3":"status-publish","4":"has-post-thumbnail","6":"product_cat-hajuvesi-unisex","7":"pa_brand-samba","9":"first","10":"instock","11":"taxable","12":"shipping-taxable","13":"purchasable","14":"product-type-simple"},"_links":{"self":[{"href":"https:\/\/stylingagenten.com\/fi\/wp-json\/wp\/v2\/product\/430517","targetHints":{"allow":["GET"]}}],"collection":[{"href":"https:\/\/stylingagenten.com\/fi\/wp-json\/wp\/v2\/product"}],"about":[{"href":"https:\/\/stylingagenten.com\/fi\/wp-json\/wp\/v2\/types\/product"}],"replies":[{"embeddable":true,"href":"https:\/\/stylingagenten.com\/fi\/wp-json\/wp\/v2\/comments?post=430517"}],"version-history":[{"count":1,"href":"https:\/\/stylingagenten.com\/fi\/wp-json\/wp\/v2\/product\/430517\/revisions"}],"predecessor-version":[{"id":443132,"href":"https:\/\/stylingagenten.com\/fi\/wp-json\/wp\/v2\/product\/430517\/revisions\/443132"}],"wp:featuredmedia":[{"embeddable":true,"href":"https:\/\/stylingagenten.com\/fi\/wp-json\/wp\/v2\/media\/430516"}],"wp:attachment":[{"href":"https:\/\/stylingagenten.com\/fi\/wp-json\/wp\/v2\/media?parent=430517"}],"wp:term":[{"taxonomy":"product_brand","embeddable":true,"href":"https:\/\/stylingagenten.com\/fi\/wp-json\/wp\/v2\/product_brand?post=430517"},{"taxonomy":"product_cat","embeddable":true,"href":"https:\/\/stylingagenten.com\/fi\/wp-json\/wp\/v2\/product_cat?post=430517"},{"taxonomy":"product_tag","embeddable":true,"href":"https:\/\/stylingagenten.com\/fi\/wp-json\/wp\/v2\/product_tag?post=430517"},{"taxonomy":"berocket_brand","embeddable":true,"href":"https:\/\/stylingagenten.com\/fi\/wp-json\/wp\/v2\/berocket_brand?post=430517"}],"curies":[{"name":"wp","href":"https:\/\/api.w.org\/{rel}","templated":true}]}}