{"id":429770,"date":"2025-09-30T12:22:51","date_gmt":"2025-09-30T12:22:51","guid":{"rendered":"https:\/\/stylingagenten.com\/fi\/tuote\/malibu-clear-hair-and-scalp-protector-spf30-100ml\/"},"modified":"2026-03-26T21:32:19","modified_gmt":"2026-03-26T21:32:19","slug":"malibu-clear-hair-and-scalp-protector-spf30-100ml","status":"publish","type":"product","link":"https:\/\/stylingagenten.com\/fi\/tuote\/malibu-clear-hair-and-scalp-protector-spf30-100ml\/","title":{"rendered":"Malibu Clear Hair and Scalp Protector SPF30 100ml"},"content":{"rendered":"<p>Malibu Clear Hair and Scalp Protector SPF30 on kirkas, ei-rasvainen suihke, joka auttaa suojaamaan p\u00e4\u00e4n herkk\u00e4\u00e4 ihoa haitallisilta UVA- ja UVB-s\u00e4teilt\u00e4.<br \/>Vitamiinirikas koostumus on kliinisesti todistettu olevan hell\u00e4varainen iholle.<\/p>\n<p>100ml<\/p>\n","protected":false},"excerpt":{"rendered":"<p>Malibu Clear Hair and Scalp Protector SPF30 on kirkas, ei-rasvainen suihke, joka auttaa suojaamaan p\u00e4\u00e4n herkk\u00e4\u00e4 ihoa haitallisilta UVA- ja UVB-s\u00e4teilt\u00e4.Vitamiinirikas koostumus on kliinisesti todistettu olevan hell\u00e4varainen iholle. 100ml<\/p>\n","protected":false},"featured_media":429769,"comment_status":"open","ping_status":"closed","template":"","meta":{"_trash_the_other_posts":false},"product_brand":[],"product_cat":[573],"product_tag":[],"berocket_brand":[1241],"class_list":{"0":"post-429770","1":"product","2":"type-product","3":"status-publish","4":"has-post-thumbnail","6":"product_cat-aurinkosuoja","7":"pa_brand-malibu","8":"berocket_brand-malibu","10":"first","11":"instock","12":"sale","13":"taxable","14":"shipping-taxable","15":"purchasable","16":"product-type-simple"},"_links":{"self":[{"href":"https:\/\/stylingagenten.com\/fi\/wp-json\/wp\/v2\/product\/429770","targetHints":{"allow":["GET"]}}],"collection":[{"href":"https:\/\/stylingagenten.com\/fi\/wp-json\/wp\/v2\/product"}],"about":[{"href":"https:\/\/stylingagenten.com\/fi\/wp-json\/wp\/v2\/types\/product"}],"replies":[{"embeddable":true,"href":"https:\/\/stylingagenten.com\/fi\/wp-json\/wp\/v2\/comments?post=429770"}],"version-history":[{"count":0,"href":"https:\/\/stylingagenten.com\/fi\/wp-json\/wp\/v2\/product\/429770\/revisions"}],"wp:featuredmedia":[{"embeddable":true,"href":"https:\/\/stylingagenten.com\/fi\/wp-json\/wp\/v2\/media\/429769"}],"wp:attachment":[{"href":"https:\/\/stylingagenten.com\/fi\/wp-json\/wp\/v2\/media?parent=429770"}],"wp:term":[{"taxonomy":"product_brand","embeddable":true,"href":"https:\/\/stylingagenten.com\/fi\/wp-json\/wp\/v2\/product_brand?post=429770"},{"taxonomy":"product_cat","embeddable":true,"href":"https:\/\/stylingagenten.com\/fi\/wp-json\/wp\/v2\/product_cat?post=429770"},{"taxonomy":"product_tag","embeddable":true,"href":"https:\/\/stylingagenten.com\/fi\/wp-json\/wp\/v2\/product_tag?post=429770"},{"taxonomy":"berocket_brand","embeddable":true,"href":"https:\/\/stylingagenten.com\/fi\/wp-json\/wp\/v2\/berocket_brand?post=429770"}],"curies":[{"name":"wp","href":"https:\/\/api.w.org\/{rel}","templated":true}]}}