{"id":429753,"date":"2025-09-30T12:08:43","date_gmt":"2025-09-30T12:08:43","guid":{"rendered":"https:\/\/stylingagenten.com\/fi\/tuote\/giftset-adidas-team-force-edt-50ml-after-shave-100ml-bag\/"},"modified":"2026-03-11T21:47:50","modified_gmt":"2026-03-11T21:47:50","slug":"giftset-adidas-team-force-edt-50ml-after-shave-100ml-bag","status":"publish","type":"product","link":"https:\/\/stylingagenten.com\/fi\/tuote\/giftset-adidas-team-force-edt-50ml-after-shave-100ml-bag\/","title":{"rendered":"Giftset Adidas Team Force Edt 50ml + After Shave 100ml + Bag"},"content":{"rendered":"<p>L\u00f6yd\u00e4 Team Force -lahjapakkaus miehille, t\u00e4ydellinen valinta ilmaisemaan urheilullisen henkesi p\u00e4\u00e4tt\u00e4v\u00e4isyytt\u00e4 ja voimaa.<\/p>\n<p>Pakkaus sis\u00e4lt\u00e4\u00e4 50 ml Eau de Toilette, 100 ml After Shave ja toilettilaukun.<\/p>\n<p>Team Force on tuoksu, jossa on intensiivisi\u00e4 sitruksen ja puun s\u00e4vyj\u00e4, tarjoten uudistumisen ja itseluottamuksen tunteen. Se sopii p\u00e4ivitt\u00e4iseen k\u00e4ytt\u00f6\u00f6n ja on erityisesti suunniteltu miehille, jotka el\u00e4v\u00e4t el\u00e4m\u00e4\u00e4ns\u00e4 intohimolla ja energialla.<\/p>\n","protected":false},"excerpt":{"rendered":"<p>L\u00f6yd\u00e4 Team Force -lahjapakkaus miehille, t\u00e4ydellinen valinta ilmaisemaan urheilullisen henkesi p\u00e4\u00e4tt\u00e4v\u00e4isyytt\u00e4 ja voimaa. Pakkaus sis\u00e4lt\u00e4\u00e4 50 ml Eau de Toilette, 100 ml After Shave ja toilettilaukun. Team Force on tuoksu, jossa on intensiivisi\u00e4 sitruksen ja puun s\u00e4vyj\u00e4, tarjoten uudistumisen ja itseluottamuksen tunteen. Se sopii p\u00e4ivitt\u00e4iseen k\u00e4ytt\u00f6\u00f6n ja on erityisesti suunniteltu miehille, jotka el\u00e4v\u00e4t el\u00e4m\u00e4\u00e4ns\u00e4 intohimolla [&hellip;]<\/p>\n","protected":false},"featured_media":429752,"comment_status":"open","ping_status":"closed","template":"","meta":{"_trash_the_other_posts":false},"product_brand":[],"product_cat":[1000,548,735],"product_tag":[],"berocket_brand":[1197],"class_list":{"0":"post-429753","1":"product","2":"type-product","3":"status-publish","4":"has-post-thumbnail","6":"product_cat-kampanjatarjous-miehelle","7":"product_cat-gave-parfyme-herre","8":"product_cat-kampanjamme","9":"pa_brand-adidas","10":"berocket_brand-adidas","12":"first","13":"instock","14":"sale","15":"taxable","16":"shipping-taxable","17":"purchasable","18":"product-type-simple"},"_links":{"self":[{"href":"https:\/\/stylingagenten.com\/fi\/wp-json\/wp\/v2\/product\/429753","targetHints":{"allow":["GET"]}}],"collection":[{"href":"https:\/\/stylingagenten.com\/fi\/wp-json\/wp\/v2\/product"}],"about":[{"href":"https:\/\/stylingagenten.com\/fi\/wp-json\/wp\/v2\/types\/product"}],"replies":[{"embeddable":true,"href":"https:\/\/stylingagenten.com\/fi\/wp-json\/wp\/v2\/comments?post=429753"}],"version-history":[{"count":0,"href":"https:\/\/stylingagenten.com\/fi\/wp-json\/wp\/v2\/product\/429753\/revisions"}],"wp:featuredmedia":[{"embeddable":true,"href":"https:\/\/stylingagenten.com\/fi\/wp-json\/wp\/v2\/media\/429752"}],"wp:attachment":[{"href":"https:\/\/stylingagenten.com\/fi\/wp-json\/wp\/v2\/media?parent=429753"}],"wp:term":[{"taxonomy":"product_brand","embeddable":true,"href":"https:\/\/stylingagenten.com\/fi\/wp-json\/wp\/v2\/product_brand?post=429753"},{"taxonomy":"product_cat","embeddable":true,"href":"https:\/\/stylingagenten.com\/fi\/wp-json\/wp\/v2\/product_cat?post=429753"},{"taxonomy":"product_tag","embeddable":true,"href":"https:\/\/stylingagenten.com\/fi\/wp-json\/wp\/v2\/product_tag?post=429753"},{"taxonomy":"berocket_brand","embeddable":true,"href":"https:\/\/stylingagenten.com\/fi\/wp-json\/wp\/v2\/berocket_brand?post=429753"}],"curies":[{"name":"wp","href":"https:\/\/api.w.org\/{rel}","templated":true}]}}