{"id":429748,"date":"2025-09-30T12:08:32","date_gmt":"2025-09-30T12:08:32","guid":{"rendered":"https:\/\/stylingagenten.com\/fi\/tuote\/giftset-adidas-team-force-edt-100ml-shower-gel-250ml-deo-150ml\/"},"modified":"2026-04-15T04:39:28","modified_gmt":"2026-04-15T04:39:28","slug":"giftset-adidas-team-force-edt-100ml-shower-gel-250ml-deo-150ml","status":"publish","type":"product","link":"https:\/\/stylingagenten.com\/fi\/tuote\/giftset-adidas-team-force-edt-100ml-shower-gel-250ml-deo-150ml\/","title":{"rendered":"Giftset Adidas Team Force Edt 100ml + Shower Gel 250ml + Deo 150ml"},"content":{"rendered":"<p>L\u00f6yd\u00e4 Team Force -lahjapakkaus miehille, t\u00e4ydellinen valinta ilmaisemaan urheilullisen henkesi p\u00e4\u00e4tt\u00e4v\u00e4isyytt\u00e4 ja voimaa.<\/p>\n<p>Pakkaus sis\u00e4lt\u00e4\u00e4 100 ml Eau de Toilette, 150 ml Deodorant Spray ja 250 ml Shower Gel.<\/p>\n<p>Team Force on tuoksu, jossa on intensiivisi\u00e4 sitruksen ja puun s\u00e4vyj\u00e4, tarjoten uudistumisen ja itseluottamuksen tunteen. Se sopii p\u00e4ivitt\u00e4iseen k\u00e4ytt\u00f6\u00f6n ja on erityisesti suunniteltu miehille, jotka el\u00e4v\u00e4t el\u00e4m\u00e4\u00e4ns\u00e4 intohimolla ja energialla.<\/p>\n","protected":false},"excerpt":{"rendered":"<p>L\u00f6yd\u00e4 Team Force -lahjapakkaus miehille, t\u00e4ydellinen valinta ilmaisemaan urheilullisen henkesi p\u00e4\u00e4tt\u00e4v\u00e4isyytt\u00e4 ja voimaa. Pakkaus sis\u00e4lt\u00e4\u00e4 100 ml Eau de Toilette, 150 ml Deodorant Spray ja 250 ml Shower Gel. Team Force on tuoksu, jossa on intensiivisi\u00e4 sitruksen ja puun s\u00e4vyj\u00e4, tarjoten uudistumisen ja itseluottamuksen tunteen. Se sopii p\u00e4ivitt\u00e4iseen k\u00e4ytt\u00f6\u00f6n ja on erityisesti suunniteltu miehille, jotka [&hellip;]<\/p>\n","protected":false},"featured_media":429746,"comment_status":"open","ping_status":"closed","template":"","meta":{"_trash_the_other_posts":false},"product_brand":[],"product_cat":[1000,548,735],"product_tag":[],"berocket_brand":[1197],"class_list":{"0":"post-429748","1":"product","2":"type-product","3":"status-publish","4":"has-post-thumbnail","6":"product_cat-kampanjatarjous-miehelle","7":"product_cat-gave-parfyme-herre","8":"product_cat-kampanjamme","9":"pa_brand-adidas","10":"berocket_brand-adidas","12":"first","13":"instock","14":"sale","15":"taxable","16":"shipping-taxable","17":"purchasable","18":"product-type-simple"},"_links":{"self":[{"href":"https:\/\/stylingagenten.com\/fi\/wp-json\/wp\/v2\/product\/429748","targetHints":{"allow":["GET"]}}],"collection":[{"href":"https:\/\/stylingagenten.com\/fi\/wp-json\/wp\/v2\/product"}],"about":[{"href":"https:\/\/stylingagenten.com\/fi\/wp-json\/wp\/v2\/types\/product"}],"replies":[{"embeddable":true,"href":"https:\/\/stylingagenten.com\/fi\/wp-json\/wp\/v2\/comments?post=429748"}],"version-history":[{"count":0,"href":"https:\/\/stylingagenten.com\/fi\/wp-json\/wp\/v2\/product\/429748\/revisions"}],"wp:featuredmedia":[{"embeddable":true,"href":"https:\/\/stylingagenten.com\/fi\/wp-json\/wp\/v2\/media\/429746"}],"wp:attachment":[{"href":"https:\/\/stylingagenten.com\/fi\/wp-json\/wp\/v2\/media?parent=429748"}],"wp:term":[{"taxonomy":"product_brand","embeddable":true,"href":"https:\/\/stylingagenten.com\/fi\/wp-json\/wp\/v2\/product_brand?post=429748"},{"taxonomy":"product_cat","embeddable":true,"href":"https:\/\/stylingagenten.com\/fi\/wp-json\/wp\/v2\/product_cat?post=429748"},{"taxonomy":"product_tag","embeddable":true,"href":"https:\/\/stylingagenten.com\/fi\/wp-json\/wp\/v2\/product_tag?post=429748"},{"taxonomy":"berocket_brand","embeddable":true,"href":"https:\/\/stylingagenten.com\/fi\/wp-json\/wp\/v2\/berocket_brand?post=429748"}],"curies":[{"name":"wp","href":"https:\/\/api.w.org\/{rel}","templated":true}]}}