{"id":429741,"date":"2025-09-30T11:37:34","date_gmt":"2025-09-30T11:37:34","guid":{"rendered":"https:\/\/stylingagenten.com\/fi\/tuote\/kevin-murphy-killer-curls-rinse-250ml\/"},"modified":"2026-04-08T15:30:54","modified_gmt":"2026-04-08T15:30:54","slug":"kevin-murphy-killer-curls-rinse-250ml","status":"publish","type":"product","link":"https:\/\/stylingagenten.com\/fi\/tuote\/kevin-murphy-killer-curls-rinse-250ml\/","title":{"rendered":"Kevin Murphy Killer Curls Rinse 250ml"},"content":{"rendered":"<p>Kevin Murphy Killer Curls Rinse on ravitseva kauramaitopohjainen hoitoaine, joka kosteuttaa ja vahvistaa syv\u00e4lt\u00e4, v\u00e4hent\u00e4en hiusten katkeilua. Suojaa v\u00e4rin haalistumiselta ja parantaa rakennetta, j\u00e4tt\u00e4en kiharat pehmeiksi, joustaviksi, kiilt\u00e4viksi ja selke\u00e4sti erottuviksi.<\/p>\n<p>OMINAISUUDET &amp; HY\u00d6DYT<\/p>\n<p>Kosteuttava ja ravitseva<\/p>\n<p>Parantaa rakennetta<\/p>\n<p>Lis\u00e4\u00e4 kiiltoa<\/p>\n<p>Ihanteellinen sek\u00e4 luonnonkiharille ett\u00e4 permanentatuille hiuksille<\/p>\n<p>Vahvistava<\/p>\n<p>V\u00e4riturvallinen<\/p>\n<p>Vegaaninen<\/p>\n<p>250ml<\/p>\n","protected":false},"excerpt":{"rendered":"<p>Kevin Murphy Killer Curls Rinse on ravitseva kauramaitopohjainen hoitoaine, joka kosteuttaa ja vahvistaa syv\u00e4lt\u00e4, v\u00e4hent\u00e4en hiusten katkeilua. Suojaa v\u00e4rin haalistumiselta ja parantaa rakennetta, j\u00e4tt\u00e4en kiharat pehmeiksi, joustaviksi, kiilt\u00e4viksi ja selke\u00e4sti erottuviksi. OMINAISUUDET &amp; HY\u00d6DYT Kosteuttava ja ravitseva Parantaa rakennetta Lis\u00e4\u00e4 kiiltoa Ihanteellinen sek\u00e4 luonnonkiharille ett\u00e4 permanentatuille hiuksille Vahvistava V\u00e4riturvallinen Vegaaninen 250ml<\/p>\n","protected":false},"featured_media":429739,"comment_status":"open","ping_status":"closed","template":"","meta":{"_trash_the_other_posts":false},"product_brand":[],"product_cat":[587],"product_tag":[],"berocket_brand":[1165],"class_list":{"0":"post-429741","1":"product","2":"type-product","3":"status-publish","4":"has-post-thumbnail","6":"product_cat-hoitoaine","7":"pa_brand-kevin-murphy","8":"berocket_brand-kevin-murphy","10":"first","11":"instock","12":"taxable","13":"shipping-taxable","14":"purchasable","15":"product-type-simple"},"_links":{"self":[{"href":"https:\/\/stylingagenten.com\/fi\/wp-json\/wp\/v2\/product\/429741","targetHints":{"allow":["GET"]}}],"collection":[{"href":"https:\/\/stylingagenten.com\/fi\/wp-json\/wp\/v2\/product"}],"about":[{"href":"https:\/\/stylingagenten.com\/fi\/wp-json\/wp\/v2\/types\/product"}],"replies":[{"embeddable":true,"href":"https:\/\/stylingagenten.com\/fi\/wp-json\/wp\/v2\/comments?post=429741"}],"version-history":[{"count":0,"href":"https:\/\/stylingagenten.com\/fi\/wp-json\/wp\/v2\/product\/429741\/revisions"}],"wp:featuredmedia":[{"embeddable":true,"href":"https:\/\/stylingagenten.com\/fi\/wp-json\/wp\/v2\/media\/429739"}],"wp:attachment":[{"href":"https:\/\/stylingagenten.com\/fi\/wp-json\/wp\/v2\/media?parent=429741"}],"wp:term":[{"taxonomy":"product_brand","embeddable":true,"href":"https:\/\/stylingagenten.com\/fi\/wp-json\/wp\/v2\/product_brand?post=429741"},{"taxonomy":"product_cat","embeddable":true,"href":"https:\/\/stylingagenten.com\/fi\/wp-json\/wp\/v2\/product_cat?post=429741"},{"taxonomy":"product_tag","embeddable":true,"href":"https:\/\/stylingagenten.com\/fi\/wp-json\/wp\/v2\/product_tag?post=429741"},{"taxonomy":"berocket_brand","embeddable":true,"href":"https:\/\/stylingagenten.com\/fi\/wp-json\/wp\/v2\/berocket_brand?post=429741"}],"curies":[{"name":"wp","href":"https:\/\/api.w.org\/{rel}","templated":true}]}}