{"id":429734,"date":"2025-09-30T11:37:23","date_gmt":"2025-09-30T11:37:23","guid":{"rendered":"https:\/\/stylingagenten.com\/fi\/tuote\/lanza-keratin-healing-oil-rapid-bond-reconstructur-100ml\/"},"modified":"2026-04-08T15:31:18","modified_gmt":"2026-04-08T15:31:18","slug":"lanza-keratin-healing-oil-rapid-bond-reconstructur-100ml","status":"publish","type":"product","link":"https:\/\/stylingagenten.com\/fi\/tuote\/lanza-keratin-healing-oil-rapid-bond-reconstructur-100ml\/","title":{"rendered":"L&#8217;anza Keratin Healing Oil Rapid Bond Reconstructur 100ml"},"content":{"rendered":"<p>Lanza Rapid Bond Reconstructor on tehokas, vahvistava hiustenhoito. Vain muutamassa minuutissa se j\u00e4lleenrakentaa, vahvistaa ja suojaa hiusten sidoksia edistyksellisell\u00e4 bond-building-teknologialla. Ainesosien yhdistelm\u00e4 palauttaa hiusten voiman ja elastisuuden, ehk\u00e4isee haaroittuneita latvoja ja suojaa l\u00e4mm\u00f6lt\u00e4, UV-s\u00e4teilylt\u00e4 sek\u00e4 mekaanisilta ja kemiallisilta rasituksilta. Rapid Bond Reconstructor antaa hiuksillesi parhaat edellytykset ja vie ne t\u00e4ysin uudelle tasolle.<\/p>\n<p>100ml<\/p>\n","protected":false},"excerpt":{"rendered":"<p>Lanza Rapid Bond Reconstructor on tehokas, vahvistava hiustenhoito. Vain muutamassa minuutissa se j\u00e4lleenrakentaa, vahvistaa ja suojaa hiusten sidoksia edistyksellisell\u00e4 bond-building-teknologialla. Ainesosien yhdistelm\u00e4 palauttaa hiusten voiman ja elastisuuden, ehk\u00e4isee haaroittuneita latvoja ja suojaa l\u00e4mm\u00f6lt\u00e4, UV-s\u00e4teilylt\u00e4 sek\u00e4 mekaanisilta ja kemiallisilta rasituksilta. Rapid Bond Reconstructor antaa hiuksillesi parhaat edellytykset ja vie ne t\u00e4ysin uudelle tasolle. 100ml<\/p>\n","protected":false},"featured_media":429732,"comment_status":"open","ping_status":"closed","template":"","meta":{"_trash_the_other_posts":false},"product_brand":[],"product_cat":[610],"product_tag":[],"berocket_brand":[1082],"class_list":{"0":"post-429734","1":"product","2":"type-product","3":"status-publish","4":"has-post-thumbnail","6":"product_cat-hiusoljy","7":"pa_brand-lanza","8":"berocket_brand-lanza","10":"first","11":"instock","12":"sale","13":"taxable","14":"shipping-taxable","15":"purchasable","16":"product-type-simple"},"_links":{"self":[{"href":"https:\/\/stylingagenten.com\/fi\/wp-json\/wp\/v2\/product\/429734","targetHints":{"allow":["GET"]}}],"collection":[{"href":"https:\/\/stylingagenten.com\/fi\/wp-json\/wp\/v2\/product"}],"about":[{"href":"https:\/\/stylingagenten.com\/fi\/wp-json\/wp\/v2\/types\/product"}],"replies":[{"embeddable":true,"href":"https:\/\/stylingagenten.com\/fi\/wp-json\/wp\/v2\/comments?post=429734"}],"version-history":[{"count":0,"href":"https:\/\/stylingagenten.com\/fi\/wp-json\/wp\/v2\/product\/429734\/revisions"}],"wp:featuredmedia":[{"embeddable":true,"href":"https:\/\/stylingagenten.com\/fi\/wp-json\/wp\/v2\/media\/429732"}],"wp:attachment":[{"href":"https:\/\/stylingagenten.com\/fi\/wp-json\/wp\/v2\/media?parent=429734"}],"wp:term":[{"taxonomy":"product_brand","embeddable":true,"href":"https:\/\/stylingagenten.com\/fi\/wp-json\/wp\/v2\/product_brand?post=429734"},{"taxonomy":"product_cat","embeddable":true,"href":"https:\/\/stylingagenten.com\/fi\/wp-json\/wp\/v2\/product_cat?post=429734"},{"taxonomy":"product_tag","embeddable":true,"href":"https:\/\/stylingagenten.com\/fi\/wp-json\/wp\/v2\/product_tag?post=429734"},{"taxonomy":"berocket_brand","embeddable":true,"href":"https:\/\/stylingagenten.com\/fi\/wp-json\/wp\/v2\/berocket_brand?post=429734"}],"curies":[{"name":"wp","href":"https:\/\/api.w.org\/{rel}","templated":true}]}}