{"id":429731,"date":"2025-09-30T11:37:15","date_gmt":"2025-09-30T11:37:15","guid":{"rendered":"https:\/\/stylingagenten.com\/fi\/tuote\/kevin-murphy-killer-curls-wash-250ml\/"},"modified":"2026-04-08T15:31:35","modified_gmt":"2026-04-08T15:31:35","slug":"kevin-murphy-killer-curls-wash-250ml","status":"publish","type":"product","link":"https:\/\/stylingagenten.com\/fi\/tuote\/kevin-murphy-killer-curls-wash-250ml\/","title":{"rendered":"Kevin Murphy Killer Curls Wash 250ml"},"content":{"rendered":"<p>Kevin Murphy Killer Curls Wash on ravitseva kauramaitoshampoo, joka puhdistaa hiukset hell\u00e4varaisesti samalla suojaten hiuksen pintakerrosta. Ainesosat ovat runsaita rasvahapoissa, mik\u00e4 auttaa s\u00e4ilytt\u00e4m\u00e4\u00e4n hiusten vahvuuden ja kosteuden, parantaen rakennetta ja j\u00e4tt\u00e4en hiukset terveiksi ja kiilt\u00e4viksi.<\/p>\n<p>OMINAISUUDET &amp; HY\u00d6DYT<\/p>\n<p>Kosteuttava ja ravitseva<\/p>\n<p>Korostaa kiharoita ja parantaa rakennetta<\/p>\n<p>Ihanteellinen sek\u00e4 luonnonkiharille ett\u00e4 permanentatuille hiuksille<\/p>\n<p>Silottaa kiharoita<\/p>\n<p>V\u00e4riturvallinen<\/p>\n<p>Vegaaninen<\/p>\n<p>250ml<\/p>\n","protected":false},"excerpt":{"rendered":"<p>Kevin Murphy Killer Curls Wash on ravitseva kauramaitoshampoo, joka puhdistaa hiukset hell\u00e4varaisesti samalla suojaten hiuksen pintakerrosta. Ainesosat ovat runsaita rasvahapoissa, mik\u00e4 auttaa s\u00e4ilytt\u00e4m\u00e4\u00e4n hiusten vahvuuden ja kosteuden, parantaen rakennetta ja j\u00e4tt\u00e4en hiukset terveiksi ja kiilt\u00e4viksi. OMINAISUUDET &amp; HY\u00d6DYT Kosteuttava ja ravitseva Korostaa kiharoita ja parantaa rakennetta Ihanteellinen sek\u00e4 luonnonkiharille ett\u00e4 permanentatuille hiuksille Silottaa kiharoita V\u00e4riturvallinen [&hellip;]<\/p>\n","protected":false},"featured_media":429729,"comment_status":"open","ping_status":"closed","template":"","meta":{"_trash_the_other_posts":false},"product_brand":[],"product_cat":[563],"product_tag":[],"berocket_brand":[1165],"class_list":{"0":"post-429731","1":"product","2":"type-product","3":"status-publish","4":"has-post-thumbnail","6":"product_cat-shampoo","7":"pa_brand-kevin-murphy","8":"berocket_brand-kevin-murphy","10":"first","11":"instock","12":"taxable","13":"shipping-taxable","14":"purchasable","15":"product-type-simple"},"_links":{"self":[{"href":"https:\/\/stylingagenten.com\/fi\/wp-json\/wp\/v2\/product\/429731","targetHints":{"allow":["GET"]}}],"collection":[{"href":"https:\/\/stylingagenten.com\/fi\/wp-json\/wp\/v2\/product"}],"about":[{"href":"https:\/\/stylingagenten.com\/fi\/wp-json\/wp\/v2\/types\/product"}],"replies":[{"embeddable":true,"href":"https:\/\/stylingagenten.com\/fi\/wp-json\/wp\/v2\/comments?post=429731"}],"version-history":[{"count":0,"href":"https:\/\/stylingagenten.com\/fi\/wp-json\/wp\/v2\/product\/429731\/revisions"}],"wp:featuredmedia":[{"embeddable":true,"href":"https:\/\/stylingagenten.com\/fi\/wp-json\/wp\/v2\/media\/429729"}],"wp:attachment":[{"href":"https:\/\/stylingagenten.com\/fi\/wp-json\/wp\/v2\/media?parent=429731"}],"wp:term":[{"taxonomy":"product_brand","embeddable":true,"href":"https:\/\/stylingagenten.com\/fi\/wp-json\/wp\/v2\/product_brand?post=429731"},{"taxonomy":"product_cat","embeddable":true,"href":"https:\/\/stylingagenten.com\/fi\/wp-json\/wp\/v2\/product_cat?post=429731"},{"taxonomy":"product_tag","embeddable":true,"href":"https:\/\/stylingagenten.com\/fi\/wp-json\/wp\/v2\/product_tag?post=429731"},{"taxonomy":"berocket_brand","embeddable":true,"href":"https:\/\/stylingagenten.com\/fi\/wp-json\/wp\/v2\/berocket_brand?post=429731"}],"curies":[{"name":"wp","href":"https:\/\/api.w.org\/{rel}","templated":true}]}}