{"id":429706,"date":"2025-09-30T08:32:15","date_gmt":"2025-09-30T08:32:15","guid":{"rendered":"https:\/\/stylingagenten.com\/fi\/tuote\/yankee-candle-fragrance-lovers-book-advent-calendar\/"},"modified":"2026-01-06T09:46:29","modified_gmt":"2026-01-06T09:46:29","slug":"yankee-candle-fragrance-lovers-book-advent-calendar","status":"publish","type":"product","link":"https:\/\/stylingagenten.com\/fi\/tuote\/yankee-candle-fragrance-lovers-book-advent-calendar\/","title":{"rendered":"Yankee Candle Fragrance Lovers Book Advent Calendar 2025"},"content":{"rendered":"<p>Yankee Candle Fragrance Lovers Book Advent Calendar \u2013 V\u00e4h\u00e4n asiat luovat joulutunnelmaa yht\u00e4 paljon kuin tuoksut, sill\u00e4 ihmisen voimakkain aisti on juuri hajuaisti. Anna joulun olla yll\u00e4tt\u00e4v\u00e4 sekoitus ihania tuoksuja, yksi joka p\u00e4iv\u00e4lle adventtiaikana. T\u00e4m\u00e4 todella ylellinen adventtikalenteri Yankee Candlesta sis\u00e4lt\u00e4\u00e4 kaksitoista kaunista t\u00e4ytetty\u00e4 tuikkukynttil\u00e4\u00e4 ja kaksitoista tuikkukynttil\u00e4\u00e4 pienen tuikkukynttil\u00e4npidikkeen kanssa. Anna vuoden hienoin adventtikalenteri lahjaksi jollekulle, jota rakastat \u2013 tai osta se itsellesi ja nauti ihanista tuoksuista joka p\u00e4iv\u00e4 adventin aikana.<\/p>\n<p>T\u00e4m\u00e4 kaunis kalenteri sis\u00e4lt\u00e4\u00e4 12 tuoksuvaa tuikkukynttil\u00e4\u00e4 ja tuikkukynttil\u00e4npidikkeen seuraavissa tuoksuissa:<br \/>Clean Cotton, Amber &amp; Sandalwood, Cinnamon Stick, Black Cherry, A Calm &amp; Quiet Place, Christmas Eve, Bayside Cedar, Red Raspberry, Vanilla Cupcake, Winter Night Stars, Silver Sage &amp; Pine ja Christmas Cookie.<\/p>\n<p>Se sis\u00e4lt\u00e4\u00e4 my\u00f6s 12 mini-t\u00e4ytetty\u00e4 tuikkukynttil\u00e4\u00e4 seuraavissa tuoksuissa:<br \/>Silver Sage &amp; Pine, Christmas Cookie, Holiday Winterfest, Santa on Skis, Vanilla Flurries, Slopeside Spritz, Summit Stargazing, Red Apple Wreath, White Spruce &amp; Grapefruit, Vanilla Cupcake, Christmas Eve ja Black Cherry.<\/p>\n","protected":false},"excerpt":{"rendered":"<p>Yankee Candle Fragrance Lovers Book Advent Calendar \u2013 V\u00e4h\u00e4n asiat luovat joulutunnelmaa yht\u00e4 paljon kuin tuoksut, sill\u00e4 ihmisen voimakkain aisti on juuri hajuaisti. Anna joulun olla yll\u00e4tt\u00e4v\u00e4 sekoitus ihania tuoksuja, yksi joka p\u00e4iv\u00e4lle adventtiaikana. T\u00e4m\u00e4 todella ylellinen adventtikalenteri Yankee Candlesta sis\u00e4lt\u00e4\u00e4 kaksitoista kaunista t\u00e4ytetty\u00e4 tuikkukynttil\u00e4\u00e4 ja kaksitoista tuikkukynttil\u00e4\u00e4 pienen tuikkukynttil\u00e4npidikkeen kanssa. Anna vuoden hienoin adventtikalenteri [&hellip;]<\/p>\n","protected":false},"featured_media":429703,"comment_status":"open","ping_status":"closed","template":"","meta":{"_trash_the_other_posts":false},"product_brand":[],"product_cat":[643,1000,999,735],"product_tag":[],"berocket_brand":[1094],"class_list":{"0":"post-429706","1":"product","2":"type-product","3":"status-publish","4":"has-post-thumbnail","6":"product_cat-adventskalendrar","7":"product_cat-kampanjatarjous-miehelle","8":"product_cat-kampanjatarjous-naiselle","9":"product_cat-kampanjamme","10":"pa_brand-yankee-candle","11":"berocket_brand-yankee-candle","13":"first","14":"instock","15":"sale","16":"taxable","17":"shipping-taxable","18":"purchasable","19":"product-type-simple"},"_links":{"self":[{"href":"https:\/\/stylingagenten.com\/fi\/wp-json\/wp\/v2\/product\/429706","targetHints":{"allow":["GET"]}}],"collection":[{"href":"https:\/\/stylingagenten.com\/fi\/wp-json\/wp\/v2\/product"}],"about":[{"href":"https:\/\/stylingagenten.com\/fi\/wp-json\/wp\/v2\/types\/product"}],"replies":[{"embeddable":true,"href":"https:\/\/stylingagenten.com\/fi\/wp-json\/wp\/v2\/comments?post=429706"}],"version-history":[{"count":0,"href":"https:\/\/stylingagenten.com\/fi\/wp-json\/wp\/v2\/product\/429706\/revisions"}],"wp:featuredmedia":[{"embeddable":true,"href":"https:\/\/stylingagenten.com\/fi\/wp-json\/wp\/v2\/media\/429703"}],"wp:attachment":[{"href":"https:\/\/stylingagenten.com\/fi\/wp-json\/wp\/v2\/media?parent=429706"}],"wp:term":[{"taxonomy":"product_brand","embeddable":true,"href":"https:\/\/stylingagenten.com\/fi\/wp-json\/wp\/v2\/product_brand?post=429706"},{"taxonomy":"product_cat","embeddable":true,"href":"https:\/\/stylingagenten.com\/fi\/wp-json\/wp\/v2\/product_cat?post=429706"},{"taxonomy":"product_tag","embeddable":true,"href":"https:\/\/stylingagenten.com\/fi\/wp-json\/wp\/v2\/product_tag?post=429706"},{"taxonomy":"berocket_brand","embeddable":true,"href":"https:\/\/stylingagenten.com\/fi\/wp-json\/wp\/v2\/berocket_brand?post=429706"}],"curies":[{"name":"wp","href":"https:\/\/api.w.org\/{rel}","templated":true}]}}