{"id":429591,"date":"2025-09-30T08:20:42","date_gmt":"2025-09-30T08:20:42","guid":{"rendered":"https:\/\/stylingagenten.com\/fi\/tuote\/woodwick-ellipse-patchouli-creme\/"},"modified":"2026-03-11T21:58:32","modified_gmt":"2026-03-11T21:58:32","slug":"woodwick-ellipse-patchouli-creme","status":"publish","type":"product","link":"https:\/\/stylingagenten.com\/fi\/tuote\/woodwick-ellipse-patchouli-creme\/","title":{"rendered":"WoodWick Ellipse &#8211; Patchouli Creme"},"content":{"rendered":"<p>WoodWick Ellipse &#8211; Patchouli Creme<br \/>Ylenpalttiset tuoksut kaakaopavusta, savustetusta kashmirista ja patchouli-kukasta luovat yhdess\u00e4 monimutkaisia tuoksoharmonioita.<\/p>\n<p>Yl\u00e4tuoksut: Mustapippuri, kaakaojauhe<br \/>Syd\u00e4ntuoksut: Kaakaopapu, jauhettu korianteri, muskotti<br \/>Pohjatuoksut: Savustettu kashmir, patchouli, savustettu kaakao<\/p>\n<p>454 g<\/p>\n","protected":false},"excerpt":{"rendered":"<p>WoodWick Ellipse &#8211; Patchouli CremeYlenpalttiset tuoksut kaakaopavusta, savustetusta kashmirista ja patchouli-kukasta luovat yhdess\u00e4 monimutkaisia tuoksoharmonioita. Yl\u00e4tuoksut: Mustapippuri, kaakaojauheSyd\u00e4ntuoksut: Kaakaopapu, jauhettu korianteri, muskottiPohjatuoksut: Savustettu kashmir, patchouli, savustettu kaakao 454 g<\/p>\n","protected":false},"featured_media":429586,"comment_status":"open","ping_status":"closed","template":"","meta":{"_trash_the_other_posts":false},"product_brand":[],"product_cat":[1000,999,735,540],"product_tag":[],"berocket_brand":[1375],"class_list":{"0":"post-429591","1":"product","2":"type-product","3":"status-publish","4":"has-post-thumbnail","6":"product_cat-kampanjatarjous-miehelle","7":"product_cat-kampanjatarjous-naiselle","8":"product_cat-kampanjamme","9":"product_cat-duftende-stearinlys","10":"pa_brand-woodwick","11":"berocket_brand-woodwick","13":"first","14":"instock","15":"sale","16":"taxable","17":"shipping-taxable","18":"purchasable","19":"product-type-simple"},"_links":{"self":[{"href":"https:\/\/stylingagenten.com\/fi\/wp-json\/wp\/v2\/product\/429591","targetHints":{"allow":["GET"]}}],"collection":[{"href":"https:\/\/stylingagenten.com\/fi\/wp-json\/wp\/v2\/product"}],"about":[{"href":"https:\/\/stylingagenten.com\/fi\/wp-json\/wp\/v2\/types\/product"}],"replies":[{"embeddable":true,"href":"https:\/\/stylingagenten.com\/fi\/wp-json\/wp\/v2\/comments?post=429591"}],"version-history":[{"count":0,"href":"https:\/\/stylingagenten.com\/fi\/wp-json\/wp\/v2\/product\/429591\/revisions"}],"wp:featuredmedia":[{"embeddable":true,"href":"https:\/\/stylingagenten.com\/fi\/wp-json\/wp\/v2\/media\/429586"}],"wp:attachment":[{"href":"https:\/\/stylingagenten.com\/fi\/wp-json\/wp\/v2\/media?parent=429591"}],"wp:term":[{"taxonomy":"product_brand","embeddable":true,"href":"https:\/\/stylingagenten.com\/fi\/wp-json\/wp\/v2\/product_brand?post=429591"},{"taxonomy":"product_cat","embeddable":true,"href":"https:\/\/stylingagenten.com\/fi\/wp-json\/wp\/v2\/product_cat?post=429591"},{"taxonomy":"product_tag","embeddable":true,"href":"https:\/\/stylingagenten.com\/fi\/wp-json\/wp\/v2\/product_tag?post=429591"},{"taxonomy":"berocket_brand","embeddable":true,"href":"https:\/\/stylingagenten.com\/fi\/wp-json\/wp\/v2\/berocket_brand?post=429591"}],"curies":[{"name":"wp","href":"https:\/\/api.w.org\/{rel}","templated":true}]}}