{"id":429538,"date":"2025-09-26T11:49:59","date_gmt":"2025-09-26T11:49:59","guid":{"rendered":"https:\/\/stylingagenten.com\/fi\/tuote\/zmile-cosmetics-beauty-advent-calendar-square-jingle-and-glow\/"},"modified":"2025-12-17T09:42:27","modified_gmt":"2025-12-17T09:42:27","slug":"zmile-cosmetics-beauty-advent-calendar-square-jingle-and-glow","status":"publish","type":"product","link":"https:\/\/stylingagenten.com\/fi\/tuote\/zmile-cosmetics-beauty-advent-calendar-square-jingle-and-glow\/","title":{"rendered":"Zmile Cosmetics Beauty Advent Calendar Square Jingle And Glow"},"content":{"rendered":"<p>T\u00e4m\u00e4 neliskulmainen beauty-joulukalenteri tuo valoa harmaaseen joulukuuhun! 24 luukun takaa l\u00f6yd\u00e4t huippuluokan vegaanisia kosmetiikkatuotteita ja pieni\u00e4 kauneusty\u00f6kaluja, jotka saavat talvilookisi loistamaan. L\u00f6yd\u00e4 trendikk\u00e4it\u00e4 luomiv\u00e4ris\u00e4vyj\u00e4, hohtavia poskipunia ja huulikiiltoja, jotka t\u00e4ytt\u00e4v\u00e4t kaikki toiveet \u2013 ja yll\u00e4ty joka p\u00e4iv\u00e4 uudelleen. Glow up your Christmas!<\/p>\n","protected":false},"excerpt":{"rendered":"<p>T\u00e4m\u00e4 neliskulmainen beauty-joulukalenteri tuo valoa harmaaseen joulukuuhun! 24 luukun takaa l\u00f6yd\u00e4t huippuluokan vegaanisia kosmetiikkatuotteita ja pieni\u00e4 kauneusty\u00f6kaluja, jotka saavat talvilookisi loistamaan. L\u00f6yd\u00e4 trendikk\u00e4it\u00e4 luomiv\u00e4ris\u00e4vyj\u00e4, hohtavia poskipunia ja huulikiiltoja, jotka t\u00e4ytt\u00e4v\u00e4t kaikki toiveet \u2013 ja yll\u00e4ty joka p\u00e4iv\u00e4 uudelleen. Glow up your Christmas!<\/p>\n","protected":false},"featured_media":429536,"comment_status":"open","ping_status":"closed","template":"","meta":{"_trash_the_other_posts":false},"product_brand":[],"product_cat":[643,999,735],"product_tag":[],"berocket_brand":[1179],"class_list":{"0":"post-429538","1":"product","2":"type-product","3":"status-publish","4":"has-post-thumbnail","6":"product_cat-adventskalendrar","7":"product_cat-kampanjatarjous-naiselle","8":"product_cat-kampanjamme","9":"pa_brand-zmile-cosmetics","10":"berocket_brand-zmile-cosmetics","12":"first","13":"instock","14":"sale","15":"taxable","16":"shipping-taxable","17":"purchasable","18":"product-type-simple"},"_links":{"self":[{"href":"https:\/\/stylingagenten.com\/fi\/wp-json\/wp\/v2\/product\/429538","targetHints":{"allow":["GET"]}}],"collection":[{"href":"https:\/\/stylingagenten.com\/fi\/wp-json\/wp\/v2\/product"}],"about":[{"href":"https:\/\/stylingagenten.com\/fi\/wp-json\/wp\/v2\/types\/product"}],"replies":[{"embeddable":true,"href":"https:\/\/stylingagenten.com\/fi\/wp-json\/wp\/v2\/comments?post=429538"}],"version-history":[{"count":0,"href":"https:\/\/stylingagenten.com\/fi\/wp-json\/wp\/v2\/product\/429538\/revisions"}],"wp:featuredmedia":[{"embeddable":true,"href":"https:\/\/stylingagenten.com\/fi\/wp-json\/wp\/v2\/media\/429536"}],"wp:attachment":[{"href":"https:\/\/stylingagenten.com\/fi\/wp-json\/wp\/v2\/media?parent=429538"}],"wp:term":[{"taxonomy":"product_brand","embeddable":true,"href":"https:\/\/stylingagenten.com\/fi\/wp-json\/wp\/v2\/product_brand?post=429538"},{"taxonomy":"product_cat","embeddable":true,"href":"https:\/\/stylingagenten.com\/fi\/wp-json\/wp\/v2\/product_cat?post=429538"},{"taxonomy":"product_tag","embeddable":true,"href":"https:\/\/stylingagenten.com\/fi\/wp-json\/wp\/v2\/product_tag?post=429538"},{"taxonomy":"berocket_brand","embeddable":true,"href":"https:\/\/stylingagenten.com\/fi\/wp-json\/wp\/v2\/berocket_brand?post=429538"}],"curies":[{"name":"wp","href":"https:\/\/api.w.org\/{rel}","templated":true}]}}