{"id":429534,"date":"2025-09-26T11:49:51","date_gmt":"2025-09-26T11:49:51","guid":{"rendered":"https:\/\/stylingagenten.com\/fi\/tuote\/zmile-cosmetics-beauty-advent-calendar-traditional-pink-and-fluffy\/"},"modified":"2026-04-08T12:59:00","modified_gmt":"2026-04-08T12:59:00","slug":"zmile-cosmetics-beauty-advent-calendar-traditional-pink-and-fluffy","status":"publish","type":"product","link":"https:\/\/stylingagenten.com\/fi\/tuote\/zmile-cosmetics-beauty-advent-calendar-traditional-pink-and-fluffy\/","title":{"rendered":"Zmile Cosmetics Beauty Advent Calendar Traditional Pink And Fluffy"},"content":{"rendered":"<p>24 yll\u00e4tyshetke\u00e4 meikin maailmasta \u2013 vegaanista kosmetiikkaa kevyess\u00e4 ja elegantissa designissa. L\u00f6yd\u00e4 kimaltavia luomiv\u00e4rej\u00e4, pehmeit\u00e4 huuliv\u00e4rej\u00e4 ja taianomaisia highlightereita, jotka nostavat p\u00e4ivitt\u00e4isen lookisi uudelle tasolle. T\u00e4ydellinen lahjaksi tai ylelliseen itserakkauden hetkeen \u2013 t\u00e4m\u00e4 kalenteri on kaikille, jotka rakastavat kauneutta, rakastavat kokeilla uutta ja haluavat t\u00e4ytt\u00e4\u00e4 joulukuun hehkulla ja taianomaisilla hetkill\u00e4.<\/p>\n","protected":false},"excerpt":{"rendered":"<p>24 yll\u00e4tyshetke\u00e4 meikin maailmasta \u2013 vegaanista kosmetiikkaa kevyess\u00e4 ja elegantissa designissa. L\u00f6yd\u00e4 kimaltavia luomiv\u00e4rej\u00e4, pehmeit\u00e4 huuliv\u00e4rej\u00e4 ja taianomaisia highlightereita, jotka nostavat p\u00e4ivitt\u00e4isen lookisi uudelle tasolle. T\u00e4ydellinen lahjaksi tai ylelliseen itserakkauden hetkeen \u2013 t\u00e4m\u00e4 kalenteri on kaikille, jotka rakastavat kauneutta, rakastavat kokeilla uutta ja haluavat t\u00e4ytt\u00e4\u00e4 joulukuun hehkulla ja taianomaisilla hetkill\u00e4.<\/p>\n","protected":false},"featured_media":429529,"comment_status":"open","ping_status":"closed","template":"","meta":{"_trash_the_other_posts":false},"product_brand":[],"product_cat":[643,999,735],"product_tag":[],"berocket_brand":[1179],"class_list":{"0":"post-429534","1":"product","2":"type-product","3":"status-publish","4":"has-post-thumbnail","6":"product_cat-adventskalendrar","7":"product_cat-kampanjatarjous-naiselle","8":"product_cat-kampanjamme","9":"pa_brand-zmile-cosmetics","10":"berocket_brand-zmile-cosmetics","12":"first","13":"instock","14":"sale","15":"taxable","16":"shipping-taxable","17":"purchasable","18":"product-type-simple"},"_links":{"self":[{"href":"https:\/\/stylingagenten.com\/fi\/wp-json\/wp\/v2\/product\/429534","targetHints":{"allow":["GET"]}}],"collection":[{"href":"https:\/\/stylingagenten.com\/fi\/wp-json\/wp\/v2\/product"}],"about":[{"href":"https:\/\/stylingagenten.com\/fi\/wp-json\/wp\/v2\/types\/product"}],"replies":[{"embeddable":true,"href":"https:\/\/stylingagenten.com\/fi\/wp-json\/wp\/v2\/comments?post=429534"}],"version-history":[{"count":0,"href":"https:\/\/stylingagenten.com\/fi\/wp-json\/wp\/v2\/product\/429534\/revisions"}],"wp:featuredmedia":[{"embeddable":true,"href":"https:\/\/stylingagenten.com\/fi\/wp-json\/wp\/v2\/media\/429529"}],"wp:attachment":[{"href":"https:\/\/stylingagenten.com\/fi\/wp-json\/wp\/v2\/media?parent=429534"}],"wp:term":[{"taxonomy":"product_brand","embeddable":true,"href":"https:\/\/stylingagenten.com\/fi\/wp-json\/wp\/v2\/product_brand?post=429534"},{"taxonomy":"product_cat","embeddable":true,"href":"https:\/\/stylingagenten.com\/fi\/wp-json\/wp\/v2\/product_cat?post=429534"},{"taxonomy":"product_tag","embeddable":true,"href":"https:\/\/stylingagenten.com\/fi\/wp-json\/wp\/v2\/product_tag?post=429534"},{"taxonomy":"berocket_brand","embeddable":true,"href":"https:\/\/stylingagenten.com\/fi\/wp-json\/wp\/v2\/berocket_brand?post=429534"}],"curies":[{"name":"wp","href":"https:\/\/api.w.org\/{rel}","templated":true}]}}