{"id":429500,"date":"2025-09-26T09:13:40","date_gmt":"2025-09-26T09:13:40","guid":{"rendered":"https:\/\/stylingagenten.com\/fi\/tuote\/makeup-revolution-i-heart-revolution-misting-you-mini-body-mist-set\/"},"modified":"2026-02-24T12:05:43","modified_gmt":"2026-02-24T12:05:43","slug":"makeup-revolution-i-heart-revolution-misting-you-mini-body-mist-set","status":"publish","type":"product","link":"https:\/\/stylingagenten.com\/fi\/tuote\/makeup-revolution-i-heart-revolution-misting-you-mini-body-mist-set\/","title":{"rendered":"Makeup Revolution I Heart Revolution Misting You Mini Body Mist Set"},"content":{"rendered":"<p>Etsitk\u00f6 t\u00e4ydellist\u00e4 tuoksuvaa joululahjaa? I Heart Revolution Misting You Mini Body Mist Set sis\u00e4lt\u00e4\u00e4 nelj\u00e4 mini-bodymistia l\u00e4mpimiss\u00e4, herkullisissa tuoksuissa \u2013 mukaan lukien kaksi rajoitetun er\u00e4n juhlatuoksua. Olitpa suihkuttamassa liikkeell\u00e4 tai kerrostamassa tuoksua iltaa varten, t\u00e4m\u00e4 setti on ehdoton kaikille body mistin yst\u00e4ville!<\/p>\n<p>Setti sis\u00e4lt\u00e4\u00e4:<br \/>100 ml Body Mists:<\/p>\n<p>Very Cherry<\/p>\n<p>Tropical Caramel<\/p>\n<p>Cinnamon Swirl (Limited Edition)<\/p>\n<p>Candy Cane (Limited Edition)<\/p>\n","protected":false},"excerpt":{"rendered":"<p>Etsitk\u00f6 t\u00e4ydellist\u00e4 tuoksuvaa joululahjaa? I Heart Revolution Misting You Mini Body Mist Set sis\u00e4lt\u00e4\u00e4 nelj\u00e4 mini-bodymistia l\u00e4mpimiss\u00e4, herkullisissa tuoksuissa \u2013 mukaan lukien kaksi rajoitetun er\u00e4n juhlatuoksua. Olitpa suihkuttamassa liikkeell\u00e4 tai kerrostamassa tuoksua iltaa varten, t\u00e4m\u00e4 setti on ehdoton kaikille body mistin yst\u00e4ville! Setti sis\u00e4lt\u00e4\u00e4:100 ml Body Mists: Very Cherry Tropical Caramel Cinnamon Swirl (Limited Edition) [&hellip;]<\/p>\n","protected":false},"featured_media":429498,"comment_status":"open","ping_status":"closed","template":"","meta":{"_trash_the_other_posts":false},"product_brand":[],"product_cat":[664],"product_tag":[],"berocket_brand":[1050],"class_list":{"0":"post-429500","1":"product","2":"type-product","3":"status-publish","4":"has-post-thumbnail","6":"product_cat-lahjasarja-meikki","7":"pa_brand-makeup-revolution","8":"berocket_brand-makeup-revolution","10":"first","11":"instock","12":"sale","13":"taxable","14":"shipping-taxable","15":"purchasable","16":"product-type-simple"},"_links":{"self":[{"href":"https:\/\/stylingagenten.com\/fi\/wp-json\/wp\/v2\/product\/429500","targetHints":{"allow":["GET"]}}],"collection":[{"href":"https:\/\/stylingagenten.com\/fi\/wp-json\/wp\/v2\/product"}],"about":[{"href":"https:\/\/stylingagenten.com\/fi\/wp-json\/wp\/v2\/types\/product"}],"replies":[{"embeddable":true,"href":"https:\/\/stylingagenten.com\/fi\/wp-json\/wp\/v2\/comments?post=429500"}],"version-history":[{"count":0,"href":"https:\/\/stylingagenten.com\/fi\/wp-json\/wp\/v2\/product\/429500\/revisions"}],"wp:featuredmedia":[{"embeddable":true,"href":"https:\/\/stylingagenten.com\/fi\/wp-json\/wp\/v2\/media\/429498"}],"wp:attachment":[{"href":"https:\/\/stylingagenten.com\/fi\/wp-json\/wp\/v2\/media?parent=429500"}],"wp:term":[{"taxonomy":"product_brand","embeddable":true,"href":"https:\/\/stylingagenten.com\/fi\/wp-json\/wp\/v2\/product_brand?post=429500"},{"taxonomy":"product_cat","embeddable":true,"href":"https:\/\/stylingagenten.com\/fi\/wp-json\/wp\/v2\/product_cat?post=429500"},{"taxonomy":"product_tag","embeddable":true,"href":"https:\/\/stylingagenten.com\/fi\/wp-json\/wp\/v2\/product_tag?post=429500"},{"taxonomy":"berocket_brand","embeddable":true,"href":"https:\/\/stylingagenten.com\/fi\/wp-json\/wp\/v2\/berocket_brand?post=429500"}],"curies":[{"name":"wp","href":"https:\/\/api.w.org\/{rel}","templated":true}]}}