{"id":429221,"date":"2025-09-18T12:49:28","date_gmt":"2025-09-18T12:49:28","guid":{"rendered":"https:\/\/stylingagenten.com\/fi\/tuote\/tom-ford-black-orchid-edp-50ml\/"},"modified":"2026-04-08T15:31:18","modified_gmt":"2026-04-08T15:31:18","slug":"tom-ford-black-orchid-edp-50ml","status":"publish","type":"product","link":"https:\/\/stylingagenten.com\/fi\/tuote\/tom-ford-black-orchid-edp-50ml\/","title":{"rendered":"Tom Ford Black Orchid Edp 50ml"},"content":{"rendered":"<p>Tom Ford Black Orchid Edp on ylellinen ja sensuelli tuoksu, jossa on rikkaita, tummia s\u00e4vyj\u00e4 mustasta orkideasta ja mausteista. TOM FORDin Black Orchid on sek\u00e4 moderni ett\u00e4 ajaton. Mustassa lasipullossa Black Orchid tekee unohtumattoman vaikutuksen ikonisen tyylin ja maailmanlaajuisen glamourin tunnelmaan.<\/p>\n<p>Tuoksunuotit: Musta tryffeli, Bergamotti, Musta orkidea, Musta luumu, Musta gourmand-s\u00e4vy, Patchouli<\/p>\n<p>50ml<\/p>\n","protected":false},"excerpt":{"rendered":"<p>Tom Ford Black Orchid Edp on ylellinen ja sensuelli tuoksu, jossa on rikkaita, tummia s\u00e4vyj\u00e4 mustasta orkideasta ja mausteista. TOM FORDin Black Orchid on sek\u00e4 moderni ett\u00e4 ajaton. Mustassa lasipullossa Black Orchid tekee unohtumattoman vaikutuksen ikonisen tyylin ja maailmanlaajuisen glamourin tunnelmaan. Tuoksunuotit: Musta tryffeli, Bergamotti, Musta orkidea, Musta luumu, Musta gourmand-s\u00e4vy, Patchouli 50ml<\/p>\n","protected":false},"featured_media":429214,"comment_status":"open","ping_status":"closed","template":"","meta":{"_trash_the_other_posts":false},"product_brand":[],"product_cat":[729,999,735],"product_tag":[],"berocket_brand":[1158],"class_list":{"0":"post-429221","1":"product","2":"type-product","3":"status-publish","4":"has-post-thumbnail","6":"product_cat-eau-de-parfum-unisex","7":"product_cat-kampanjatarjous-naiselle","8":"product_cat-kampanjamme","9":"pa_brand-tom-ford","10":"berocket_brand-tom-ford","12":"first","13":"instock","14":"sale","15":"taxable","16":"shipping-taxable","17":"purchasable","18":"product-type-simple"},"_links":{"self":[{"href":"https:\/\/stylingagenten.com\/fi\/wp-json\/wp\/v2\/product\/429221","targetHints":{"allow":["GET"]}}],"collection":[{"href":"https:\/\/stylingagenten.com\/fi\/wp-json\/wp\/v2\/product"}],"about":[{"href":"https:\/\/stylingagenten.com\/fi\/wp-json\/wp\/v2\/types\/product"}],"replies":[{"embeddable":true,"href":"https:\/\/stylingagenten.com\/fi\/wp-json\/wp\/v2\/comments?post=429221"}],"version-history":[{"count":0,"href":"https:\/\/stylingagenten.com\/fi\/wp-json\/wp\/v2\/product\/429221\/revisions"}],"wp:featuredmedia":[{"embeddable":true,"href":"https:\/\/stylingagenten.com\/fi\/wp-json\/wp\/v2\/media\/429214"}],"wp:attachment":[{"href":"https:\/\/stylingagenten.com\/fi\/wp-json\/wp\/v2\/media?parent=429221"}],"wp:term":[{"taxonomy":"product_brand","embeddable":true,"href":"https:\/\/stylingagenten.com\/fi\/wp-json\/wp\/v2\/product_brand?post=429221"},{"taxonomy":"product_cat","embeddable":true,"href":"https:\/\/stylingagenten.com\/fi\/wp-json\/wp\/v2\/product_cat?post=429221"},{"taxonomy":"product_tag","embeddable":true,"href":"https:\/\/stylingagenten.com\/fi\/wp-json\/wp\/v2\/product_tag?post=429221"},{"taxonomy":"berocket_brand","embeddable":true,"href":"https:\/\/stylingagenten.com\/fi\/wp-json\/wp\/v2\/berocket_brand?post=429221"}],"curies":[{"name":"wp","href":"https:\/\/api.w.org\/{rel}","templated":true}]}}