{"id":429220,"date":"2025-09-18T12:49:28","date_gmt":"2025-09-18T12:49:28","guid":{"rendered":"https:\/\/stylingagenten.com\/fi\/tuote\/elizabeth-arden-green-tea-pistachio-crunch-edt-100ml\/"},"modified":"2026-04-13T20:28:36","modified_gmt":"2026-04-13T20:28:36","slug":"elizabeth-arden-green-tea-pistachio-crunch-edt-100ml","status":"publish","type":"product","link":"https:\/\/stylingagenten.com\/fi\/tuote\/elizabeth-arden-green-tea-pistachio-crunch-edt-100ml\/","title":{"rendered":"Elizabeth Arden Green Tea Pistachio Crunch Edt 100ml"},"content":{"rendered":"<p>Elizabeth Arden Green Tea Pistachio Crunch Edt on vastustamaton gourmand-tuoksu, jossa raikas sitrus kohtaa kermaisen makeuden. Koe leikkis\u00e4 yhdistelm\u00e4 pistaasinkuorta, kuplivaa bergamottia, vihre\u00e4\u00e4 teet\u00e4 ja samettista magnoliaa, kietoutuneena l\u00e4mpim\u00e4\u00e4n vaniljaan, valkoiseen meripihkaan ja ripaukseen ruskeaa sokeria. Tuoksu yht\u00e4 houkutteleva kuin milt\u00e4 se kuulostaa!<\/p>\n<p>Alkutuoksu: Italialainen bergamotti\u00f6ljy, Pistaasi, Pistaasinkuori<br \/>Syd\u00e4ntuoksu: Vihre\u00e4 tee, Heliotrooppi, Magnolia, Ruusuvesi<br \/>Pohjatuoksu: Vaniljatanko, Valkoinen meripihka, Ruskea sokeri, Marsipaani, Myski<\/p>\n<p>100ml<\/p>\n","protected":false},"excerpt":{"rendered":"<p>Elizabeth Arden Green Tea Pistachio Crunch Edt on vastustamaton gourmand-tuoksu, jossa raikas sitrus kohtaa kermaisen makeuden. Koe leikkis\u00e4 yhdistelm\u00e4 pistaasinkuorta, kuplivaa bergamottia, vihre\u00e4\u00e4 teet\u00e4 ja samettista magnoliaa, kietoutuneena l\u00e4mpim\u00e4\u00e4n vaniljaan, valkoiseen meripihkaan ja ripaukseen ruskeaa sokeria. Tuoksu yht\u00e4 houkutteleva kuin milt\u00e4 se kuulostaa! Alkutuoksu: Italialainen bergamotti\u00f6ljy, Pistaasi, PistaasinkuoriSyd\u00e4ntuoksu: Vihre\u00e4 tee, Heliotrooppi, Magnolia, RuusuvesiPohjatuoksu: Vaniljatanko, Valkoinen [&hellip;]<\/p>\n","protected":false},"featured_media":429212,"comment_status":"open","ping_status":"closed","template":"","meta":{"_trash_the_other_posts":false},"product_brand":[],"product_cat":[999,707,735],"product_tag":[],"berocket_brand":[1303],"class_list":{"0":"post-429220","1":"product","2":"type-product","3":"status-publish","4":"has-post-thumbnail","6":"product_cat-kampanjatarjous-naiselle","7":"product_cat-naisten-eau-de-toilette","8":"product_cat-kampanjamme","9":"pa_brand-elizabeth-arden","10":"berocket_brand-elizabeth-arden","12":"first","13":"instock","14":"sale","15":"taxable","16":"shipping-taxable","17":"purchasable","18":"product-type-simple"},"_links":{"self":[{"href":"https:\/\/stylingagenten.com\/fi\/wp-json\/wp\/v2\/product\/429220","targetHints":{"allow":["GET"]}}],"collection":[{"href":"https:\/\/stylingagenten.com\/fi\/wp-json\/wp\/v2\/product"}],"about":[{"href":"https:\/\/stylingagenten.com\/fi\/wp-json\/wp\/v2\/types\/product"}],"replies":[{"embeddable":true,"href":"https:\/\/stylingagenten.com\/fi\/wp-json\/wp\/v2\/comments?post=429220"}],"version-history":[{"count":0,"href":"https:\/\/stylingagenten.com\/fi\/wp-json\/wp\/v2\/product\/429220\/revisions"}],"wp:featuredmedia":[{"embeddable":true,"href":"https:\/\/stylingagenten.com\/fi\/wp-json\/wp\/v2\/media\/429212"}],"wp:attachment":[{"href":"https:\/\/stylingagenten.com\/fi\/wp-json\/wp\/v2\/media?parent=429220"}],"wp:term":[{"taxonomy":"product_brand","embeddable":true,"href":"https:\/\/stylingagenten.com\/fi\/wp-json\/wp\/v2\/product_brand?post=429220"},{"taxonomy":"product_cat","embeddable":true,"href":"https:\/\/stylingagenten.com\/fi\/wp-json\/wp\/v2\/product_cat?post=429220"},{"taxonomy":"product_tag","embeddable":true,"href":"https:\/\/stylingagenten.com\/fi\/wp-json\/wp\/v2\/product_tag?post=429220"},{"taxonomy":"berocket_brand","embeddable":true,"href":"https:\/\/stylingagenten.com\/fi\/wp-json\/wp\/v2\/berocket_brand?post=429220"}],"curies":[{"name":"wp","href":"https:\/\/api.w.org\/{rel}","templated":true}]}}