{"id":429144,"date":"2025-09-18T12:47:33","date_gmt":"2025-09-18T12:47:33","guid":{"rendered":"https:\/\/stylingagenten.com\/fi\/tuote\/giftset-calvin-klein-defy-edp-50ml-shower-gel-100ml\/"},"modified":"2026-04-12T15:08:27","modified_gmt":"2026-04-12T15:08:27","slug":"giftset-calvin-klein-defy-edp-50ml-shower-gel-100ml","status":"publish","type":"product","link":"https:\/\/stylingagenten.com\/fi\/tuote\/giftset-calvin-klein-defy-edp-50ml-shower-gel-100ml\/","title":{"rendered":"Giftset Calvin Klein Defy Edp 50ml + Shower Gel 100ml"},"content":{"rendered":"<p>Raikas. Maskuliininen. Addiktoiva. Calvin Klein Defy miesten tuoksu on rohkea kontrasti virkist\u00e4v\u00e4n raikkauden ja voimakkaiden puus\u00e4vyjen v\u00e4lill\u00e4: Eau de Toilette miehille, jotka uskaltavat rikkoa rajoja ja ottaa riskej\u00e4.<\/p>\n<p>T\u00e4m\u00e4 energinen ja raikas Calvin Klein -tuoksu avautuu j\u00e4nnitt\u00e4v\u00e4ll\u00e4 sitrussekoituksella, jossa yhdistyv\u00e4t raikas bergamotti ja virkist\u00e4v\u00e4 laventeli absolute. Syd\u00e4mess\u00e4 on eettisesti tuotettua haitilaista vetiveri\u00e4, joka korostaa tuoksun maskuliinisuutta, ja pohjalla sensuelli, houkutteleva ambra tuo l\u00e4mmint\u00e4 syvyytt\u00e4. Moderni, pelkistetty pullo heijastaa Calvin Kleinin ikonisia tunnusmerkkej\u00e4 \u2013 farkunsinist\u00e4 ja minimalismia sensuellilla vivahteella.<\/p>\n<p>Lahjapakkaus sis\u00e4lt\u00e4\u00e4:<br \/>Calvin Klein Defy EdP 50ml<br \/>Calvin Klein Defy Shower Gel 100ml<\/p>\n","protected":false},"excerpt":{"rendered":"<p>Raikas. Maskuliininen. Addiktoiva. Calvin Klein Defy miesten tuoksu on rohkea kontrasti virkist\u00e4v\u00e4n raikkauden ja voimakkaiden puus\u00e4vyjen v\u00e4lill\u00e4: Eau de Toilette miehille, jotka uskaltavat rikkoa rajoja ja ottaa riskej\u00e4. T\u00e4m\u00e4 energinen ja raikas Calvin Klein -tuoksu avautuu j\u00e4nnitt\u00e4v\u00e4ll\u00e4 sitrussekoituksella, jossa yhdistyv\u00e4t raikas bergamotti ja virkist\u00e4v\u00e4 laventeli absolute. Syd\u00e4mess\u00e4 on eettisesti tuotettua haitilaista vetiveri\u00e4, joka korostaa tuoksun [&hellip;]<\/p>\n","protected":false},"featured_media":429142,"comment_status":"open","ping_status":"closed","template":"","meta":{"_trash_the_other_posts":false},"product_brand":[],"product_cat":[548],"product_tag":[],"berocket_brand":[1014],"class_list":{"0":"post-429144","1":"product","2":"type-product","3":"status-publish","4":"has-post-thumbnail","6":"product_cat-gave-parfyme-herre","7":"pa_brand-calvin-klein","8":"berocket_brand-calvin-klein","10":"first","11":"instock","12":"sale","13":"taxable","14":"shipping-taxable","15":"purchasable","16":"product-type-simple"},"_links":{"self":[{"href":"https:\/\/stylingagenten.com\/fi\/wp-json\/wp\/v2\/product\/429144","targetHints":{"allow":["GET"]}}],"collection":[{"href":"https:\/\/stylingagenten.com\/fi\/wp-json\/wp\/v2\/product"}],"about":[{"href":"https:\/\/stylingagenten.com\/fi\/wp-json\/wp\/v2\/types\/product"}],"replies":[{"embeddable":true,"href":"https:\/\/stylingagenten.com\/fi\/wp-json\/wp\/v2\/comments?post=429144"}],"version-history":[{"count":0,"href":"https:\/\/stylingagenten.com\/fi\/wp-json\/wp\/v2\/product\/429144\/revisions"}],"wp:featuredmedia":[{"embeddable":true,"href":"https:\/\/stylingagenten.com\/fi\/wp-json\/wp\/v2\/media\/429142"}],"wp:attachment":[{"href":"https:\/\/stylingagenten.com\/fi\/wp-json\/wp\/v2\/media?parent=429144"}],"wp:term":[{"taxonomy":"product_brand","embeddable":true,"href":"https:\/\/stylingagenten.com\/fi\/wp-json\/wp\/v2\/product_brand?post=429144"},{"taxonomy":"product_cat","embeddable":true,"href":"https:\/\/stylingagenten.com\/fi\/wp-json\/wp\/v2\/product_cat?post=429144"},{"taxonomy":"product_tag","embeddable":true,"href":"https:\/\/stylingagenten.com\/fi\/wp-json\/wp\/v2\/product_tag?post=429144"},{"taxonomy":"berocket_brand","embeddable":true,"href":"https:\/\/stylingagenten.com\/fi\/wp-json\/wp\/v2\/berocket_brand?post=429144"}],"curies":[{"name":"wp","href":"https:\/\/api.w.org\/{rel}","templated":true}]}}