{"id":429141,"date":"2025-09-18T12:47:33","date_gmt":"2025-09-18T12:47:33","guid":{"rendered":"https:\/\/stylingagenten.com\/fi\/tuote\/acqua-di-parma-lily-of-the-valley-edp-100ml\/"},"modified":"2026-03-11T22:05:12","modified_gmt":"2026-03-11T22:05:12","slug":"acqua-di-parma-lily-of-the-valley-edp-100ml","status":"publish","type":"product","link":"https:\/\/stylingagenten.com\/fi\/tuote\/acqua-di-parma-lily-of-the-valley-edp-100ml\/","title":{"rendered":"Acqua di Parma Lily of the Valley Edp 100ml"},"content":{"rendered":"<p>Acqua di Parma Lily of the Valley Edp on taiteellinen yhdistelm\u00e4 kahta tuoksuel\u00e4myst\u00e4: kielon el\u00e4v\u00e4inen ja voimakas tuoksu, jota korostavat kirkkaat ja s\u00e4teilev\u00e4t sitrusvivahteet.<br \/>T\u00e4m\u00e4n herk\u00e4n kukan tuoksu yhdistyy greippiin, petitgrainsiin, ripaukseen mustaherukkaa ja italialaiseen bergamottiin luoden unohtumattoman ja koukuttavan el\u00e4myksen.<\/p>\n<p>Alkutuoksu: Bergamotti, Greippi, Mustaherukka<br \/>Syd\u00e4ntuoksu: Petitgrain, Kielo<br \/>Pohjatuoksu: Setripuu, Myski<\/p>\n<p>100ml<\/p>\n","protected":false},"excerpt":{"rendered":"<p>Acqua di Parma Lily of the Valley Edp on taiteellinen yhdistelm\u00e4 kahta tuoksuel\u00e4myst\u00e4: kielon el\u00e4v\u00e4inen ja voimakas tuoksu, jota korostavat kirkkaat ja s\u00e4teilev\u00e4t sitrusvivahteet.T\u00e4m\u00e4n herk\u00e4n kukan tuoksu yhdistyy greippiin, petitgrainsiin, ripaukseen mustaherukkaa ja italialaiseen bergamottiin luoden unohtumattoman ja koukuttavan el\u00e4myksen. Alkutuoksu: Bergamotti, Greippi, MustaherukkaSyd\u00e4ntuoksu: Petitgrain, KieloPohjatuoksu: Setripuu, Myski 100ml<\/p>\n","protected":false},"featured_media":429139,"comment_status":"open","ping_status":"closed","template":"","meta":{"_trash_the_other_posts":false},"product_brand":[],"product_cat":[729,1000,735],"product_tag":[],"berocket_brand":[1161],"class_list":{"0":"post-429141","1":"product","2":"type-product","3":"status-publish","4":"has-post-thumbnail","6":"product_cat-eau-de-parfum-unisex","7":"product_cat-kampanjatarjous-miehelle","8":"product_cat-kampanjamme","9":"pa_brand-acqua-di-parma","10":"berocket_brand-acqua-di-parma","12":"first","13":"instock","14":"sale","15":"taxable","16":"shipping-taxable","17":"purchasable","18":"product-type-simple"},"_links":{"self":[{"href":"https:\/\/stylingagenten.com\/fi\/wp-json\/wp\/v2\/product\/429141","targetHints":{"allow":["GET"]}}],"collection":[{"href":"https:\/\/stylingagenten.com\/fi\/wp-json\/wp\/v2\/product"}],"about":[{"href":"https:\/\/stylingagenten.com\/fi\/wp-json\/wp\/v2\/types\/product"}],"replies":[{"embeddable":true,"href":"https:\/\/stylingagenten.com\/fi\/wp-json\/wp\/v2\/comments?post=429141"}],"version-history":[{"count":0,"href":"https:\/\/stylingagenten.com\/fi\/wp-json\/wp\/v2\/product\/429141\/revisions"}],"wp:featuredmedia":[{"embeddable":true,"href":"https:\/\/stylingagenten.com\/fi\/wp-json\/wp\/v2\/media\/429139"}],"wp:attachment":[{"href":"https:\/\/stylingagenten.com\/fi\/wp-json\/wp\/v2\/media?parent=429141"}],"wp:term":[{"taxonomy":"product_brand","embeddable":true,"href":"https:\/\/stylingagenten.com\/fi\/wp-json\/wp\/v2\/product_brand?post=429141"},{"taxonomy":"product_cat","embeddable":true,"href":"https:\/\/stylingagenten.com\/fi\/wp-json\/wp\/v2\/product_cat?post=429141"},{"taxonomy":"product_tag","embeddable":true,"href":"https:\/\/stylingagenten.com\/fi\/wp-json\/wp\/v2\/product_tag?post=429141"},{"taxonomy":"berocket_brand","embeddable":true,"href":"https:\/\/stylingagenten.com\/fi\/wp-json\/wp\/v2\/berocket_brand?post=429141"}],"curies":[{"name":"wp","href":"https:\/\/api.w.org\/{rel}","templated":true}]}}