{"id":429138,"date":"2025-09-18T12:47:27","date_gmt":"2025-09-18T12:47:27","guid":{"rendered":"https:\/\/stylingagenten.com\/fi\/tuote\/abercrombie-fitch-authentic-night-woman-edp-100ml\/"},"modified":"2026-03-11T21:59:03","modified_gmt":"2026-03-11T21:59:03","slug":"abercrombie-fitch-authentic-night-woman-edp-100ml","status":"publish","type":"product","link":"https:\/\/stylingagenten.com\/fi\/tuote\/abercrombie-fitch-authentic-night-woman-edp-100ml\/","title":{"rendered":"Abercrombie &amp; Fitch Authentic Night Woman Edp 100ml"},"content":{"rendered":"<p>Abercrombie &amp; Fitch Authentic Night Woman EdP vangitsee upean tunteen: ilon ja rennon tunnelman, joka syntyy vain aidossa yhdess\u00e4olossa hyvien yst\u00e4vien kanssa. T\u00e4m\u00e4n uuden, hienostuneen feminiinisen ja virkist\u00e4v\u00e4n tuoksun avulla h\u00e4n voi vapaasti ilmaista sisimp\u00e4ns\u00e4. Yll\u00e4tt\u00e4v\u00e4 yhdistelm\u00e4 Pink Lady -omenaa, kukkivaa tuberoosaa ja l\u00e4mmint\u00e4 seetripuuta tekee Authentic Night -tuoksusta kunnianosoituksen Abercrombie &amp; Fitch -naisen todelliselle min\u00e4lle.<\/p>\n<p>Alkutuoksu: Mustaherukka, Ros\u00e9pippuri, Pink Lady -Omena<br \/>Syd\u00e4ntuoksu: Tuberoosa, Magnolia, Jasmiini Sambac<br \/>Pohjatuoksu: Seetripuu, Patsuli, Santelipuu<\/p>\n<p>100ml<\/p>\n","protected":false},"excerpt":{"rendered":"<p>Abercrombie &amp; Fitch Authentic Night Woman EdP vangitsee upean tunteen: ilon ja rennon tunnelman, joka syntyy vain aidossa yhdess\u00e4olossa hyvien yst\u00e4vien kanssa. T\u00e4m\u00e4n uuden, hienostuneen feminiinisen ja virkist\u00e4v\u00e4n tuoksun avulla h\u00e4n voi vapaasti ilmaista sisimp\u00e4ns\u00e4. Yll\u00e4tt\u00e4v\u00e4 yhdistelm\u00e4 Pink Lady -omenaa, kukkivaa tuberoosaa ja l\u00e4mmint\u00e4 seetripuuta tekee Authentic Night -tuoksusta kunnianosoituksen Abercrombie &amp; Fitch -naisen todelliselle [&hellip;]<\/p>\n","protected":false},"featured_media":429136,"comment_status":"open","ping_status":"closed","template":"","meta":{"_trash_the_other_posts":false},"product_brand":[],"product_cat":[999,706,735],"product_tag":[],"berocket_brand":[1278],"class_list":{"0":"post-429138","1":"product","2":"type-product","3":"status-publish","4":"has-post-thumbnail","6":"product_cat-kampanjatarjous-naiselle","7":"product_cat-naisten-eau-de-parfum","8":"product_cat-kampanjamme","9":"pa_brand-abercrombie-fitch","10":"berocket_brand-abercrombie-fitch","12":"first","13":"instock","14":"sale","15":"taxable","16":"shipping-taxable","17":"purchasable","18":"product-type-simple"},"_links":{"self":[{"href":"https:\/\/stylingagenten.com\/fi\/wp-json\/wp\/v2\/product\/429138","targetHints":{"allow":["GET"]}}],"collection":[{"href":"https:\/\/stylingagenten.com\/fi\/wp-json\/wp\/v2\/product"}],"about":[{"href":"https:\/\/stylingagenten.com\/fi\/wp-json\/wp\/v2\/types\/product"}],"replies":[{"embeddable":true,"href":"https:\/\/stylingagenten.com\/fi\/wp-json\/wp\/v2\/comments?post=429138"}],"version-history":[{"count":0,"href":"https:\/\/stylingagenten.com\/fi\/wp-json\/wp\/v2\/product\/429138\/revisions"}],"wp:featuredmedia":[{"embeddable":true,"href":"https:\/\/stylingagenten.com\/fi\/wp-json\/wp\/v2\/media\/429136"}],"wp:attachment":[{"href":"https:\/\/stylingagenten.com\/fi\/wp-json\/wp\/v2\/media?parent=429138"}],"wp:term":[{"taxonomy":"product_brand","embeddable":true,"href":"https:\/\/stylingagenten.com\/fi\/wp-json\/wp\/v2\/product_brand?post=429138"},{"taxonomy":"product_cat","embeddable":true,"href":"https:\/\/stylingagenten.com\/fi\/wp-json\/wp\/v2\/product_cat?post=429138"},{"taxonomy":"product_tag","embeddable":true,"href":"https:\/\/stylingagenten.com\/fi\/wp-json\/wp\/v2\/product_tag?post=429138"},{"taxonomy":"berocket_brand","embeddable":true,"href":"https:\/\/stylingagenten.com\/fi\/wp-json\/wp\/v2\/berocket_brand?post=429138"}],"curies":[{"name":"wp","href":"https:\/\/api.w.org\/{rel}","templated":true}]}}