{"id":429128,"date":"2025-09-18T12:47:07","date_gmt":"2025-09-18T12:47:07","guid":{"rendered":"https:\/\/stylingagenten.com\/fi\/tuote\/abercrombie-fitch-fierce-cologne-edc-100ml\/"},"modified":"2026-03-11T22:03:41","modified_gmt":"2026-03-11T22:03:41","slug":"abercrombie-fitch-fierce-cologne-edc-100ml","status":"publish","type":"product","link":"https:\/\/stylingagenten.com\/fi\/tuote\/abercrombie-fitch-fierce-cologne-edc-100ml\/","title":{"rendered":"Abercrombie &amp; Fitch Fierce Cologne Edc 100ml"},"content":{"rendered":"<p>FIERCE HAJUSTE: VOIMAN JA HERKKYYDEN TUOKSU<br \/>Liity uuteen tarinaan ja kohtaa oma Fiercesi! Omaksu puumainen aromaattinen tuoksu, joka erottuu kaikissa joukoissa ja ilment\u00e4\u00e4 sek\u00e4 voimaa ett\u00e4 herkkyytt\u00e4. Anna raikkaan merituulen vahvistaa aistejasi, l\u00e4mpim\u00e4n santelipuun ankkuroida l\u00e4sn\u00e4olosi ja sensuellin myski-puun j\u00e4tt\u00e4\u00e4 unohtumaton j\u00e4lki. Fierce ei ole vain tuoksu; se on kokemus, lausunto, yksil\u00f6llisyyden julistus.<\/p>\n<p>Alkutuoksu: Marine Breeze \u2013 Raikas merituulen aalto antaa v\u00e4lit\u00f6nt\u00e4 energiaa, virkist\u00e4\u00e4 aisteja ja tuo mieleen meren ter\u00e4v\u00e4n ja puhtaan olemuksen.<br \/>Syd\u00e4ntuoksu: Santelipuu \u2013 Tuoksun syd\u00e4n l\u00e4mpenee santelipuun rikkaasta, puisesta aromista, joka tuo syvyytt\u00e4 ja ajatonta eleganssia.<br \/>Pohjatuoksu: Myski-puu \u2013 Sensuellin myski-puun pohjatuoksut antavat pitk\u00e4kestoisen, intiimin viimeistelyn, joka on sek\u00e4 voimakas ett\u00e4 houkutteleva ja j\u00e4tt\u00e4\u00e4 mieleenpainuvan vaikutelman.<\/p>\n<p>100ml<\/p>\n","protected":false},"excerpt":{"rendered":"<p>FIERCE HAJUSTE: VOIMAN JA HERKKYYDEN TUOKSULiity uuteen tarinaan ja kohtaa oma Fiercesi! Omaksu puumainen aromaattinen tuoksu, joka erottuu kaikissa joukoissa ja ilment\u00e4\u00e4 sek\u00e4 voimaa ett\u00e4 herkkyytt\u00e4. Anna raikkaan merituulen vahvistaa aistejasi, l\u00e4mpim\u00e4n santelipuun ankkuroida l\u00e4sn\u00e4olosi ja sensuellin myski-puun j\u00e4tt\u00e4\u00e4 unohtumaton j\u00e4lki. Fierce ei ole vain tuoksu; se on kokemus, lausunto, yksil\u00f6llisyyden julistus. Alkutuoksu: Marine Breeze [&hellip;]<\/p>\n","protected":false},"featured_media":429125,"comment_status":"open","ping_status":"closed","template":"","meta":{"_trash_the_other_posts":false},"product_brand":[],"product_cat":[710,1000,735],"product_tag":[],"berocket_brand":[1278],"class_list":{"0":"post-429128","1":"product","2":"type-product","3":"status-publish","4":"has-post-thumbnail","6":"product_cat-eau-de-cologne-miehet","7":"product_cat-kampanjatarjous-miehelle","8":"product_cat-kampanjamme","9":"pa_brand-abercrombie-fitch","10":"berocket_brand-abercrombie-fitch","12":"first","13":"instock","14":"sale","15":"taxable","16":"shipping-taxable","17":"purchasable","18":"product-type-simple"},"_links":{"self":[{"href":"https:\/\/stylingagenten.com\/fi\/wp-json\/wp\/v2\/product\/429128","targetHints":{"allow":["GET"]}}],"collection":[{"href":"https:\/\/stylingagenten.com\/fi\/wp-json\/wp\/v2\/product"}],"about":[{"href":"https:\/\/stylingagenten.com\/fi\/wp-json\/wp\/v2\/types\/product"}],"replies":[{"embeddable":true,"href":"https:\/\/stylingagenten.com\/fi\/wp-json\/wp\/v2\/comments?post=429128"}],"version-history":[{"count":0,"href":"https:\/\/stylingagenten.com\/fi\/wp-json\/wp\/v2\/product\/429128\/revisions"}],"wp:featuredmedia":[{"embeddable":true,"href":"https:\/\/stylingagenten.com\/fi\/wp-json\/wp\/v2\/media\/429125"}],"wp:attachment":[{"href":"https:\/\/stylingagenten.com\/fi\/wp-json\/wp\/v2\/media?parent=429128"}],"wp:term":[{"taxonomy":"product_brand","embeddable":true,"href":"https:\/\/stylingagenten.com\/fi\/wp-json\/wp\/v2\/product_brand?post=429128"},{"taxonomy":"product_cat","embeddable":true,"href":"https:\/\/stylingagenten.com\/fi\/wp-json\/wp\/v2\/product_cat?post=429128"},{"taxonomy":"product_tag","embeddable":true,"href":"https:\/\/stylingagenten.com\/fi\/wp-json\/wp\/v2\/product_tag?post=429128"},{"taxonomy":"berocket_brand","embeddable":true,"href":"https:\/\/stylingagenten.com\/fi\/wp-json\/wp\/v2\/berocket_brand?post=429128"}],"curies":[{"name":"wp","href":"https:\/\/api.w.org\/{rel}","templated":true}]}}