{"id":429092,"date":"2025-09-18T12:45:59","date_gmt":"2025-09-18T12:45:59","guid":{"rendered":"https:\/\/stylingagenten.com\/fi\/tuote\/david-beckham-classic-homme-edt-50ml\/"},"modified":"2026-03-28T01:48:28","modified_gmt":"2026-03-28T01:48:28","slug":"david-beckham-classic-homme-edt-50ml","status":"publish","type":"product","link":"https:\/\/stylingagenten.com\/fi\/tuote\/david-beckham-classic-homme-edt-50ml\/","title":{"rendered":"David Beckham Classic Homme Edt 50ml"},"content":{"rendered":"<p>David Beckham Fragrances esittelee Classic Homme \u2013 modernin tulkinnan miesten tuoksusta mausteisella twistill\u00e4. K\u00e4yt\u00e4 sit\u00e4 itsevarmasti kaikissa tilanteissa. Classic Homme Eau de Toilette Spray on kevyesti mausteinen puutuoksu, jossa on aromaattinen sekoitus l\u00e4mpimi\u00e4 savuisi\u00e4 s\u00e4vyj\u00e4 ja raikkaita mausteisia nuotteja. Tuoksu avautuu raikkaalla pinkill\u00e4 greipill\u00e4 ja rosmariinilla, jossa on ripaus voimakasta pippuria. Syd\u00e4ntuoksussa yhdistyv\u00e4t tunnistettavasti cashmeran, nahka ja musta dahlia, luoden t\u00e4ytel\u00e4isen ja maskuliinisen tuoksun, jota korostavat pohjatuoksun mahonki, patsuli ja sensuelli myski. Ainutlaatuinen sylinterinmuotoinen pullo on koristeltu kauniilla kalanruotokuvioinnilla, ja tyylik\u00e4s tummanharmaa korkki tuo t\u00e4h\u00e4n David Beckham Eau de Toiletteen modernin ja maskuliinisen ilmeen. Classic Collection on vastustamaton tulkinta klassikoiden voimasta: jokainen tuoksu on valmistettu huolellisesti valituista ainesosista, jotka ovat osoittaneet arvonsa ajan my\u00f6t\u00e4.<\/p>\n<p>50ml<\/p>\n","protected":false},"excerpt":{"rendered":"<p>David Beckham Fragrances esittelee Classic Homme \u2013 modernin tulkinnan miesten tuoksusta mausteisella twistill\u00e4. K\u00e4yt\u00e4 sit\u00e4 itsevarmasti kaikissa tilanteissa. Classic Homme Eau de Toilette Spray on kevyesti mausteinen puutuoksu, jossa on aromaattinen sekoitus l\u00e4mpimi\u00e4 savuisi\u00e4 s\u00e4vyj\u00e4 ja raikkaita mausteisia nuotteja. Tuoksu avautuu raikkaalla pinkill\u00e4 greipill\u00e4 ja rosmariinilla, jossa on ripaus voimakasta pippuria. Syd\u00e4ntuoksussa yhdistyv\u00e4t tunnistettavasti cashmeran, [&hellip;]<\/p>\n","protected":false},"featured_media":429087,"comment_status":"open","ping_status":"closed","template":"","meta":{"_trash_the_other_posts":false},"product_brand":[],"product_cat":[708,1000,735],"product_tag":[],"berocket_brand":[1281],"class_list":{"0":"post-429092","1":"product","2":"type-product","3":"status-publish","4":"has-post-thumbnail","6":"product_cat-eau-de-parfum-miesten","7":"product_cat-kampanjatarjous-miehelle","8":"product_cat-kampanjamme","9":"pa_brand-david-beckham","10":"berocket_brand-david-beckham","12":"first","13":"outofstock","14":"sale","15":"taxable","16":"shipping-taxable","17":"purchasable","18":"product-type-simple"},"_links":{"self":[{"href":"https:\/\/stylingagenten.com\/fi\/wp-json\/wp\/v2\/product\/429092","targetHints":{"allow":["GET"]}}],"collection":[{"href":"https:\/\/stylingagenten.com\/fi\/wp-json\/wp\/v2\/product"}],"about":[{"href":"https:\/\/stylingagenten.com\/fi\/wp-json\/wp\/v2\/types\/product"}],"replies":[{"embeddable":true,"href":"https:\/\/stylingagenten.com\/fi\/wp-json\/wp\/v2\/comments?post=429092"}],"version-history":[{"count":0,"href":"https:\/\/stylingagenten.com\/fi\/wp-json\/wp\/v2\/product\/429092\/revisions"}],"wp:featuredmedia":[{"embeddable":true,"href":"https:\/\/stylingagenten.com\/fi\/wp-json\/wp\/v2\/media\/429087"}],"wp:attachment":[{"href":"https:\/\/stylingagenten.com\/fi\/wp-json\/wp\/v2\/media?parent=429092"}],"wp:term":[{"taxonomy":"product_brand","embeddable":true,"href":"https:\/\/stylingagenten.com\/fi\/wp-json\/wp\/v2\/product_brand?post=429092"},{"taxonomy":"product_cat","embeddable":true,"href":"https:\/\/stylingagenten.com\/fi\/wp-json\/wp\/v2\/product_cat?post=429092"},{"taxonomy":"product_tag","embeddable":true,"href":"https:\/\/stylingagenten.com\/fi\/wp-json\/wp\/v2\/product_tag?post=429092"},{"taxonomy":"berocket_brand","embeddable":true,"href":"https:\/\/stylingagenten.com\/fi\/wp-json\/wp\/v2\/berocket_brand?post=429092"}],"curies":[{"name":"wp","href":"https:\/\/api.w.org\/{rel}","templated":true}]}}