{"id":429031,"date":"2025-09-18T08:54:50","date_gmt":"2025-09-18T08:54:50","guid":{"rendered":"https:\/\/stylingagenten.com\/fi\/tuote\/moschino-toy-boy-edp-100ml\/"},"modified":"2026-03-11T22:00:24","modified_gmt":"2026-03-11T22:00:24","slug":"moschino-toy-boy-edp-100ml","status":"publish","type":"product","link":"https:\/\/stylingagenten.com\/fi\/tuote\/moschino-toy-boy-edp-100ml\/","title":{"rendered":"Moschino Toy Boy Edp 100ml"},"content":{"rendered":"<p>Moschino Toy Boy EdP on Moschinon uusi ikoninen tuoksu.<br \/>Toy Boy on ainutlaatuinen tuoksu, joka tulkitsee eleganssia ripauksella ironiaa. Se puhuttelee ainutlaatuista, dynaamista, innostunutta ja intohimoista henkil\u00f6\u00e4, joka ei pelk\u00e4\u00e4 n\u00e4ytt\u00e4\u00e4 hell\u00e4\u00e4 ja leikkis\u00e4\u00e4 puoltaan.<\/p>\n<p>Tuoksu koostuu huolellisesti valituista ja upeista vivahteista. Alkutuoksussa kohtaamme italialaista bergamottia, p\u00e4\u00e4ryn\u00e4\u00e4, muskottia, pinkki\u00e4 pippuria ja neilikkaa. Kukkaiset syd\u00e4nvivahteet magnoliasta, ruususta ja pellavankukasta tasapainottuvat cashmeranin kanssa. Pohjatuoksu muodostuu l\u00e4mpimist\u00e4 ambran s\u00e4vyist\u00e4 ja Haitin vetiverist\u00e4.<\/p>\n<p>100ml<\/p>\n","protected":false},"excerpt":{"rendered":"<p>Moschino Toy Boy EdP on Moschinon uusi ikoninen tuoksu.Toy Boy on ainutlaatuinen tuoksu, joka tulkitsee eleganssia ripauksella ironiaa. Se puhuttelee ainutlaatuista, dynaamista, innostunutta ja intohimoista henkil\u00f6\u00e4, joka ei pelk\u00e4\u00e4 n\u00e4ytt\u00e4\u00e4 hell\u00e4\u00e4 ja leikkis\u00e4\u00e4 puoltaan. Tuoksu koostuu huolellisesti valituista ja upeista vivahteista. Alkutuoksussa kohtaamme italialaista bergamottia, p\u00e4\u00e4ryn\u00e4\u00e4, muskottia, pinkki\u00e4 pippuria ja neilikkaa. Kukkaiset syd\u00e4nvivahteet magnoliasta, ruususta [&hellip;]<\/p>\n","protected":false},"featured_media":429028,"comment_status":"open","ping_status":"closed","template":"","meta":{"_trash_the_other_posts":false},"product_brand":[],"product_cat":[708,1000,735],"product_tag":[],"berocket_brand":[1084],"class_list":{"0":"post-429031","1":"product","2":"type-product","3":"status-publish","4":"has-post-thumbnail","6":"product_cat-eau-de-parfum-miesten","7":"product_cat-kampanjatarjous-miehelle","8":"product_cat-kampanjamme","9":"pa_brand-moschino","10":"berocket_brand-moschino","12":"first","13":"instock","14":"sale","15":"taxable","16":"shipping-taxable","17":"purchasable","18":"product-type-simple"},"_links":{"self":[{"href":"https:\/\/stylingagenten.com\/fi\/wp-json\/wp\/v2\/product\/429031","targetHints":{"allow":["GET"]}}],"collection":[{"href":"https:\/\/stylingagenten.com\/fi\/wp-json\/wp\/v2\/product"}],"about":[{"href":"https:\/\/stylingagenten.com\/fi\/wp-json\/wp\/v2\/types\/product"}],"replies":[{"embeddable":true,"href":"https:\/\/stylingagenten.com\/fi\/wp-json\/wp\/v2\/comments?post=429031"}],"version-history":[{"count":0,"href":"https:\/\/stylingagenten.com\/fi\/wp-json\/wp\/v2\/product\/429031\/revisions"}],"wp:featuredmedia":[{"embeddable":true,"href":"https:\/\/stylingagenten.com\/fi\/wp-json\/wp\/v2\/media\/429028"}],"wp:attachment":[{"href":"https:\/\/stylingagenten.com\/fi\/wp-json\/wp\/v2\/media?parent=429031"}],"wp:term":[{"taxonomy":"product_brand","embeddable":true,"href":"https:\/\/stylingagenten.com\/fi\/wp-json\/wp\/v2\/product_brand?post=429031"},{"taxonomy":"product_cat","embeddable":true,"href":"https:\/\/stylingagenten.com\/fi\/wp-json\/wp\/v2\/product_cat?post=429031"},{"taxonomy":"product_tag","embeddable":true,"href":"https:\/\/stylingagenten.com\/fi\/wp-json\/wp\/v2\/product_tag?post=429031"},{"taxonomy":"berocket_brand","embeddable":true,"href":"https:\/\/stylingagenten.com\/fi\/wp-json\/wp\/v2\/berocket_brand?post=429031"}],"curies":[{"name":"wp","href":"https:\/\/api.w.org\/{rel}","templated":true}]}}