{"id":421063,"date":"2025-08-28T21:35:44","date_gmt":"2025-08-28T21:35:44","guid":{"rendered":"https:\/\/staging2.stylingagenten.com\/fi\/tuote\/oscar-de-la-renta-oscar-edt-50ml\/"},"modified":"2026-04-14T07:08:58","modified_gmt":"2026-04-14T07:08:58","slug":"oscar-de-la-renta-oscar-edt-50ml","status":"publish","type":"product","link":"https:\/\/stylingagenten.com\/fi\/tuote\/oscar-de-la-renta-oscar-edt-50ml\/","title":{"rendered":"Oscar de la Renta Oscar Edt 50ml"},"content":{"rendered":"<p>Oscar de la Renta Oscarilla on klassinen kukkaistuoksu. Hajuvesi on voimakkaasti tuoksuva ja erehtym\u00e4tt\u00f6m\u00e4n naisellinen.<\/p>\n<p> <strong>Tuoksutuoksu: <\/strong>bergamotti, neilikka, korianteri, iiris, jasmiini, ruusu, myski, meripihka, vetiveria\u00f6ljy.<\/p>\n","protected":false},"excerpt":{"rendered":"<p>Oscar de la Renta Oscarilla on klassinen kukkaistuoksu. Hajuvesi on voimakkaasti tuoksuva ja erehtym\u00e4tt\u00f6m\u00e4n naisellinen. Tuoksutuoksu: bergamotti, neilikka, korianteri, iiris, jasmiini, ruusu, myski, meripihka, vetiveria\u00f6ljy.<\/p>\n","protected":false},"featured_media":421062,"comment_status":"open","ping_status":"closed","template":"","meta":{"_trash_the_other_posts":false},"product_brand":[],"product_cat":[1003,707],"product_tag":[],"berocket_brand":[1047],"class_list":{"0":"post-421063","1":"product","2":"type-product","3":"status-publish","4":"has-post-thumbnail","6":"product_cat-myydyimmat","7":"product_cat-naisten-eau-de-toilette","8":"pa_brand-oscar-de-la-renta","9":"pa_variantti-50ml","10":"berocket_brand-oscar-de-la-renta","12":"first","13":"instock","14":"sale","15":"taxable","16":"shipping-taxable","17":"purchasable","18":"product-type-simple"},"_links":{"self":[{"href":"https:\/\/stylingagenten.com\/fi\/wp-json\/wp\/v2\/product\/421063","targetHints":{"allow":["GET"]}}],"collection":[{"href":"https:\/\/stylingagenten.com\/fi\/wp-json\/wp\/v2\/product"}],"about":[{"href":"https:\/\/stylingagenten.com\/fi\/wp-json\/wp\/v2\/types\/product"}],"replies":[{"embeddable":true,"href":"https:\/\/stylingagenten.com\/fi\/wp-json\/wp\/v2\/comments?post=421063"}],"version-history":[{"count":0,"href":"https:\/\/stylingagenten.com\/fi\/wp-json\/wp\/v2\/product\/421063\/revisions"}],"wp:featuredmedia":[{"embeddable":true,"href":"https:\/\/stylingagenten.com\/fi\/wp-json\/wp\/v2\/media\/421062"}],"wp:attachment":[{"href":"https:\/\/stylingagenten.com\/fi\/wp-json\/wp\/v2\/media?parent=421063"}],"wp:term":[{"taxonomy":"product_brand","embeddable":true,"href":"https:\/\/stylingagenten.com\/fi\/wp-json\/wp\/v2\/product_brand?post=421063"},{"taxonomy":"product_cat","embeddable":true,"href":"https:\/\/stylingagenten.com\/fi\/wp-json\/wp\/v2\/product_cat?post=421063"},{"taxonomy":"product_tag","embeddable":true,"href":"https:\/\/stylingagenten.com\/fi\/wp-json\/wp\/v2\/product_tag?post=421063"},{"taxonomy":"berocket_brand","embeddable":true,"href":"https:\/\/stylingagenten.com\/fi\/wp-json\/wp\/v2\/berocket_brand?post=421063"}],"curies":[{"name":"wp","href":"https:\/\/api.w.org\/{rel}","templated":true}]}}