{"id":420802,"date":"2025-08-25T10:58:32","date_gmt":"2025-08-25T10:58:32","guid":{"rendered":"https:\/\/staging2.stylingagenten.com\/fi\/tuote\/elizabeth-arden-white-tea-lilac-edt-100ml\/"},"modified":"2026-03-13T10:27:31","modified_gmt":"2026-03-13T10:27:31","slug":"elizabeth-arden-white-tea-lilac-edt-100ml","status":"publish","type":"product","link":"https:\/\/stylingagenten.com\/fi\/tuote\/elizabeth-arden-white-tea-lilac-edt-100ml\/","title":{"rendered":"Elizabeth Arden White Tea Lilac Edt 100ml"},"content":{"rendered":"<p>Elizabeth Arden White Tea Lilac EdT on kukkaistuoksu, joka yhdist\u00e4\u00e4 syreenin herk\u00e4n vieh\u00e4tyksen ja valkoisen teen rauhallisuuden ja eleganssin ilment\u00e4miseksi. Tuoksu avautuu raikkaalla italialaisella mandariinilla ja herk\u00e4ll\u00e4 jasmiini sambacilla. Syd\u00e4ntuoksuna on romanttinen yhdistelm\u00e4 ranskalaista syreeni\u00e4 ja etel\u00e4ist\u00e4 sinisateen kukkaa. Lopuksi tuoksu j\u00e4tt\u00e4\u00e4 pysyv\u00e4n vaikutelman l\u00e4mpimill\u00e4, rauhoittavilla valkoisen puun, tonkapavun ja myskin vivahteilla. Ihanteellinen niille, jotka arvostavat ajattomia ja rauhallisia tuoksuja.<br \/>\n<br \/>100 ml<\/p>\n","protected":false},"excerpt":{"rendered":"<p>Elizabeth Arden White Tea Lilac EdT on kukkaistuoksu, joka yhdist\u00e4\u00e4 syreenin herk\u00e4n vieh\u00e4tyksen ja valkoisen teen rauhallisuuden ja eleganssin ilment\u00e4miseksi. Tuoksu avautuu raikkaalla italialaisella mandariinilla ja herk\u00e4ll\u00e4 jasmiini sambacilla. Syd\u00e4ntuoksuna on romanttinen yhdistelm\u00e4 ranskalaista syreeni\u00e4 ja etel\u00e4ist\u00e4 sinisateen kukkaa. Lopuksi tuoksu j\u00e4tt\u00e4\u00e4 pysyv\u00e4n vaikutelman l\u00e4mpimill\u00e4, rauhoittavilla valkoisen puun, tonkapavun ja myskin vivahteilla. Ihanteellinen niille, jotka [&hellip;]<\/p>\n","protected":false},"featured_media":420786,"comment_status":"open","ping_status":"closed","template":"","meta":{"_trash_the_other_posts":false},"product_brand":[],"product_cat":[999,707,735],"product_tag":[],"berocket_brand":[1303],"class_list":{"0":"post-420802","1":"product","2":"type-product","3":"status-publish","4":"has-post-thumbnail","6":"product_cat-kampanjatarjous-naiselle","7":"product_cat-naisten-eau-de-toilette","8":"product_cat-kampanjamme","9":"pa_brand-elizabeth-arden","10":"berocket_brand-elizabeth-arden","12":"first","13":"instock","14":"sale","15":"taxable","16":"shipping-taxable","17":"purchasable","18":"product-type-simple"},"_links":{"self":[{"href":"https:\/\/stylingagenten.com\/fi\/wp-json\/wp\/v2\/product\/420802","targetHints":{"allow":["GET"]}}],"collection":[{"href":"https:\/\/stylingagenten.com\/fi\/wp-json\/wp\/v2\/product"}],"about":[{"href":"https:\/\/stylingagenten.com\/fi\/wp-json\/wp\/v2\/types\/product"}],"replies":[{"embeddable":true,"href":"https:\/\/stylingagenten.com\/fi\/wp-json\/wp\/v2\/comments?post=420802"}],"version-history":[{"count":0,"href":"https:\/\/stylingagenten.com\/fi\/wp-json\/wp\/v2\/product\/420802\/revisions"}],"wp:featuredmedia":[{"embeddable":true,"href":"https:\/\/stylingagenten.com\/fi\/wp-json\/wp\/v2\/media\/420786"}],"wp:attachment":[{"href":"https:\/\/stylingagenten.com\/fi\/wp-json\/wp\/v2\/media?parent=420802"}],"wp:term":[{"taxonomy":"product_brand","embeddable":true,"href":"https:\/\/stylingagenten.com\/fi\/wp-json\/wp\/v2\/product_brand?post=420802"},{"taxonomy":"product_cat","embeddable":true,"href":"https:\/\/stylingagenten.com\/fi\/wp-json\/wp\/v2\/product_cat?post=420802"},{"taxonomy":"product_tag","embeddable":true,"href":"https:\/\/stylingagenten.com\/fi\/wp-json\/wp\/v2\/product_tag?post=420802"},{"taxonomy":"berocket_brand","embeddable":true,"href":"https:\/\/stylingagenten.com\/fi\/wp-json\/wp\/v2\/berocket_brand?post=420802"}],"curies":[{"name":"wp","href":"https:\/\/api.w.org\/{rel}","templated":true}]}}