{"id":420797,"date":"2025-08-25T10:58:31","date_gmt":"2025-08-25T10:58:31","guid":{"rendered":"https:\/\/staging2.stylingagenten.com\/fi\/tuote\/marc-jacobs-daisy-love-edt-50ml\/"},"modified":"2026-04-08T13:46:49","modified_gmt":"2026-04-08T13:46:49","slug":"marc-jacobs-daisy-love-edt-50ml","status":"publish","type":"product","link":"https:\/\/stylingagenten.com\/fi\/tuote\/marc-jacobs-daisy-love-edt-50ml\/","title":{"rendered":"Marc Jacobs Daisy Love Edt 50ml"},"content":{"rendered":"<p>Marc Jacobs Daisy Love lumoaa kaupungin kadut. H\u00e4n luo oman kauniin ja yll\u00e4tt\u00e4v\u00e4n maailmansa ja kutsuu sinut mukaan taianomaiseen universumiinsa. Vehreilt\u00e4 kukkaniityilt\u00e4 kaupungin puistoihin auringonlaskun aikaan \u2013 h\u00e4n rakentaa maailman, jossa aurinkoiset p\u00e4iv\u00e4t ovat yht\u00e4 ihania kuin viilent\u00e4v\u00e4 pehmytj\u00e4\u00e4tel\u00f6 ja matcha latte. Daisy Love on s\u00e4teilev\u00e4 gourmand-tuoksu, jossa on lakkaa, p\u00e4iv\u00e4nkakkaraa ja vaaleaa puuta.<\/p>\n<p>50ml<\/p>\n","protected":false},"excerpt":{"rendered":"<p>Marc Jacobs Daisy Love lumoaa kaupungin kadut. H\u00e4n luo oman kauniin ja yll\u00e4tt\u00e4v\u00e4n maailmansa ja kutsuu sinut mukaan taianomaiseen universumiinsa. Vehreilt\u00e4 kukkaniityilt\u00e4 kaupungin puistoihin auringonlaskun aikaan \u2013 h\u00e4n rakentaa maailman, jossa aurinkoiset p\u00e4iv\u00e4t ovat yht\u00e4 ihania kuin viilent\u00e4v\u00e4 pehmytj\u00e4\u00e4tel\u00f6 ja matcha latte. Daisy Love on s\u00e4teilev\u00e4 gourmand-tuoksu, jossa on lakkaa, p\u00e4iv\u00e4nkakkaraa ja vaaleaa puuta. 50ml<\/p>\n","protected":false},"featured_media":420783,"comment_status":"open","ping_status":"closed","template":"","meta":{"_trash_the_other_posts":false},"product_brand":[],"product_cat":[999,707,735],"product_tag":[],"berocket_brand":[1069],"class_list":{"0":"post-420797","1":"product","2":"type-product","3":"status-publish","4":"has-post-thumbnail","6":"product_cat-kampanjatarjous-naiselle","7":"product_cat-naisten-eau-de-toilette","8":"product_cat-kampanjamme","9":"pa_brand-marc-jacobs","10":"pa_variantti-50ml","11":"berocket_brand-marc-jacobs","13":"first","14":"instock","15":"sale","16":"taxable","17":"shipping-taxable","18":"purchasable","19":"product-type-simple"},"_links":{"self":[{"href":"https:\/\/stylingagenten.com\/fi\/wp-json\/wp\/v2\/product\/420797","targetHints":{"allow":["GET"]}}],"collection":[{"href":"https:\/\/stylingagenten.com\/fi\/wp-json\/wp\/v2\/product"}],"about":[{"href":"https:\/\/stylingagenten.com\/fi\/wp-json\/wp\/v2\/types\/product"}],"replies":[{"embeddable":true,"href":"https:\/\/stylingagenten.com\/fi\/wp-json\/wp\/v2\/comments?post=420797"}],"version-history":[{"count":0,"href":"https:\/\/stylingagenten.com\/fi\/wp-json\/wp\/v2\/product\/420797\/revisions"}],"wp:featuredmedia":[{"embeddable":true,"href":"https:\/\/stylingagenten.com\/fi\/wp-json\/wp\/v2\/media\/420783"}],"wp:attachment":[{"href":"https:\/\/stylingagenten.com\/fi\/wp-json\/wp\/v2\/media?parent=420797"}],"wp:term":[{"taxonomy":"product_brand","embeddable":true,"href":"https:\/\/stylingagenten.com\/fi\/wp-json\/wp\/v2\/product_brand?post=420797"},{"taxonomy":"product_cat","embeddable":true,"href":"https:\/\/stylingagenten.com\/fi\/wp-json\/wp\/v2\/product_cat?post=420797"},{"taxonomy":"product_tag","embeddable":true,"href":"https:\/\/stylingagenten.com\/fi\/wp-json\/wp\/v2\/product_tag?post=420797"},{"taxonomy":"berocket_brand","embeddable":true,"href":"https:\/\/stylingagenten.com\/fi\/wp-json\/wp\/v2\/berocket_brand?post=420797"}],"curies":[{"name":"wp","href":"https:\/\/api.w.org\/{rel}","templated":true}]}}