{"id":420765,"date":"2025-08-25T10:58:24","date_gmt":"2025-08-25T10:58:24","guid":{"rendered":"https:\/\/staging2.stylingagenten.com\/fi\/tuote\/david-beckham-instinct-edp-75ml\/"},"modified":"2026-04-14T09:49:27","modified_gmt":"2026-04-14T09:49:27","slug":"david-beckham-instinct-edp-75ml","status":"publish","type":"product","link":"https:\/\/stylingagenten.com\/fi\/tuote\/david-beckham-instinct-edp-75ml\/","title":{"rendered":"David Beckham Instinct Edp 75ml"},"content":{"rendered":"<p>David Beckham Fragrances esittelee Instinct-tuoksun \u2013 voimakkaan ja pitk\u00e4kestoisen Eau de Parfumin energiselle miehelle, joka uskaltaa seurata vaistoaan. T\u00e4m\u00e4 vangitseva, maskuliininen sitrustuoksu on saanut inspiraationsa Davidin karismaattisesta persoonasta ja v\u00e4litt\u00e4\u00e4 intensiivisen, dynaamisen tunteen.<\/p>\n<p>Elinvoimainen tuoksu avautuu raikkaalla bergamotin vivahteella. Syd\u00e4ntuoksussa mausteinen kardemumma tuo l\u00e4mmint\u00e4 t\u00e4ytel\u00e4isyytt\u00e4, jota tasapainottavat patchoulin maanl\u00e4heiset s\u00e4vyt. Instinct-hajuvesipullo huokuu hienostunutta eleganssia puhtaalla muotoilullaan.<\/p>\n<p>75ml<\/p>\n","protected":false},"excerpt":{"rendered":"<p>David Beckham Fragrances esittelee Instinct-tuoksun \u2013 voimakkaan ja pitk\u00e4kestoisen Eau de Parfumin energiselle miehelle, joka uskaltaa seurata vaistoaan. T\u00e4m\u00e4 vangitseva, maskuliininen sitrustuoksu on saanut inspiraationsa Davidin karismaattisesta persoonasta ja v\u00e4litt\u00e4\u00e4 intensiivisen, dynaamisen tunteen. Elinvoimainen tuoksu avautuu raikkaalla bergamotin vivahteella. Syd\u00e4ntuoksussa mausteinen kardemumma tuo l\u00e4mmint\u00e4 t\u00e4ytel\u00e4isyytt\u00e4, jota tasapainottavat patchoulin maanl\u00e4heiset s\u00e4vyt. Instinct-hajuvesipullo huokuu hienostunutta eleganssia puhtaalla [&hellip;]<\/p>\n","protected":false},"featured_media":420754,"comment_status":"open","ping_status":"closed","template":"","meta":{"_trash_the_other_posts":false},"product_brand":[],"product_cat":[708],"product_tag":[],"berocket_brand":[1281],"class_list":{"0":"post-420765","1":"product","2":"type-product","3":"status-publish","4":"has-post-thumbnail","6":"product_cat-eau-de-parfum-miesten","7":"pa_brand-david-beckham","8":"berocket_brand-david-beckham","10":"first","11":"instock","12":"sale","13":"taxable","14":"shipping-taxable","15":"purchasable","16":"product-type-simple"},"_links":{"self":[{"href":"https:\/\/stylingagenten.com\/fi\/wp-json\/wp\/v2\/product\/420765","targetHints":{"allow":["GET"]}}],"collection":[{"href":"https:\/\/stylingagenten.com\/fi\/wp-json\/wp\/v2\/product"}],"about":[{"href":"https:\/\/stylingagenten.com\/fi\/wp-json\/wp\/v2\/types\/product"}],"replies":[{"embeddable":true,"href":"https:\/\/stylingagenten.com\/fi\/wp-json\/wp\/v2\/comments?post=420765"}],"version-history":[{"count":0,"href":"https:\/\/stylingagenten.com\/fi\/wp-json\/wp\/v2\/product\/420765\/revisions"}],"wp:featuredmedia":[{"embeddable":true,"href":"https:\/\/stylingagenten.com\/fi\/wp-json\/wp\/v2\/media\/420754"}],"wp:attachment":[{"href":"https:\/\/stylingagenten.com\/fi\/wp-json\/wp\/v2\/media?parent=420765"}],"wp:term":[{"taxonomy":"product_brand","embeddable":true,"href":"https:\/\/stylingagenten.com\/fi\/wp-json\/wp\/v2\/product_brand?post=420765"},{"taxonomy":"product_cat","embeddable":true,"href":"https:\/\/stylingagenten.com\/fi\/wp-json\/wp\/v2\/product_cat?post=420765"},{"taxonomy":"product_tag","embeddable":true,"href":"https:\/\/stylingagenten.com\/fi\/wp-json\/wp\/v2\/product_tag?post=420765"},{"taxonomy":"berocket_brand","embeddable":true,"href":"https:\/\/stylingagenten.com\/fi\/wp-json\/wp\/v2\/berocket_brand?post=420765"}],"curies":[{"name":"wp","href":"https:\/\/api.w.org\/{rel}","templated":true}]}}